{"id":7876,"date":"2026-03-13T08:46:27","date_gmt":"2026-03-13T07:46:27","guid":{"rendered":"https:\/\/gardalaser.it\/prodotto\/puntale-radiale-implantare-monouso-300%c2%b5m-1-pezzo\/"},"modified":"2026-03-13T09:20:19","modified_gmt":"2026-03-13T08:20:19","slug":"ponta-radial-para-implante-descartavel-300%ce%bcm-1-peca","status":"publish","type":"product","link":"https:\/\/gardalaser.it\/pt-pt\/produto\/ponta-radial-para-implante-descartavel-300%ce%bcm-1-peca\/","title":{"rendered":"Ponta radial para implante descart\u00e1vel 300\u03bcm (1 pe\u00e7a)"},"content":{"rendered":"","protected":false},"excerpt":{"rendered":"<p>Ponta radial do implante descart\u00e1vel de 300 \u03bcm (1 pe\u00e7a). <strong>Dispositivo indicado para procedimentos de descontamina\u00e7\u00e3o de implantes<\/strong>. N\u00e3o est\u00e9ril, a esterilizar antes da primeira utiliza\u00e7\u00e3o num autoclave a 121\u00b0C durante 15 minutos (ciclo de borracha).<\/p>\n<p>Tamb\u00e9m \u00e9 poss\u00edvel adquirir, pelo mesmo pre\u00e7o, a ponta radial descart\u00e1vel do implante de 400 \u03bcm (0,4 mm), embalada numa \u00fanica pe\u00e7a, adequada para a descontamina\u00e7\u00e3o das superf\u00edcies do implante no campo dent\u00e1rio.<\/p>\n<p>Em alternativa, est\u00e1 dispon\u00edvel a ponta radial descart\u00e1vel do implante de 600 \u03bcm, tamb\u00e9m embalada numa \u00fanica pe\u00e7a, um dispositivo para uso dent\u00e1rio profissional adequado a procedimentos de implante.<\/p>\n","protected":false},"featured_media":7841,"template":"","meta":{"_acf_changed":false},"product_brand":[],"product_cat":[197],"product_tag":[],"class_list":{"0":"post-7876","1":"product","2":"type-product","3":"status-publish","4":"has-post-thumbnail","6":"tassonomia-enea-pt-pt","7":"tassonomia-enea-duo-pt-pt","8":"tassonomia-enea-trio-pt-pt","9":"tassonomia-ermes-pt-pt","10":"tassonomia-ginecologia","11":"tassonomia-higiene-dentaria","12":"tassonomia-medicina-dentaria","13":"tassonomia-otorinolaringoiatria","14":"tassonomia-podologia","15":"tassonomia-veterinaria","16":"tassonomia-zaira-pt-pt","17":"product_cat-fibras-e-dicas","19":"first","20":"instock","21":"taxable","22":"shipping-taxable","23":"purchasable","24":"product-type-variable"},"acf":[],"_links":{"self":[{"href":"https:\/\/gardalaser.it\/pt-pt\/wp-json\/wp\/v2\/product\/7876","targetHints":{"allow":["GET"]}}],"collection":[{"href":"https:\/\/gardalaser.it\/pt-pt\/wp-json\/wp\/v2\/product"}],"about":[{"href":"https:\/\/gardalaser.it\/pt-pt\/wp-json\/wp\/v2\/types\/product"}],"wp:featuredmedia":[{"embeddable":true,"href":"https:\/\/gardalaser.it\/pt-pt\/wp-json\/wp\/v2\/media\/7841"}],"wp:attachment":[{"href":"https:\/\/gardalaser.it\/pt-pt\/wp-json\/wp\/v2\/media?parent=7876"}],"wp:term":[{"taxonomy":"product_brand","embeddable":true,"href":"https:\/\/gardalaser.it\/pt-pt\/wp-json\/wp\/v2\/product_brand?post=7876"},{"taxonomy":"product_cat","embeddable":true,"href":"https:\/\/gardalaser.it\/pt-pt\/wp-json\/wp\/v2\/product_cat?post=7876"},{"taxonomy":"product_tag","embeddable":true,"href":"https:\/\/gardalaser.it\/pt-pt\/wp-json\/wp\/v2\/product_tag?post=7876"}],"curies":[{"name":"wp","href":"https:\/\/api.w.org\/{rel}","templated":true}]}}