{"id":7760,"date":"2026-03-12T15:31:26","date_gmt":"2026-03-12T14:31:26","guid":{"rendered":"https:\/\/gardalaser.it\/prodotto\/casco-di-sicurezza-per-saldatura-laser-e-lavori-meccaninci-con-protezione-antiabbagliamento-commutabile-adf\/"},"modified":"2026-03-12T15:52:05","modified_gmt":"2026-03-12T14:52:05","slug":"capacete-de-seguranca-para-soldadura-a-laser-e-trabalhos-mecanicos-com-protecao-antirreflexo-comutavel","status":"publish","type":"product","link":"https:\/\/gardalaser.it\/pt-pt\/produto\/capacete-de-seguranca-para-soldadura-a-laser-e-trabalhos-mecanicos-com-protecao-antirreflexo-comutavel\/","title":{"rendered":"Capacete de Soldadura a Laser"},"content":{"rendered":"","protected":false},"excerpt":{"rendered":"<p><strong>Capacete de seguran\u00e7a a laser para lasers port\u00e1teis<\/strong> e para todos os trabalhos de soldadura.<br \/>\nCom prote\u00e7\u00e3o laser permanente e prote\u00e7\u00e3o antiencandeamento autom\u00e1tica comut\u00e1vel (<strong>ADF<\/strong>) para trabalhos de soldadura e mec\u00e2nicos com rebarbadoras angulares<\/p>\n<p>PDF &gt; <a href=\"https:\/\/gardalaser.it\/wp-content\/uploads\/2026\/03\/EG-Konformitatserklarung-MAXIMUS-TROOPER-2025.pdf\" target=\"_blank\" rel=\"noopener\"><strong>Declara\u00e7\u00e3o de Conformidade da UE<\/strong><\/a><br \/>\nPDF &gt; <strong><a href=\"https:\/\/gardalaser.it\/wp-content\/uploads\/2026\/03\/Datenblatt-Helm-Trooper-400-HELM-MAX-TROOPER.pdf\" target=\"_blank\" rel=\"noopener\">Ficha informativa<\/a><br \/>\n<\/strong>PDF &gt; <strong><a href=\"https:\/\/gardalaser.it\/wp-content\/uploads\/2026\/03\/MAXIMUS-Trooper-Informationen_1.76b0f71e.webp\" target=\"_blank\" rel=\"noopener\">MAXIMUS Trooper <\/a><\/strong><\/p>\n<p><strong>Cor: <\/strong>preto\/antracite<\/p>\n<p><strong>Certificado de acordo com a ISO 16321 e EN 207<br \/>\n<\/strong>1000-1100D LB7 + IR LB8 PF CE (OD 8+)<br \/>\n16321 PF W2\/4-8\/8-12 V2 E 1-M<\/p>\n<p><strong>ADF<br \/>\n<\/strong>estado aberto e claro: VLT (A) 19%<br \/>\nProte\u00e7\u00e3o autom\u00e1tica antiencandeamento: tonalidade 4-8\/8-12<br \/>\nTempos de comuta\u00e7\u00e3o ADF r\u00e1pidos de 40 \u00b5s<\/p>\n<p><strong>\u00c1rea vis\u00edvel<br \/>\n<\/strong>Campo de vis\u00e3o: 96 x 46,5 mm<br \/>\nAmplo campo de vis\u00e3o gra\u00e7as \u00e0 curta dist\u00e2ncia entre o olho e o ADF.<\/p>\n<p><strong>Peso<br \/>\n<\/strong>624 g (capacete mais leve)<\/p>\n<p><strong>Caracter\u00edsticas adicionais<br \/>\n<\/strong>Estrutura em alum\u00ednio resistente a altas temperaturas (at\u00e9 600 \u00b0C)<br \/>\nSuporte de cabe\u00e7a flex\u00edvel e ajust\u00e1vel<br \/>\nDesign ergon\u00f3mico<\/p>\n<p>&nbsp;<\/p>\n","protected":false},"featured_media":7717,"template":"","meta":{"_acf_changed":false},"product_brand":[],"product_cat":[315],"product_tag":[],"class_list":{"0":"post-7760","1":"product","2":"type-product","3":"status-publish","4":"has-post-thumbnail","6":"product_cat-industria-transformadora-e-investigacao-e-desenvolvimento","8":"first","9":"instock","10":"taxable","11":"shipping-taxable","12":"purchasable","13":"product-type-simple"},"acf":[],"_links":{"self":[{"href":"https:\/\/gardalaser.it\/pt-pt\/wp-json\/wp\/v2\/product\/7760","targetHints":{"allow":["GET"]}}],"collection":[{"href":"https:\/\/gardalaser.it\/pt-pt\/wp-json\/wp\/v2\/product"}],"about":[{"href":"https:\/\/gardalaser.it\/pt-pt\/wp-json\/wp\/v2\/types\/product"}],"wp:featuredmedia":[{"embeddable":true,"href":"https:\/\/gardalaser.it\/pt-pt\/wp-json\/wp\/v2\/media\/7717"}],"wp:attachment":[{"href":"https:\/\/gardalaser.it\/pt-pt\/wp-json\/wp\/v2\/media?parent=7760"}],"wp:term":[{"taxonomy":"product_brand","embeddable":true,"href":"https:\/\/gardalaser.it\/pt-pt\/wp-json\/wp\/v2\/product_brand?post=7760"},{"taxonomy":"product_cat","embeddable":true,"href":"https:\/\/gardalaser.it\/pt-pt\/wp-json\/wp\/v2\/product_cat?post=7760"},{"taxonomy":"product_tag","embeddable":true,"href":"https:\/\/gardalaser.it\/pt-pt\/wp-json\/wp\/v2\/product_tag?post=7760"}],"curies":[{"name":"wp","href":"https:\/\/api.w.org\/{rel}","templated":true}]}}