{"id":7684,"date":"2026-03-12T14:17:02","date_gmt":"2026-03-12T13:17:02","guid":{"rendered":"https:\/\/gardalaser.it\/prodotto\/occhiali-di-protezione-laser-193nm-248nm-266nm-355nm-532nm-755nm-940nm-980nm-1064nm-10600nm\/"},"modified":"2026-03-12T14:35:17","modified_gmt":"2026-03-12T13:35:17","slug":"oculos-de-seguranca-para-laser-193nm-248nm-266nm-355nm-532nm-755nm-940nm-980nm-1064nm-10600nm","status":"publish","type":"product","link":"https:\/\/gardalaser.it\/pt-pt\/produto\/oculos-de-seguranca-para-laser-193nm-248nm-266nm-355nm-532nm-755nm-940nm-980nm-1064nm-10600nm\/","title":{"rendered":"\u00d3culos de Seguran\u00e7a para Laser 193nm \u2013 248nm \u2013 266nm \u2013 355nm \u2013 532nm \u2013 755nm \u2013 940nm \u2013 980nm \u2013 1064nm \u2013 10600nm"},"content":{"rendered":"<table>\n<tbody>\n<tr>\n<td><strong>Comprimentos de onda<\/strong><\/td>\n<td><strong>N\u00edveis de Prote\u00e7\u00e3o<\/strong><\/td>\n<\/tr>\n<tr>\n<td>180-315<\/td>\n<td>D LB10 + IR LB5 + M LB6Y (OD10+)<\/td>\n<\/tr>\n<tr>\n<td>&gt;315-532<\/td>\n<td>D LB6 + IR LB8 + M LB9 (OD9+)<\/td>\n<\/tr>\n<tr>\n<td>533-538<\/td>\n<td>DIRM LB5 (OD5+)<\/td>\n<\/tr>\n<tr>\n<td>539-542<\/td>\n<td>DIRM LB4 (OD4+)<\/td>\n<\/tr>\n<tr>\n<td>543-545<\/td>\n<td>DIRM LB3 (OD3+)<\/td>\n<\/tr>\n<tr>\n<td>546-550<\/td>\n<td>DIRM LB2 (OD2+)<\/td>\n<\/tr>\n<tr>\n<td>551-558<\/td>\n<td>LB1 DIRM (OD1+)<\/td>\n<\/tr>\n<tr>\n<td>622-648<\/td>\n<td>LB1 DIRM (OD1+)<\/td>\n<\/tr>\n<tr>\n<td>649-660<\/td>\n<td>DIRM LB2 (OD2+)<\/td>\n<\/tr>\n<tr>\n<td>661-696<\/td>\n<td>DIRM LB3 (OD3+)<\/td>\n<\/tr>\n<tr>\n<td>697-711<\/td>\n<td>DIRM LB4 (OD4+)<\/td>\n<\/tr>\n<tr>\n<td>712-719<\/td>\n<td>DIRM LB5 (OD5+)<\/td>\n<\/tr>\n<tr>\n<td>720-722<\/td>\n<td>DIRM LB6 (OD6+)<\/td>\n<\/tr>\n<tr>\n<td>723-734<\/td>\n<td>D LB6 + IR LB7 + M LB7Y (OD7+)<\/td>\n<\/tr>\n<tr>\n<td>735-770<\/td>\n<td>D LB6 + IR LB8 + M LB7Y (OD8+)<\/td>\n<\/tr>\n<tr>\n<td>771-815<\/td>\n<td>DIRM LB6 (OD6+)<\/td>\n<\/tr>\n<tr>\n<td>816-825<\/td>\n<td>D LB6 + IRM LB7 (OD7+)<\/td>\n<\/tr>\n<tr>\n<td>826-839<\/td>\n<td>D LB6 + IRM LB8 (OD8+)<\/td>\n<\/tr>\n<tr>\n<td>840-1080<\/td>\n<td>D LB6 + IRM LB8 (OD8+)<\/td>\n<\/tr>\n<tr>\n<td>950-1065<\/td>\n<td>D LB6 + IRM LB9 (OD9+)<\/td>\n<\/tr>\n<tr>\n<td>1081-1087<\/td>\n<td>DIRM LB6 (OD6+)<\/td>\n<\/tr>\n<tr>\n<td>1088-1098<\/td>\n<td>DIRM LB5 (OD5+)<\/td>\n<\/tr>\n<tr>\n<td>1099-1109<\/td>\n<td>DIRM LB4 (OD4+)<\/td>\n<\/tr>\n<tr>\n<td>1110-1123<\/td>\n<td>DIRM LB3 (OD3+)<\/td>\n<\/tr>\n<tr>\n<td>1124-1141<\/td>\n<td>DIRM LB2 (OD2+)<\/td>\n<\/tr>\n<tr>\n<td>1142-1170<\/td>\n<td>LB1 DIRM (OD1+)<\/td>\n<\/tr>\n<tr>\n<td>4785-5040<\/td>\n<td>LB4+R LB3Y (OD4+)<\/td>\n<\/tr>\n<tr>\n<td>5041-5150<\/td>\n<td>DI LB3+R LB3Y (OD3+)<\/td>\n<\/tr>\n<tr>\n<td>5151-11500<\/td>\n<td>LB4+R LB3Y (OD4+)<\/td>\n<\/tr>\n<tr>\n<td><\/td>\n<td>PF CE<\/td>\n<\/tr>\n<\/tbody>\n<\/table>\n<p>&nbsp;<\/p>\n","protected":false},"excerpt":{"rendered":"<p>O ONTOR \u00e9 um <strong>\u00f3culos leve de seguran\u00e7a a laser, feito de<\/strong> pol\u00edmeros especiais, perfeito para usar sobre \u00f3culos graduados. Esta arma\u00e7\u00e3o oferece um amplo campo de vis\u00e3o e prote\u00e7\u00e3o contra impactos laterais. As t\u00eamporas s\u00e3o ajust\u00e1veis individualmente e uma espuma facial macia e vedada melhora o conforto.<\/p>\n<p>&nbsp;<\/p>\n<p>O <strong>filtro de seguran\u00e7a laser 0273 \u00e9 adequado para muitos lasers na gama de luz IR, como Alexandrit (755 nm), Diode (940-980 nm) e Nd:YAG (1064 nm). Mas o filtro tamb\u00e9m cobre muitos comprimentos de onda dos lasers no setor UV, como Excimer (193 nm), UV (248 nm) e harm\u00f3nico Nd:YAG (266 nm + 355 nm + 532 nm). O filtro de seguran\u00e7a do laser \u00e9 composto por pl\u00e1sticos castanhos especiais e oferece uma transmiss\u00e3o de luz vis\u00edvel (VLT) de 15% e uma espessura reduzida do filtro. O filtro de seguran\u00e7a laser \u00e9 certificado CE de acordo com os requisitos da EN 207.<\/strong><\/p>\n<p>&nbsp;<\/p>\n<p>PDF &gt; <a href=\"https:\/\/gardalaser.it\/wp-content\/uploads\/2026\/03\/Datenblatt-000-K0273-ONTO-54-DE-EN-12.09.2024.pdf\" target=\"_blank\" rel=\"noopener\"><strong>Ficha T\u00e9cnica<\/strong><\/a><\/p>\n<p>PDF &gt; <a href=\"https:\/\/gardalaser.it\/wp-content\/uploads\/2026\/03\/EU-Declaration-of-conformity-Filter-0273.pdf\" target=\"_blank\" rel=\"noopener\"><strong>Declara\u00e7\u00e3o de Conformidade da UE<\/strong><\/a><\/p>\n<p>&nbsp;<\/p>\n<p>Aqui est\u00e1 a tradu\u00e7\u00e3o para o portugu\u00eas, mantendo a estrutura original das tags HTML:<\/p>\n<p><strong>Informa\u00e7\u00f5es:<\/strong><\/p>\n<ul>\n<li>Aplica\u00e7\u00e3o: Excimer (193 nm), UV (248 nm), Nd:YAG 4x (266 nm), Nd:YAG 3x (355 nm), Nd:YAG 2x (532 nm), Alexandrita (755 nm), Diodo (940 \u2013 980 nm), Nd:YAG (1064 nm), CO2 (10600 nm)<\/li>\n<li>VLT (transmiss\u00e3o de luz vis\u00edvel): 15%<\/li>\n<li>Cor do filtro: marrom<\/li>\n<li>Material do filtro: pol\u00edmero<\/li>\n<li>Espessura do filtro: 2,0 mm<\/li>\n<li>Cor da arma\u00e7\u00e3o: preto\/branco<\/li>\n<\/ul>\n<p>&nbsp;<\/p>\n<p><strong>Arma\u00e7\u00e3o de \u00f3culos ONTOR:<\/strong><\/p>\n<ul>\n<li>\u00f3culos esportivos<\/li>\n<li>campo de vis\u00e3o muito amplo<\/li>\n<li>ajuste individual do comprimento e do \u00e2ngulo das hastes<\/li>\n<li>conforto perfeito gra\u00e7as \u00e0 espuma facial emborrachada<\/li>\n<\/ul>\n","protected":false},"featured_media":7660,"template":"","meta":{"_acf_changed":false},"product_brand":[],"product_cat":[192],"product_tag":[],"class_list":{"0":"post-7684","1":"product","2":"type-product","3":"status-publish","4":"has-post-thumbnail","6":"tassonomia-enea-pt-pt","7":"tassonomia-enea-duo-pt-pt","8":"tassonomia-enea-trio-pt-pt","9":"tassonomia-ermes-pt-pt","10":"tassonomia-fisioterapia","11":"tassonomia-ginecologia","12":"tassonomia-higiene-dentaria","13":"tassonomia-l-e-o-plus-pt-pt","14":"tassonomia-medicina-dentaria","15":"tassonomia-otorinolaringoiatria","16":"tassonomia-podologia","17":"tassonomia-veterinaria","18":"tassonomia-zaira-pt-pt","19":"product_cat-oculos-de-protecao-contra-laser","21":"first","22":"instock","23":"taxable","24":"shipping-taxable","25":"purchasable","26":"product-type-simple"},"acf":[],"_links":{"self":[{"href":"https:\/\/gardalaser.it\/pt-pt\/wp-json\/wp\/v2\/product\/7684","targetHints":{"allow":["GET"]}}],"collection":[{"href":"https:\/\/gardalaser.it\/pt-pt\/wp-json\/wp\/v2\/product"}],"about":[{"href":"https:\/\/gardalaser.it\/pt-pt\/wp-json\/wp\/v2\/types\/product"}],"wp:featuredmedia":[{"embeddable":true,"href":"https:\/\/gardalaser.it\/pt-pt\/wp-json\/wp\/v2\/media\/7660"}],"wp:attachment":[{"href":"https:\/\/gardalaser.it\/pt-pt\/wp-json\/wp\/v2\/media?parent=7684"}],"wp:term":[{"taxonomy":"product_brand","embeddable":true,"href":"https:\/\/gardalaser.it\/pt-pt\/wp-json\/wp\/v2\/product_brand?post=7684"},{"taxonomy":"product_cat","embeddable":true,"href":"https:\/\/gardalaser.it\/pt-pt\/wp-json\/wp\/v2\/product_cat?post=7684"},{"taxonomy":"product_tag","embeddable":true,"href":"https:\/\/gardalaser.it\/pt-pt\/wp-json\/wp\/v2\/product_tag?post=7684"}],"curies":[{"name":"wp","href":"https:\/\/api.w.org\/{rel}","templated":true}]}}