{"id":7499,"date":"2026-03-10T16:37:17","date_gmt":"2026-03-10T15:37:17","guid":{"rendered":"https:\/\/gardalaser.it\/prodotto\/occhiali-di-protezione-laser-con-lente-dingrandimento-3x\/"},"modified":"2026-03-12T17:17:39","modified_gmt":"2026-03-12T16:17:39","slug":"oculos-de-seguranca-a-laser-com-lupa-3x","status":"publish","type":"product","link":"https:\/\/gardalaser.it\/pt-pt\/produto\/oculos-de-seguranca-a-laser-com-lupa-3x\/","title":{"rendered":"\u00d3culos de seguran\u00e7a a laser com lupa 3x"},"content":{"rendered":"<p><strong>Lente de Informa\u00e7\u00e3o:<\/strong><\/p>\n<ul>\n<li>Amplia\u00e7\u00e3o: 3.0 x<\/li>\n<li>Dist\u00e2ncia de trabalho: selecion\u00e1vel (especificar quando fazer a encomenda)<\/li>\n<li>Sistema de gorjeta<\/li>\n<\/ul>\n<p>&nbsp;<\/p>\n<p><strong>Quadro de Informa\u00e7\u00e3o: ONTOR<\/strong><\/p>\n<ul>\n<li>\u00d3culos Desportivos<\/li>\n<li>Campo de vis\u00e3o muito amplo<\/li>\n<li>ajuste individual do comprimento e do \u00e2ngulo dos templos<\/li>\n<li>Conforto perfeito gra\u00e7as \u00e0 espuma facial borrachada<\/li>\n<\/ul>\n","protected":false},"excerpt":{"rendered":"<p><strong>Gra\u00e7as aos \u00f3culos de seguran\u00e7a de lupa ONTOR no trabalho ou aos \u00f3culos de prote\u00e7\u00e3o a laser, os tratamentos a laser podem ser realizados com a m\u00e1xima precis\u00e3o.<\/strong><\/p>\n<p><strong>Lupa Magn\u00e9ticaO nosso ampliador magn\u00e9tico com cabe\u00e7a elevada est\u00e1 dispon\u00edvel com uma amplia\u00e7\u00e3o de <\/strong>3x e permite uma dist\u00e2ncia de trabalho de 350 mm. Consiste numa lente de vidro multi-camada de alta qualidade com dist\u00e2ncia interpupilar e \u00e2ngulo de declina\u00e7\u00e3o totalmente ajust\u00e1veis. Gra\u00e7as ao comprovado sistema de clique magn\u00e9tico, a lupa com cabe\u00e7a elevada pode ser usada imediatamente nos nossos modelos ONTOR.<\/p>\n<p><strong>Lupa StarVision Up Extension<\/strong><br \/>\n\u00d3pticas de alta resolu\u00e7\u00e3o proporcionam uma vis\u00e3o brilhante e brilhante. A grande profundidade de campo e a imagem com contornos n\u00edtidos s\u00e3o convincentes. Para uma ilumina\u00e7\u00e3o \u00f3tima do campo de tratamento, a lupa com cabe\u00e7a elevada pode ser equipada com uma luz LED. Gra\u00e7as ao conveniente sistema de inclina\u00e7\u00e3o, a lupa pode ser rodada para cima, garantindo contacto visual com o paciente e flexibilidade para trabalhar na rotina di\u00e1ria de pr\u00e1tica. A desinfe\u00e7\u00e3o \u00e9 poss\u00edvel com um desinfetante h\u00famido e sem \u00e1lcool.<\/p>\n<p><strong>Para prosseguir com a compra e receber o produto finalizado:<\/strong><\/p>\n<ol>\n<li>Contacte a nossa Equipa T\u00e9cnica escrevendo para o endere\u00e7o de e-mail <a href=\"mailto:info@gardalaser.it\">info@gardalaser.it<\/a> ou ligue-nos para o n\u00famero (+39) 0457513554.<\/li>\n<li>Indique-nos os dados do seu dispositivo laser (Comprimento de onda em <em>nm<\/em>, Pot\u00eancia, Grau de prote\u00e7\u00e3o, ficha t\u00e9cnica do equipamento laser, modo de emiss\u00e3o Cont\u00ednua ou Pulsada).<\/li>\n<li>Os nossos especialistas ir\u00e3o avaliar o seu pedido, confirmar a configura\u00e7\u00e3o ideal e proceder \u00e0 montagem dos seus \u00f3culos ONTOR com lentes de aumento 3x.<\/li>\n<\/ol>\n","protected":false},"featured_media":7481,"template":"","meta":{"_acf_changed":false},"product_brand":[],"product_cat":[192],"product_tag":[],"class_list":{"0":"post-7499","1":"product","2":"type-product","3":"status-publish","4":"has-post-thumbnail","6":"tassonomia-enea-pt-pt","7":"tassonomia-enea-duo-pt-pt","8":"tassonomia-enea-trio-pt-pt","9":"tassonomia-ermes-pt-pt","10":"tassonomia-fisioterapia","11":"tassonomia-ginecologia","12":"tassonomia-l-e-o-plus-pt-pt","13":"tassonomia-medicina-dentaria","14":"tassonomia-otorinolaringoiatria","15":"tassonomia-podologia","16":"tassonomia-veterinaria","17":"tassonomia-zaira-pt-pt","18":"product_cat-oculos-de-protecao-contra-laser","20":"first","21":"instock","22":"taxable","23":"shipping-taxable","24":"purchasable","25":"product-type-simple"},"acf":[],"_links":{"self":[{"href":"https:\/\/gardalaser.it\/pt-pt\/wp-json\/wp\/v2\/product\/7499","targetHints":{"allow":["GET"]}}],"collection":[{"href":"https:\/\/gardalaser.it\/pt-pt\/wp-json\/wp\/v2\/product"}],"about":[{"href":"https:\/\/gardalaser.it\/pt-pt\/wp-json\/wp\/v2\/types\/product"}],"wp:featuredmedia":[{"embeddable":true,"href":"https:\/\/gardalaser.it\/pt-pt\/wp-json\/wp\/v2\/media\/7481"}],"wp:attachment":[{"href":"https:\/\/gardalaser.it\/pt-pt\/wp-json\/wp\/v2\/media?parent=7499"}],"wp:term":[{"taxonomy":"product_brand","embeddable":true,"href":"https:\/\/gardalaser.it\/pt-pt\/wp-json\/wp\/v2\/product_brand?post=7499"},{"taxonomy":"product_cat","embeddable":true,"href":"https:\/\/gardalaser.it\/pt-pt\/wp-json\/wp\/v2\/product_cat?post=7499"},{"taxonomy":"product_tag","embeddable":true,"href":"https:\/\/gardalaser.it\/pt-pt\/wp-json\/wp\/v2\/product_tag?post=7499"}],"curies":[{"name":"wp","href":"https:\/\/api.w.org\/{rel}","templated":true}]}}