{"id":7451,"date":"2026-03-10T14:37:15","date_gmt":"2026-03-10T13:37:15","guid":{"rendered":"https:\/\/gardalaser.it\/prodotto\/occhiali-di-protezione-laser-976nm-1064nm-1080nm-1320nm-1470nm-1480nm-1540nm-1940nm-2780nm-2940nm-10600nm\/"},"modified":"2026-03-10T15:26:02","modified_gmt":"2026-03-10T14:26:02","slug":"oculos-de-seguranca-laser-976nm-1064nm-1080nm-1320nm-1470nm-1480nm-1540nm-1940nm-2780nm-2940nm-10600","status":"publish","type":"product","link":"https:\/\/gardalaser.it\/pt-pt\/produto\/oculos-de-seguranca-laser-976nm-1064nm-1080nm-1320nm-1470nm-1480nm-1540nm-1940nm-2780nm-2940nm-10600\/","title":{"rendered":"\u00d3culos de Seguran\u00e7a Laser 976nm \u2013 1064nm \u2013 1080nm \u2013 1320nm \u2013 1470nm \u2013 1480nm \u2013 1540nm \u2013 1940nm \u2013 2780nm \u2013 2940nm \u2013 10600nm"},"content":{"rendered":"<table>\n<tbody>\n<tr>\n<td><strong>\u00a0<\/strong><strong>Comprimentos de onda<\/strong><\/td>\n<td><strong>N\u00edveis de Prote\u00e7\u00e3o<\/strong><\/td>\n<\/tr>\n<tr>\n<td>752-821<\/td>\n<td>LB1 DIRM (OD1+)<\/td>\n<\/tr>\n<tr>\n<td>&gt;821-877<\/td>\n<td>DIRM LB2 (OD2+)<\/td>\n<\/tr>\n<tr>\n<td>&gt;877-925<\/td>\n<td>DIRM LB3 (OD3+)<\/td>\n<\/tr>\n<tr>\n<td>&gt;925-955<\/td>\n<td>DIRM LB4 (OD4+)<\/td>\n<\/tr>\n<tr>\n<td>&gt;955-1046<\/td>\n<td>DIRM LB5 (OD5+)<\/td>\n<\/tr>\n<tr>\n<td>&gt;1046-1079<\/td>\n<td>DIRM LB6 (OD6+)<\/td>\n<\/tr>\n<tr>\n<td>&gt;1079-1400<\/td>\n<td>D LB6 + IR LB7 + M LB6Y (OD7+)<\/td>\n<\/tr>\n<tr>\n<td>&gt;1400-2384<\/td>\n<td>DI LB4 + R LB3Y + M LB4Y (OD4+)<\/td>\n<\/tr>\n<tr>\n<td>&gt;2384-2661<\/td>\n<td>DIM LB3 + R LB3Y (OD3+)<\/td>\n<\/tr>\n<tr>\n<td>&gt;2661-3861<\/td>\n<td>DIRM LB2 (OD2+)<\/td>\n<\/tr>\n<tr>\n<td>&gt;3861-9000<\/td>\n<td>LB3 + RM LB3Y (OD3+)<\/td>\n<\/tr>\n<tr>\n<td>&gt;9000-11000<\/td>\n<td>DI LB4 + R LB3Y + M LB4Y (OD5+)<\/td>\n<\/tr>\n<tr>\n<td><\/td>\n<td>PF CE<\/td>\n<\/tr>\n<\/tbody>\n<\/table>\n","protected":false},"excerpt":{"rendered":"<p>Os \u00f3culos de seguran\u00e7a laser <strong>STARLIGHT X2 <\/strong>s\u00e3o leves e elegantes, com uma arma\u00e7\u00e3o feita de pol\u00edmero especial. A estrutura ultra-leve oferece um excelente ajuste gra\u00e7as \u00e0s t\u00eamporas ajust\u00e1veis individualmente, uma borda de borracha no topo da testa e prote\u00e7\u00e3o lateral adicional gra\u00e7as ao design envolvente.<\/p>\n<p>O filtro de seguran\u00e7a laser 0269 \u00e9 adequado para uma vasta gama de lasers, como Nd:YAG (1064nm), Fibra (976 &#8211; 1080nm), Telecomunica\u00e7\u00f5es (1320nm), Tm: Diodo (1470nm), Thulium (1480+1940nm), Er: Glass (1540nm), Er: YAG (2780 &#8211; 2940nm) e CO2 (10600nm). O filtro de seguran\u00e7a do laser consiste num vidro mineral cinzento claro e tem uma transmiss\u00e3o diurna de aproximadamente 76% em baixa espessura. O filtro de seguran\u00e7a laser \u00e9 certificado CE de acordo com as disposi\u00e7\u00f5es da DIN EN 207.<\/p>\n<p>&nbsp;<\/p>\n<p>PDF &gt;<strong> <a href=\"https:\/\/gardalaser.it\/wp-content\/uploads\/2026\/03\/Scheda-tecnica-LG5006EV-EN.pdf\" target=\"_blank\" rel=\"noopener\">Ficha t\u00e9cnica<\/a><\/strong><\/p>\n<p>PDF &gt; <a href=\"https:\/\/gardalaser.it\/wp-content\/uploads\/2026\/03\/LG5006EV-EU-Declaration-of-conformity-Filter-0269.pdf\" target=\"_blank\" rel=\"noopener\"><strong>Declara\u00e7\u00e3o de Conformidade da UE<\/strong><\/a><\/p>\n<p>&nbsp;<\/p>\n<p><strong>Caracter\u00edsticas:<\/strong><\/p>\n<ul>\n<li>Aplica\u00e7\u00e3o: Nd:YAG (1064 nm), Fibra (976 \u2013 1080 nm), Telecom (1320 nm), Tm:Diodo (1470 nm), T\u00falio (1480 + 1940 nm), Er:vidro (1540 nm), Er:YAG (2780 \u2013 2940 nm), CO2 (10600 nm)<\/li>\n<li>VLT (transmiss\u00e3o de luz vis\u00edvel): 76%<\/li>\n<li>Cor do filtro: cinza claro<\/li>\n<li>Material do filtro: vidro mineral<\/li>\n<li>Espessura do filtro: 3,0 mm<\/li>\n<li>Cor da arma\u00e7\u00e3o: preto<\/li>\n<\/ul>\n<p>&nbsp;<\/p>\n<p><strong>Arma\u00e7\u00e3o para \u00f3culos STARLIGHT X2:<\/strong><\/p>\n<ul>\n<li>pontas das hastes ajust\u00e1veis<\/li>\n<li>plaquetas macias e borda de borracha adicional na zona da testa<\/li>\n<li>lente grande-angular<\/li>\n<li>n\u00edveis de prote\u00e7\u00e3o mais elevados atrav\u00e9s de modifica\u00e7\u00e3o<\/li>\n<\/ul>\n","protected":false},"featured_media":7439,"template":"","meta":{"_acf_changed":false},"product_brand":[],"product_cat":[192],"product_tag":[],"class_list":{"0":"post-7451","1":"product","2":"type-product","3":"status-publish","4":"has-post-thumbnail","6":"tassonomia-enea-pt-pt","7":"tassonomia-enea-duo-pt-pt","8":"tassonomia-enea-trio-pt-pt","9":"tassonomia-ermes-pt-pt","10":"tassonomia-fisioterapia","11":"tassonomia-ginecologia","12":"tassonomia-higiene-dentaria","13":"tassonomia-l-e-o-plus-pt-pt","14":"tassonomia-medicina-dentaria","15":"tassonomia-otorinolaringoiatria","16":"tassonomia-podologia","17":"tassonomia-veterinaria","18":"tassonomia-zaira-pt-pt","19":"product_cat-oculos-de-protecao-contra-laser","21":"first","22":"instock","23":"taxable","24":"shipping-taxable","25":"purchasable","26":"product-type-simple"},"acf":[],"_links":{"self":[{"href":"https:\/\/gardalaser.it\/pt-pt\/wp-json\/wp\/v2\/product\/7451","targetHints":{"allow":["GET"]}}],"collection":[{"href":"https:\/\/gardalaser.it\/pt-pt\/wp-json\/wp\/v2\/product"}],"about":[{"href":"https:\/\/gardalaser.it\/pt-pt\/wp-json\/wp\/v2\/types\/product"}],"wp:featuredmedia":[{"embeddable":true,"href":"https:\/\/gardalaser.it\/pt-pt\/wp-json\/wp\/v2\/media\/7439"}],"wp:attachment":[{"href":"https:\/\/gardalaser.it\/pt-pt\/wp-json\/wp\/v2\/media?parent=7451"}],"wp:term":[{"taxonomy":"product_brand","embeddable":true,"href":"https:\/\/gardalaser.it\/pt-pt\/wp-json\/wp\/v2\/product_brand?post=7451"},{"taxonomy":"product_cat","embeddable":true,"href":"https:\/\/gardalaser.it\/pt-pt\/wp-json\/wp\/v2\/product_cat?post=7451"},{"taxonomy":"product_tag","embeddable":true,"href":"https:\/\/gardalaser.it\/pt-pt\/wp-json\/wp\/v2\/product_tag?post=7451"}],"curies":[{"name":"wp","href":"https:\/\/api.w.org\/{rel}","templated":true}]}}