{"id":7421,"date":"2026-03-10T09:55:11","date_gmt":"2026-03-10T08:55:11","guid":{"rendered":"https:\/\/gardalaser.it\/prodotto\/finestra-di-protezione-laser-940nm-976nm-980nm-1030nm-1064nm-1080nm\/"},"modified":"2026-03-10T10:48:26","modified_gmt":"2026-03-10T09:48:26","slug":"janela-de-protecao-laser-940nm-976nm-980nm-1030nm-1064nm-1080nm","status":"publish","type":"product","link":"https:\/\/gardalaser.it\/pt-pt\/produto\/janela-de-protecao-laser-940nm-976nm-980nm-1030nm-1064nm-1080nm\/","title":{"rendered":"Janela de prote\u00e7\u00e3o laser 940nm &#8211; 976nm &#8211; 980nm &#8211; 1030nm &#8211; 1064nm &#8211; 1080nm"},"content":{"rendered":"<table>\n<tbody>\n<tr>\n<td>\n<table>\n<tbody>\n<tr>\n<td><strong>Comprimentos de onda<\/strong><\/td>\n<td><strong>N\u00edveis de Prote\u00e7\u00e3o<\/strong><\/td>\n<\/tr>\n<tr>\n<td>180-315<\/td>\n<td>D AB8 + IR AB3 (OD10+)<\/td>\n<\/tr>\n<tr>\n<td>&gt;315-370<\/td>\n<td>DIR AB5 (OD10+)<\/td>\n<\/tr>\n<tr>\n<td>&gt;370-380<\/td>\n<td>DIR AB5 (OD7+)<\/td>\n<\/tr>\n<tr>\n<td>&gt;380-395<\/td>\n<td>DIR AB5 (OD6+)<\/td>\n<\/tr>\n<tr>\n<td>&gt;395-440<\/td>\n<td>DIR AB5 (OD5+)<\/td>\n<\/tr>\n<tr>\n<td>&gt;440-455<\/td>\n<td>DIR AB4 (OD4+)<\/td>\n<\/tr>\n<tr>\n<td>&gt;455-465<\/td>\n<td>DIR AB3 (OD3+)<\/td>\n<\/tr>\n<tr>\n<td>&gt;465-480<\/td>\n<td>DIR AB2 (OD2+)<\/td>\n<\/tr>\n<tr>\n<td>&gt;480-495<\/td>\n<td>DIR AB1 (OD1+)<\/td>\n<\/tr>\n<tr>\n<td>&gt;685-755<\/td>\n<td>D AB1 + IR AB1Y (OD1+)<\/td>\n<\/tr>\n<tr>\n<td>&gt;755-800<\/td>\n<td>D AB2 + IR AB2Y (OD2+)<\/td>\n<\/tr>\n<tr>\n<td>&gt;800-830<\/td>\n<td>D AB3 + IR AB3Y (OD3+)<\/td>\n<\/tr>\n<tr>\n<td>&gt;830-852<\/td>\n<td>D AB4 + IR AB4Y (OD4+)<\/td>\n<\/tr>\n<tr>\n<td>&gt;852-872<\/td>\n<td>D AB5 + IR AB5Y (OD5+)<\/td>\n<\/tr>\n<tr>\n<td>&gt;872-892<\/td>\n<td>D AB6 + IR AB6Y (OD6+)<\/td>\n<\/tr>\n<tr>\n<td>&gt;892-905<\/td>\n<td>D AB6 + I AB7Y + R AB6Y (OD7+)<\/td>\n<\/tr>\n<tr>\n<td>&gt;905-930<\/td>\n<td>D AB6 + I AB7Y + R AB6Y (OD8+)<\/td>\n<\/tr>\n<tr>\n<td>&gt;930-975<\/td>\n<td>D AB6 + I AB7Y + R AB6Y (OD9+)<\/td>\n<\/tr>\n<tr>\n<td>&gt;975-1100<\/td>\n<td>D AB6 + I AB7Y + R AB6Y (OD10+)<\/td>\n<\/tr>\n<tr>\n<td>&gt;1100-1120<\/td>\n<td>D AB6 + I AB7Y + R AB6Y (OD9+)<\/td>\n<\/tr>\n<tr>\n<td>&gt;1120-1140<\/td>\n<td>D AB6 + I AB7Y + R AB6Y (OD8+)<\/td>\n<\/tr>\n<tr>\n<td>&gt;1140-1155<\/td>\n<td>D AB6 + I AB7Y + R AB6Y (OD7+)<\/td>\n<\/tr>\n<tr>\n<td>&gt;1155-1185<\/td>\n<td>D AB6 + IR AB6Y (OD6+)<\/td>\n<\/tr>\n<tr>\n<td>&gt;1185-1215<\/td>\n<td>D AB5 + IR AB5Y (OD5+)<\/td>\n<\/tr>\n<tr>\n<td>&gt;1215-1400<\/td>\n<td>D AB4 + IR AB4Y (OD4+)<\/td>\n<\/tr>\n<tr>\n<td>&gt;1400-1735<\/td>\n<td>D AB2 (OD3+)<\/td>\n<\/tr>\n<tr>\n<td>&gt;2930-2990<\/td>\n<td>D AB2 (OD3+)<\/td>\n<\/tr>\n<tr>\n<td>&gt;2990-3000<\/td>\n<td>D AB2 (OD2+)<\/td>\n<\/tr>\n<tr>\n<td>&gt;9000-11000<\/td>\n<td>D AB2 (OD2+)<\/td>\n<\/tr>\n<tr>\n<td><\/td>\n<td>PF CE<\/td>\n<\/tr>\n<\/tbody>\n<\/table>\n<\/td>\n<\/tr>\n<\/tbody>\n<\/table>\n","protected":false},"excerpt":{"rendered":"<p>As janelas de prote\u00e7\u00e3o laser permitem que os seus colaboradores observem com seguran\u00e7a os processos num sistema laser. Quer pretenda integrar janelas de prote\u00e7\u00e3o laser em caixas de m\u00e1quinas ou paredes m\u00f3veis, oferecemos-lhe a prote\u00e7\u00e3o certa e comprovada para o seu sistema laser, o seu equipamento laser e a sua aplica\u00e7\u00e3o laser. Dependendo do n\u00edvel de prote\u00e7\u00e3o desejado ou do tamanho da janela, pode escolher entre janelas de vidro ou de pl\u00e1stico. Para al\u00e9m de uma variedade de tamanhos padr\u00e3o, cortes personalizados tamb\u00e9m s\u00e3o poss\u00edveis gra\u00e7as \u00e0 nossa produ\u00e7\u00e3o interna.<\/p>\n<p>O filtro de prote\u00e7\u00e3o laser 0202 \u00e9 particularmente adequado como prote\u00e7\u00e3o laser para lasers de d\u00edodo (900 &#8211; 1400 nm), Yb:YAG\/disco (1030 nm), fibra (976 &#8211; 1080 nm) e Nd:YAG (1064 nm). No entanto, outros lasers tamb\u00e9m s\u00e3o cobertos pelo filtro. O filtro de seguran\u00e7a do laser \u00e9 feito de um pl\u00e1stico verde especial e tem uma transmiss\u00e3o de luz diurna de aproximadamente 35% com espessura reduzida. O filtro de seguran\u00e7a do laser \u00e9 qualificado de acordo com as normas EN 12254.<\/p>\n<p>&nbsp;<\/p>\n<p>PDF &gt;<a href=\"https:\/\/gardalaser.it\/wp-content\/uploads\/2026\/03\/100-k0202-4-100x200-laser-protection-window-filter-0202-dimensions-100-x-200-mm-thickness-4.0-mm.pdf\" target=\"_blank\" rel=\"noopener\"><strong> Ficha T\u00e9cnica<\/strong><\/a><\/p>\n<p>PDF &gt;<a href=\"https:\/\/gardalaser.it\/wp-content\/uploads\/2026\/03\/EG-Konformitatserklarung-Filter-0202-4-DE-EN-2025.pdf\" target=\"_blank\" rel=\"noopener\"><strong> Declara\u00e7\u00e3o de Conformidade da UE<\/strong><\/a><\/p>\n<p>&nbsp;<\/p>\n<p><strong>Informa\u00e7\u00f5es do Produto<\/strong><\/p>\n<ul>\n<li>Aplica\u00e7\u00e3o: Diodo (940 \u2013 980 nm), Yb:YAG\/Disco (1030 nm), Nd:YAG (1064 nm), Fibra (976 \u2013 1080 nm)<\/li>\n<li>VLT (Transmiss\u00e3o de luz vis\u00edvel): 35%<\/li>\n<li>Cor do filtro: Verde<\/li>\n<li>Material do filtro: Pl\u00e1stico especial<\/li>\n<li>Espessura do filtro: 4,0 mm ou 6,0 mm<\/li>\n<li>Dimens\u00f5es m\u00e1ximas: 1000 x 1800 mm<\/li>\n<\/ul>\n","protected":false},"featured_media":7394,"template":"","meta":{"_acf_changed":false},"product_brand":[],"product_cat":[315],"product_tag":[],"class_list":{"0":"post-7421","1":"product","2":"type-product","3":"status-publish","4":"has-post-thumbnail","6":"product_cat-industria-transformadora-e-investigacao-e-desenvolvimento","8":"first","9":"instock","10":"taxable","11":"shipping-taxable","12":"purchasable","13":"product-type-variable"},"acf":[],"_links":{"self":[{"href":"https:\/\/gardalaser.it\/pt-pt\/wp-json\/wp\/v2\/product\/7421","targetHints":{"allow":["GET"]}}],"collection":[{"href":"https:\/\/gardalaser.it\/pt-pt\/wp-json\/wp\/v2\/product"}],"about":[{"href":"https:\/\/gardalaser.it\/pt-pt\/wp-json\/wp\/v2\/types\/product"}],"wp:featuredmedia":[{"embeddable":true,"href":"https:\/\/gardalaser.it\/pt-pt\/wp-json\/wp\/v2\/media\/7394"}],"wp:attachment":[{"href":"https:\/\/gardalaser.it\/pt-pt\/wp-json\/wp\/v2\/media?parent=7421"}],"wp:term":[{"taxonomy":"product_brand","embeddable":true,"href":"https:\/\/gardalaser.it\/pt-pt\/wp-json\/wp\/v2\/product_brand?post=7421"},{"taxonomy":"product_cat","embeddable":true,"href":"https:\/\/gardalaser.it\/pt-pt\/wp-json\/wp\/v2\/product_cat?post=7421"},{"taxonomy":"product_tag","embeddable":true,"href":"https:\/\/gardalaser.it\/pt-pt\/wp-json\/wp\/v2\/product_tag?post=7421"}],"curies":[{"name":"wp","href":"https:\/\/api.w.org\/{rel}","templated":true}]}}