{"id":7379,"date":"2026-03-10T08:44:58","date_gmt":"2026-03-10T07:44:58","guid":{"rendered":"https:\/\/gardalaser.it\/prodotto\/occhiali-di-protezione-laser-900-nm-1400-nm\/"},"modified":"2026-03-10T10:06:00","modified_gmt":"2026-03-10T09:06:00","slug":"oculos-de-protecao-laser-de-900-nm-a-1400-nm","status":"publish","type":"product","link":"https:\/\/gardalaser.it\/pt-pt\/produto\/oculos-de-protecao-laser-de-900-nm-a-1400-nm\/","title":{"rendered":"\u00d3culos de seguran\u00e7a laser 900 nm \u2013 1400 nm"},"content":{"rendered":"<table>\n<tbody>\n<tr>\n<td><strong>Comprimentos de onda<\/strong><\/td>\n<td><strong>N\u00edveis de Prote\u00e7\u00e3o<\/strong><\/td>\n<\/tr>\n<tr>\n<td>315-450<\/td>\n<td>D LB5 + IR LB6 (OD6+)<\/td>\n<\/tr>\n<tr>\n<td>&gt;450-465<\/td>\n<td>DIR LB5 (OD5+)<\/td>\n<\/tr>\n<tr>\n<td>&gt;465-475<\/td>\n<td>DIR LB4 (OD4+)<\/td>\n<\/tr>\n<tr>\n<td>&gt;475-480<\/td>\n<td>DIR LB3 (OD3+)<\/td>\n<\/tr>\n<tr>\n<td>&gt;480-490<\/td>\n<td>DIR LB2 (OD2+)<\/td>\n<\/tr>\n<tr>\n<td>&gt;490-500<\/td>\n<td>DIR LB1 (OD1+)<\/td>\n<\/tr>\n<tr>\n<td>620-720<\/td>\n<td>DIR LB1 (OD1+)<\/td>\n<\/tr>\n<tr>\n<td>&gt;720-760<\/td>\n<td>DIR LB2 (OD2+)<\/td>\n<\/tr>\n<tr>\n<td>&gt;760-795<\/td>\n<td>DIR LB3 (OD3+)<\/td>\n<\/tr>\n<tr>\n<td>&gt;795-820<\/td>\n<td>DIR LB4 (OD4+)<\/td>\n<\/tr>\n<tr>\n<td>&gt;820-840<\/td>\n<td>DIR LB5 (OD5+)<\/td>\n<\/tr>\n<tr>\n<td>&gt;840-860<\/td>\n<td>DIR LB6 (OD6+)<\/td>\n<\/tr>\n<tr>\n<td>&gt;860-900<\/td>\n<td>D LB6 + IR LB7 (OD7+)<\/td>\n<\/tr>\n<tr>\n<td>&gt;900-1100<\/td>\n<td>D LB6 + IR LB8 (OD8+)<\/td>\n<\/tr>\n<tr>\n<td>&gt;1100-1125<\/td>\n<td>D LB6 + IR LB7 (OD7+)<\/td>\n<\/tr>\n<tr>\n<td>&gt;1125-1165<\/td>\n<td>DIR LB6 (OD6+)<\/td>\n<\/tr>\n<tr>\n<td>&gt;1165-1400<\/td>\n<td>DIR LB5 (OD5+)<\/td>\n<\/tr>\n<tr>\n<td>&gt;1400-1800<\/td>\n<td>DI LB3 + M LB1 (OD3+)<\/td>\n<\/tr>\n<tr>\n<td>2250-2450<\/td>\n<td>DI LB3 + M LB1 (OD3+)<\/td>\n<\/tr>\n<tr>\n<td>2750-3000<\/td>\n<td>DI LB3 + M LB1 (OD3+)<\/td>\n<\/tr>\n<tr>\n<td><\/td>\n<td>PF CE<\/td>\n<\/tr>\n<\/tbody>\n<\/table>\n<p>&nbsp;<\/p>\n","protected":false},"excerpt":{"rendered":"<p>COVERLIGHT \u00e9 um <strong>\u00f3culos moderno de seguran\u00e7a a laser com uma arma\u00e7\u00e3o feita de liga de alum\u00ednio leve<\/strong> com revestimento. Gra\u00e7as \u00e0 arma\u00e7\u00e3o macia e flex\u00edvel, feita de uma borracha especial, estes \u00f3culos s\u00e3o completamente selados e oferecem m\u00e1xima prote\u00e7\u00e3o. A arma\u00e7\u00e3o de borracha \u00e9 f\u00e1cil de limpar e pode ser substitu\u00edda se necess\u00e1rio, garantindo uma ventila\u00e7\u00e3o ideal que previne o embaciamento dos \u00f3culos. \u00d3culos de seguran\u00e7a a laser podem ser usados sobre \u00f3culos graduados e a faixa el\u00e1stica ajust\u00e1vel proporciona conforto \u00f3timo mesmo para longos per\u00edodos de trabalho.<\/p>\n<p>O <strong>filtro de seguran\u00e7a para laser 0206<\/strong> \u00e9 particularmente adequado para <strong>lasers de d\u00edodo (940 nm), lasers de disco (1030 nm),<\/strong> <strong>Nd:YAG (1064 nm), lasers de fibra (976 &#8211; 1080 nm)<\/strong> e <strong>lasers de telecomunica\u00e7\u00f5es (1320 nm), <\/strong>\u00a0mas tamb\u00e9m cobre outros comprimentos de onda laser. O filtro de seguran\u00e7a do laser \u00e9 feito de pl\u00e1stico especial verde e oferece uma transmiss\u00e3o de luz vis\u00edvel (VLT) de aproximadamente 20%. O filtro de seguran\u00e7a laser \u00e9 <strong>certificado CE<\/strong> de acordo com os requisitos da <strong>EN 207 e<\/strong> est\u00e1 dispon\u00edvel em diferentes montagens.<\/p>\n<p>&nbsp;<\/p>\n<p>PDF &gt;<strong> <a href=\"https:\/\/gardalaser.it\/wp-content\/uploads\/2026\/03\/Datenblatt-000-K0206-COVE-01-DE-EN-10.09.2024.pdf\" target=\"_blank\" rel=\"noopener\">Ficha T\u00e9cnica<\/a><\/strong><\/p>\n<p>PDF &gt;<strong> <a href=\"https:\/\/gardalaser.it\/wp-content\/uploads\/2026\/03\/EU-Declaration-of-conformity-Filter-0206.pdf\" target=\"_blank\" rel=\"noopener\">Declara\u00e7\u00e3o de Conformidade da UE<\/a><\/strong><\/p>\n<p>&nbsp;<\/p>\n<p><strong>Informa\u00e7\u00f5es sobre o produto<\/strong><\/p>\n<ul>\n<li>Aplica\u00e7\u00e3o: Diodo-Nd:YAG (900 \u2013 1400 nm)<\/li>\n<li>VLT (transmiss\u00e3o de luz vis\u00edvel): 20%<\/li>\n<li>Cor do filtro: verde<\/li>\n<li>Material do Filtro: Pol\u00edmero<\/li>\n<li>Espessura do filtro: 3,5 mm<\/li>\n<li>Cor do quadro: preto<\/li>\n<\/ul>\n<p>&nbsp;<\/p>\n<p><strong>Arma\u00e7\u00e3o de \u00f3culos COVERLIGHT:<\/strong><\/p>\n<ul>\n<li>Design moderno<\/li>\n<li>Quadro leve de liga de alum\u00ednio (revestido)<\/li>\n<li>Veda\u00e7\u00e3o completa gra\u00e7as ao rolamento borrachado (substitu\u00edvel)<\/li>\n<li>Uma ventila\u00e7\u00e3o \u00f3tima previne o embaciamento dos \u00f3culos<\/li>\n<li>El\u00e1stico ajust\u00e1vel (substitu\u00edvel)<\/li>\n<li>Pode ser usado em vez de \u00f3culos graduados<\/li>\n<\/ul>\n","protected":false},"featured_media":7355,"template":"","meta":{"_acf_changed":false},"product_brand":[],"product_cat":[315],"product_tag":[],"class_list":{"0":"post-7379","1":"product","2":"type-product","3":"status-publish","4":"has-post-thumbnail","6":"product_cat-industria-transformadora-e-investigacao-e-desenvolvimento","8":"first","9":"instock","10":"taxable","11":"shipping-taxable","12":"purchasable","13":"product-type-simple"},"acf":[],"_links":{"self":[{"href":"https:\/\/gardalaser.it\/pt-pt\/wp-json\/wp\/v2\/product\/7379","targetHints":{"allow":["GET"]}}],"collection":[{"href":"https:\/\/gardalaser.it\/pt-pt\/wp-json\/wp\/v2\/product"}],"about":[{"href":"https:\/\/gardalaser.it\/pt-pt\/wp-json\/wp\/v2\/types\/product"}],"wp:featuredmedia":[{"embeddable":true,"href":"https:\/\/gardalaser.it\/pt-pt\/wp-json\/wp\/v2\/media\/7355"}],"wp:attachment":[{"href":"https:\/\/gardalaser.it\/pt-pt\/wp-json\/wp\/v2\/media?parent=7379"}],"wp:term":[{"taxonomy":"product_brand","embeddable":true,"href":"https:\/\/gardalaser.it\/pt-pt\/wp-json\/wp\/v2\/product_brand?post=7379"},{"taxonomy":"product_cat","embeddable":true,"href":"https:\/\/gardalaser.it\/pt-pt\/wp-json\/wp\/v2\/product_cat?post=7379"},{"taxonomy":"product_tag","embeddable":true,"href":"https:\/\/gardalaser.it\/pt-pt\/wp-json\/wp\/v2\/product_tag?post=7379"}],"curies":[{"name":"wp","href":"https:\/\/api.w.org\/{rel}","templated":true}]}}