{"id":7343,"date":"2026-03-09T09:08:41","date_gmt":"2026-03-09T08:08:41","guid":{"rendered":"https:\/\/gardalaser.it\/prodotto\/puntale-massaggi-a-scorrimento-per-manipolo-terapia-laser\/"},"modified":"2026-03-09T09:45:53","modified_gmt":"2026-03-09T08:45:53","slug":"ponta-de-massagem-deslizante-para-peca-de-mao-de-terapia-laser","status":"publish","type":"product","link":"https:\/\/gardalaser.it\/pt-pt\/produto\/ponta-de-massagem-deslizante-para-peca-de-mao-de-terapia-laser\/","title":{"rendered":"Dica de massagem deslizante"},"content":{"rendered":"<p>Ciclo de ferro autoclav\u00e1vel a 134\u00b0 C durante 4 minutos<\/p>\n","protected":false},"excerpt":{"rendered":"<p>Ponta de massagem que pode ser usada com <a href=\"https:\/\/gardalaser.it\/pt-pt\/produto\/peca-de-mao-para-terapia-multifuncional\/\">\u00a0a M\u00e1quina de Terapia Multifuncional<\/a>, concebida para expandir a efic\u00e1cia dos tratamentos a laser gra\u00e7as \u00e0 lente deslizante especial, que permite uma difus\u00e3o homog\u00e9nea da energia numa \u00e1rea de superf\u00edcie superior\u00a0 a <strong>6 cm\u00b2<\/strong>.<\/p>\n<p>Ideal para tratamentos em grandes \u00e1reas, este acess\u00f3rio permite combinar a a\u00e7\u00e3o terap\u00eautica do laser com um movimento fluido e controlado, melhorando o conforto do paciente e otimizando os tempos de trabalho.<\/p>\n<p>Perfeito para profissionais que desejam tratamentos mais r\u00e1pidos, eficazes e confort\u00e1veis, mantendo elevados padr\u00f5es de precis\u00e3o e seguran\u00e7a.<\/p>\n","protected":false},"featured_media":7320,"template":"","meta":{"_acf_changed":false},"product_brand":[],"product_cat":[194],"product_tag":[],"class_list":{"0":"post-7343","1":"product","2":"type-product","3":"status-publish","4":"has-post-thumbnail","6":"tassonomia-enea-pt-pt","7":"tassonomia-enea-duo-pt-pt","8":"tassonomia-enea-trio-pt-pt","9":"tassonomia-ermes-pt-pt","10":"tassonomia-ginecologia","11":"tassonomia-higiene-dentaria","12":"tassonomia-medicina-dentaria","13":"tassonomia-otorinolaringoiatria","14":"tassonomia-podologia","15":"tassonomia-veterinaria","16":"product_cat-pecas-de-mao-para-terapia","18":"first","19":"instock","20":"taxable","21":"shipping-taxable","22":"purchasable","23":"product-type-simple"},"acf":[],"_links":{"self":[{"href":"https:\/\/gardalaser.it\/pt-pt\/wp-json\/wp\/v2\/product\/7343","targetHints":{"allow":["GET"]}}],"collection":[{"href":"https:\/\/gardalaser.it\/pt-pt\/wp-json\/wp\/v2\/product"}],"about":[{"href":"https:\/\/gardalaser.it\/pt-pt\/wp-json\/wp\/v2\/types\/product"}],"wp:featuredmedia":[{"embeddable":true,"href":"https:\/\/gardalaser.it\/pt-pt\/wp-json\/wp\/v2\/media\/7320"}],"wp:attachment":[{"href":"https:\/\/gardalaser.it\/pt-pt\/wp-json\/wp\/v2\/media?parent=7343"}],"wp:term":[{"taxonomy":"product_brand","embeddable":true,"href":"https:\/\/gardalaser.it\/pt-pt\/wp-json\/wp\/v2\/product_brand?post=7343"},{"taxonomy":"product_cat","embeddable":true,"href":"https:\/\/gardalaser.it\/pt-pt\/wp-json\/wp\/v2\/product_cat?post=7343"},{"taxonomy":"product_tag","embeddable":true,"href":"https:\/\/gardalaser.it\/pt-pt\/wp-json\/wp\/v2\/product_tag?post=7343"}],"curies":[{"name":"wp","href":"https:\/\/api.w.org\/{rel}","templated":true}]}}