{"id":6585,"date":"2025-03-27T15:15:56","date_gmt":"2025-03-27T14:15:56","guid":{"rendered":"https:\/\/gardalaser.it\/prodotto\/puntale-terapia-big-5-cm\/"},"modified":"2025-03-27T15:36:12","modified_gmt":"2025-03-27T14:36:12","slug":"ponta-de-terapia-grande-5-cm","status":"publish","type":"product","link":"https:\/\/gardalaser.it\/pt-pt\/produto\/ponta-de-terapia-grande-5-cm\/","title":{"rendered":"Ponta de terapia grande 5 cm"},"content":{"rendered":"<p>Ciclo de borracha autoclav\u00e1vel 121\u00b0 C durante 15 minutos<\/p>\n","protected":false},"excerpt":{"rendered":"<p>Ponta adequada para aplica\u00e7\u00f5es terap\u00eauticas em fisioterapia, medicina dent\u00e1ria, otorrinolaringologia, podologia, medicina veterin\u00e1ria.<\/p>\n<p>Terminal com espa\u00e7ador para a\u00e7\u00e3o laser concentrada em 5 cm2 que s\u00f3 pode ser utilizado com a pe\u00e7a de m\u00e3o de <a href=\"https:\/\/gardalaser.it\/pt-pt\/produto\/peca-de-mao-para-terapia-multifuncional\/\" target=\"_blank\" rel=\"noopener\">terapia multifun\u00e7\u00f5es BH9014<\/a>.<\/p>\n","protected":false},"featured_media":6568,"template":"","meta":{"_acf_changed":false},"product_brand":[],"product_cat":[194],"product_tag":[],"class_list":{"0":"post-6585","1":"product","2":"type-product","3":"status-publish","4":"has-post-thumbnail","6":"tassonomia-enea-pt-pt","7":"tassonomia-enea-duo-pt-pt","8":"tassonomia-enea-trio-pt-pt","9":"tassonomia-ermes-pt-pt","10":"tassonomia-fisioterapia","11":"tassonomia-higiene-dentaria","12":"tassonomia-medicina-dentaria","13":"tassonomia-otorinolaringoiatria","14":"tassonomia-podologia","15":"tassonomia-zaira-pt-pt","16":"product_cat-pecas-de-mao-para-terapia","18":"first","19":"instock","20":"taxable","21":"shipping-taxable","22":"purchasable","23":"product-type-simple"},"acf":[],"_links":{"self":[{"href":"https:\/\/gardalaser.it\/pt-pt\/wp-json\/wp\/v2\/product\/6585","targetHints":{"allow":["GET"]}}],"collection":[{"href":"https:\/\/gardalaser.it\/pt-pt\/wp-json\/wp\/v2\/product"}],"about":[{"href":"https:\/\/gardalaser.it\/pt-pt\/wp-json\/wp\/v2\/types\/product"}],"wp:featuredmedia":[{"embeddable":true,"href":"https:\/\/gardalaser.it\/pt-pt\/wp-json\/wp\/v2\/media\/6568"}],"wp:attachment":[{"href":"https:\/\/gardalaser.it\/pt-pt\/wp-json\/wp\/v2\/media?parent=6585"}],"wp:term":[{"taxonomy":"product_brand","embeddable":true,"href":"https:\/\/gardalaser.it\/pt-pt\/wp-json\/wp\/v2\/product_brand?post=6585"},{"taxonomy":"product_cat","embeddable":true,"href":"https:\/\/gardalaser.it\/pt-pt\/wp-json\/wp\/v2\/product_cat?post=6585"},{"taxonomy":"product_tag","embeddable":true,"href":"https:\/\/gardalaser.it\/pt-pt\/wp-json\/wp\/v2\/product_tag?post=6585"}],"curies":[{"name":"wp","href":"https:\/\/api.w.org\/{rel}","templated":true}]}}