{"id":6552,"date":"2025-03-17T11:15:01","date_gmt":"2025-03-17T10:15:01","guid":{"rendered":"https:\/\/gardalaser.it\/prodotto\/puntale-massaggiante-per-terapia-laser-5-cm\/"},"modified":"2025-03-17T17:05:24","modified_gmt":"2025-03-17T16:05:24","slug":"ponta-de-massagem-para-terapia-a-laser-5-cm","status":"publish","type":"product","link":"https:\/\/gardalaser.it\/pt-pt\/produto\/ponta-de-massagem-para-terapia-a-laser-5-cm\/","title":{"rendered":"Ponta de massagem grande 5 cm"},"content":{"rendered":"<p>Ciclo de borracha autoclav\u00e1vel 121\u00b0 C durante 15 minutos<\/p>\n","protected":false},"excerpt":{"rendered":"<p>Ponta de laser para massagem adequada para aplica\u00e7\u00f5es terap\u00eauticas em fisioterapia, medicina dent\u00e1ria, otorrinolaringologia, podologia e medicina veterin\u00e1ria.<\/p>\n<p><strong>Ponta de massagem com lente de safira<\/strong> para uma a\u00e7\u00e3o laser difusa sobre 5 cm2 que s\u00f3 pode ser utilizada com a <a href=\"https:\/\/gardalaser.it\/pt-pt\/produto\/peca-de-mao-para-terapia-multifuncional\/\" target=\"_blank\" rel=\"noopener\">pe\u00e7a de m\u00e3o de terapia multifun\u00e7\u00f5es BH9014<\/a>.<\/p>\n","protected":false},"featured_media":6534,"template":"","meta":{"_acf_changed":false},"product_brand":[],"product_cat":[194],"product_tag":[],"class_list":{"0":"post-6552","1":"product","2":"type-product","3":"status-publish","4":"has-post-thumbnail","6":"tassonomia-enea-pt-pt","7":"tassonomia-enea-duo-pt-pt","8":"tassonomia-enea-trio-pt-pt","9":"tassonomia-ermes-pt-pt","10":"tassonomia-fisioterapia","11":"tassonomia-higiene-dentaria","12":"tassonomia-medicina-dentaria","13":"tassonomia-otorinolaringoiatria","14":"tassonomia-podologia","15":"tassonomia-veterinaria","16":"tassonomia-zaira-pt-pt","17":"product_cat-pecas-de-mao-para-terapia","19":"first","20":"instock","21":"taxable","22":"shipping-taxable","23":"purchasable","24":"product-type-simple"},"acf":[],"_links":{"self":[{"href":"https:\/\/gardalaser.it\/pt-pt\/wp-json\/wp\/v2\/product\/6552","targetHints":{"allow":["GET"]}}],"collection":[{"href":"https:\/\/gardalaser.it\/pt-pt\/wp-json\/wp\/v2\/product"}],"about":[{"href":"https:\/\/gardalaser.it\/pt-pt\/wp-json\/wp\/v2\/types\/product"}],"wp:featuredmedia":[{"embeddable":true,"href":"https:\/\/gardalaser.it\/pt-pt\/wp-json\/wp\/v2\/media\/6534"}],"wp:attachment":[{"href":"https:\/\/gardalaser.it\/pt-pt\/wp-json\/wp\/v2\/media?parent=6552"}],"wp:term":[{"taxonomy":"product_brand","embeddable":true,"href":"https:\/\/gardalaser.it\/pt-pt\/wp-json\/wp\/v2\/product_brand?post=6552"},{"taxonomy":"product_cat","embeddable":true,"href":"https:\/\/gardalaser.it\/pt-pt\/wp-json\/wp\/v2\/product_cat?post=6552"},{"taxonomy":"product_tag","embeddable":true,"href":"https:\/\/gardalaser.it\/pt-pt\/wp-json\/wp\/v2\/product_tag?post=6552"}],"curies":[{"name":"wp","href":"https:\/\/api.w.org\/{rel}","templated":true}]}}