{"id":6458,"date":"2025-03-07T09:53:20","date_gmt":"2025-03-07T08:53:20","guid":{"rendered":"https:\/\/gardalaser.it\/prodotto\/occhiali-di-protezione-laser-hoogles-veterinari-per-grandi-dimensioni-180-11000nm\/"},"modified":"2025-03-07T11:40:10","modified_gmt":"2025-03-07T10:40:10","slug":"oculos-de-protecao-contra-laser-veterinario-hoogles-para-tamanhos-grandes-180-11000nm","status":"publish","type":"product","link":"https:\/\/gardalaser.it\/pt-pt\/produto\/oculos-de-protecao-contra-laser-veterinario-hoogles-para-tamanhos-grandes-180-11000nm\/","title":{"rendered":"\u00d3culos de prote\u00e7\u00e3o contra laser veterin\u00e1rio Hoogles para tamanhos grandes, 180-11000nm"},"content":{"rendered":"<p><strong>Descri\u00e7\u00e3o<\/strong><\/p>\n<p>&#8211; Mate<\/p>\n<p>&#8211; Cor: branco\/preto<\/p>\n<p>&#8211; Fecho: velcro<\/p>\n<p>&nbsp;<\/p>\n<table>\n<tbody>\n<tr>\n<td>Comprimentos de onda (nm)<\/td>\n<td>N\u00edveis de prote\u00e7\u00e3o<\/td>\n<\/tr>\n<tr>\n<td>180 &#8211; 315<\/td>\n<td>(OD8+)<\/td>\n<\/tr>\n<tr>\n<td>&gt; 315 &#8211; 1050<\/td>\n<td>(OD8+)<\/td>\n<\/tr>\n<tr>\n<td>&gt; 1050 &#8211; 1400<\/td>\n<td>(OD4+)<\/td>\n<\/tr>\n<tr>\n<td>&gt; 1400 &#8211; 11000<\/td>\n<td>(OD3+)<\/td>\n<\/tr>\n<\/tbody>\n<\/table>\n","protected":false},"excerpt":{"rendered":"<p>Protege o cavalo durante os tratamentos laser, sendo adequada para todas as aplica\u00e7\u00f5es laser entre 180 nm e 11000 nm.<\/p>\n<p>As m\u00e1scaras para cavalos est\u00e3o dispon\u00edveis em diferentes tamanhos para p\u00f3neis, cavalos pequenos e animais de sangue quente e sangue frio e tamb\u00e9m podem ser utilizadas para outros animais de grande porte, por exemplo, vacas. O material de prote\u00e7\u00e3o laser integrado cobre comprimentos de onda de 180 nm a 11000 nm. A m\u00e1scara de prote\u00e7\u00e3o contra laser \u00e9 aplicada ao animal como uma m\u00e1scara normal para moscas. Os fechos de velcro e uma abertura para a cabe\u00e7a garantem um ajuste perfeito. O acolchoamento no interior da m\u00e1scara de prote\u00e7\u00e3o aumenta o conforto e evita fric\u00e7\u00f5es durante o tratamento veterin\u00e1rio.<\/p>\n<p><a href=\"https:\/\/gardalaser.it\/wp-content\/uploads\/2025\/03\/Scheda-Tecnica-ENG-PDF.pdf\" target=\"_blank\" rel=\"noopener\">ver PDF<\/a><\/p>\n","protected":false},"featured_media":6434,"template":"","meta":{"_acf_changed":false},"product_brand":[],"product_cat":[199],"product_tag":[],"class_list":{"0":"post-6458","1":"product","2":"type-product","3":"status-publish","4":"has-post-thumbnail","6":"tassonomia-enea-pt-pt","7":"tassonomia-enea-duo-pt-pt","8":"tassonomia-enea-trio-pt-pt","9":"tassonomia-ermes-pt-pt","10":"tassonomia-veterinaria","11":"tassonomia-zaira-pt-pt","12":"product_cat-home-care-vet-pt-pt","14":"first","15":"instock","16":"taxable","17":"shipping-taxable","18":"purchasable","19":"product-type-variable"},"acf":[],"_links":{"self":[{"href":"https:\/\/gardalaser.it\/pt-pt\/wp-json\/wp\/v2\/product\/6458","targetHints":{"allow":["GET"]}}],"collection":[{"href":"https:\/\/gardalaser.it\/pt-pt\/wp-json\/wp\/v2\/product"}],"about":[{"href":"https:\/\/gardalaser.it\/pt-pt\/wp-json\/wp\/v2\/types\/product"}],"wp:featuredmedia":[{"embeddable":true,"href":"https:\/\/gardalaser.it\/pt-pt\/wp-json\/wp\/v2\/media\/6434"}],"wp:attachment":[{"href":"https:\/\/gardalaser.it\/pt-pt\/wp-json\/wp\/v2\/media?parent=6458"}],"wp:term":[{"taxonomy":"product_brand","embeddable":true,"href":"https:\/\/gardalaser.it\/pt-pt\/wp-json\/wp\/v2\/product_brand?post=6458"},{"taxonomy":"product_cat","embeddable":true,"href":"https:\/\/gardalaser.it\/pt-pt\/wp-json\/wp\/v2\/product_cat?post=6458"},{"taxonomy":"product_tag","embeddable":true,"href":"https:\/\/gardalaser.it\/pt-pt\/wp-json\/wp\/v2\/product_tag?post=6458"}],"curies":[{"name":"wp","href":"https:\/\/api.w.org\/{rel}","templated":true}]}}