{"id":4722,"date":"2024-09-17T09:43:17","date_gmt":"2024-09-17T07:43:17","guid":{"rendered":"https:\/\/gardalaser.it\/prodotto\/occhiali-di-protezione-per-laser-810nm-940nm-980nm-1064nm\/"},"modified":"2024-09-19T15:18:47","modified_gmt":"2024-09-19T13:18:47","slug":"oculos-de-protecao-contra-laser-810nm-940nm-980nm-1064nm","status":"publish","type":"product","link":"https:\/\/gardalaser.it\/pt-pt\/produto\/oculos-de-protecao-contra-laser-810nm-940nm-980nm-1064nm\/","title":{"rendered":"\u00d3culos de prote\u00e7\u00e3o contra laser 810nm &#8211; 940nm &#8211; 980nm &#8211; 1064nm"},"content":{"rendered":"<table>\n<tbody>\n<tr>\n<td><strong>Comprimentos de onda<\/strong><\/td>\n<td><strong>N\u00edveis de prote\u00e7\u00e3o<\/strong><\/td>\n<\/tr>\n<tr>\n<td><strong>180-315<\/strong><\/td>\n<td><strong>D LB10 + IR LB5 + M LB6Y (OD10+)<\/strong><\/td>\n<\/tr>\n<tr>\n<td><strong>&gt;315-380<\/strong><\/td>\n<td><strong>D LB6 + I LB7 + RM LB8 (OD8+)<\/strong><\/td>\n<\/tr>\n<tr>\n<td><strong>&gt;380-420<\/strong><\/td>\n<td><strong>D LB5 + IRM LB6 (OD6+)<\/strong><\/td>\n<\/tr>\n<tr>\n<td>421-438<\/td>\n<td>DIRM LB4 (OD4+)<\/td>\n<\/tr>\n<tr>\n<td>439-451<\/td>\n<td>DIRM LB2 (OD2+)<\/td>\n<\/tr>\n<tr>\n<td>452-461<\/td>\n<td>DIRM LB1 (OD1+)<\/td>\n<\/tr>\n<tr>\n<td>695-740<\/td>\n<td>DIRM LB1 (OD1+)<\/td>\n<\/tr>\n<tr>\n<td>741-804<\/td>\n<td>DIRM LB2 (OD2+)<\/td>\n<\/tr>\n<tr>\n<td>805-840<\/td>\n<td>DIRM LB4 (OD4+)<\/td>\n<\/tr>\n<tr>\n<td><strong>&gt;840-890<\/strong><\/td>\n<td><strong>DIRM LB5 (OD5+)<\/strong><\/td>\n<\/tr>\n<tr>\n<td><strong>&gt;890-940<\/strong><\/td>\n<td><strong>DIRM LB6 (OD6+)<\/strong><\/td>\n<\/tr>\n<tr>\n<td><strong>&gt;940-1070<\/strong><\/td>\n<td><strong>D LB6 + I LB7 + RM LB8 (OD8+)<\/strong><\/td>\n<\/tr>\n<tr>\n<td><strong>970-1065<\/strong><\/td>\n<td><strong>D LB6 + I LB7 + R LB8 + M LB9 (OD9+)<\/strong><\/td>\n<\/tr>\n<tr>\n<td><strong>1071-1080<\/strong><\/td>\n<td><strong>DIRM LB6 (OD6+)<\/strong><\/td>\n<\/tr>\n<tr>\n<td>1081-1100<\/td>\n<td>DIRM LB4 (OD4+)<\/td>\n<\/tr>\n<tr>\n<td>1101-1132<\/td>\n<td>DIRM LB2 (OD2+)<\/td>\n<\/tr>\n<tr>\n<td>&gt;1132-1160<\/td>\n<td>DIRM LB1 (OD1+)<\/td>\n<\/tr>\n<tr>\n<td>5170-11500<\/td>\n<td>DI LB4 + R LB3Y (OD4+)<\/td>\n<\/tr>\n<tr>\n<td><\/td>\n<td>PF C<strong>N\u00edveis de prote\u00e7\u00e3o<\/strong><\/td>\n<\/tr>\n<\/tbody>\n<\/table>\n","protected":false},"excerpt":{"rendered":"<p>ONTOR \u00e9 um <strong>\u00f3culos de seguran\u00e7a laser<\/strong> leve feito de pol\u00edmeros especiais, uma solu\u00e7\u00e3o perfeita para usar por cima de \u00f3culos graduados. Esta arma\u00e7\u00e3o oferece um amplo campo de vis\u00e3o e prote\u00e7\u00e3o contra impactos laterais. As hastes podem ser ajustadas individualmente e uma espuma facial macia e <strong>hermeticamente<\/strong> fechada melhora o conforto de utiliza\u00e7\u00e3o.<\/p>\n<p>O <strong>filtro de seguran\u00e7a para laser 0282<\/strong> \u00e9 particularmente adequado para <strong>lasers de exc\u00edmero (193 nm), UV (248 nm), Nd:YAG 4x (266 nm), Nd:YAG 3x (355 nm), d\u00edodo (808 nm), d\u00edodo (940 nm), disco (1030 nm), Nd:YAG (1064 nm), fibra (976 &#8211; 1080 nm)<\/strong> e CO2 <strong>(10600 nm), <\/strong>mas tamb\u00e9m cobre outros comprimentos de onda <strong>.<\/strong> O filtro de seguran\u00e7a para laser \u00e9 feito de um pl\u00e1stico verde especial e oferece uma transmiss\u00e3o visual da luz (VLT) superior a 63% e uma espessura de filtro inferior. O filtro de prote\u00e7\u00e3o contra laser tem <strong>certifica\u00e7\u00e3o CE<\/strong>, em conformidade com os requisitos da <strong>norma EN 207<\/strong><\/p>\n<p><a href=\"https:\/\/gardalaser.it\/wp-content\/uploads\/2024\/09\/LG5006I-Soluzione-B.pdf\"><strong>FICHA DE DADOS T\u00c9CNICOS<\/strong><\/a><\/p>\n<p><strong>Informa\u00e7\u00f5es:<\/strong><\/p>\n<ul>\n<li>Aplica\u00e7\u00e3o: Excimer (193 nm), UV (248 nm), Nd:YAG 4x (266 nm), Nd:YAG 3x (355 nm), Diodo-Nd:YAG (800-1064 nm), Faser (976 &#8211; 1080 nm), CO2 (10600 nm)<\/li>\n<li>VLT (transmiss\u00e3o de luz vis\u00edvel): 63%.<\/li>\n<li>Cor do filtro: verde<\/li>\n<li>Material do filtro: pol\u00edmero<\/li>\n<li>Espessura do filtro: 2,0 mm<\/li>\n<li>Cor da arma\u00e7\u00e3o: preto\/branco<\/li>\n<\/ul>\n<p>&nbsp;<\/p>\n<p><strong>Arma\u00e7\u00e3o para \u00f3culos ONTOR:<\/strong><\/p>\n<ul>\n<li>\u00f3culos de desporto<\/li>\n<li>campo de vis\u00e3o muito amplo<\/li>\n<li>regula\u00e7\u00e3o individual do comprimento e do \u00e2ngulo das hastes<\/li>\n<li>conforto perfeito gra\u00e7as \u00e0 espuma facial em borracha<\/li>\n<\/ul>\n","protected":false},"featured_media":4472,"template":"","meta":{"_acf_changed":false},"product_brand":[],"product_cat":[192],"product_tag":[],"class_list":{"0":"post-4722","1":"product","2":"type-product","3":"status-publish","4":"has-post-thumbnail","6":"tassonomia-enea-pt-pt","7":"tassonomia-enea-duo-pt-pt","8":"tassonomia-enea-trio-pt-pt","9":"tassonomia-ermes-pt-pt","10":"tassonomia-fisioterapia","11":"tassonomia-ginecologia","12":"tassonomia-higiene-dentaria","13":"tassonomia-l-e-o-plus-pt-pt","14":"tassonomia-medicina-dentaria","15":"tassonomia-otorinolaringoiatria","16":"tassonomia-podologia","17":"tassonomia-veterinaria","18":"tassonomia-zaira-pt-pt","19":"product_cat-oculos-de-protecao-contra-laser","21":"first","22":"instock","23":"taxable","24":"shipping-taxable","25":"purchasable","26":"product-type-simple"},"acf":[],"_links":{"self":[{"href":"https:\/\/gardalaser.it\/pt-pt\/wp-json\/wp\/v2\/product\/4722","targetHints":{"allow":["GET"]}}],"collection":[{"href":"https:\/\/gardalaser.it\/pt-pt\/wp-json\/wp\/v2\/product"}],"about":[{"href":"https:\/\/gardalaser.it\/pt-pt\/wp-json\/wp\/v2\/types\/product"}],"wp:featuredmedia":[{"embeddable":true,"href":"https:\/\/gardalaser.it\/pt-pt\/wp-json\/wp\/v2\/media\/4472"}],"wp:attachment":[{"href":"https:\/\/gardalaser.it\/pt-pt\/wp-json\/wp\/v2\/media?parent=4722"}],"wp:term":[{"taxonomy":"product_brand","embeddable":true,"href":"https:\/\/gardalaser.it\/pt-pt\/wp-json\/wp\/v2\/product_brand?post=4722"},{"taxonomy":"product_cat","embeddable":true,"href":"https:\/\/gardalaser.it\/pt-pt\/wp-json\/wp\/v2\/product_cat?post=4722"},{"taxonomy":"product_tag","embeddable":true,"href":"https:\/\/gardalaser.it\/pt-pt\/wp-json\/wp\/v2\/product_tag?post=4722"}],"curies":[{"name":"wp","href":"https:\/\/api.w.org\/{rel}","templated":true}]}}