{"id":4720,"date":"2024-09-17T09:31:00","date_gmt":"2024-09-17T07:31:00","guid":{"rendered":"https:\/\/gardalaser.it\/prodotto\/occhialini-ciechi-di-protezione-per-i-pazienti\/"},"modified":"2024-09-19T15:16:10","modified_gmt":"2024-09-19T13:16:10","slug":"oculos-de-protecao-para-cegos","status":"publish","type":"product","link":"https:\/\/gardalaser.it\/pt-pt\/produto\/oculos-de-protecao-para-cegos\/","title":{"rendered":"\u00d3culos de prote\u00e7\u00e3o para cegos"},"content":{"rendered":"<table>\n<tbody>\n<tr>\n<td><strong>Comprimentos de onda<\/strong><\/td>\n<td><strong>N\u00edveis de prote\u00e7\u00e3o<\/strong><\/td>\n<\/tr>\n<tr>\n<td>180-315<\/td>\n<td>D LB10 + IR LB5 (OD10+)<\/td>\n<\/tr>\n<tr>\n<td>&gt;315-1400<\/td>\n<td>D LB7 + I LB9 + R LB8 + M LB10 (OD10+)<\/td>\n<\/tr>\n<tr>\n<td>&gt;1400-11000<\/td>\n<td>DI LB5 (OD5+)<\/td>\n<\/tr>\n<tr>\n<td><\/td>\n<td>PF S CE<\/td>\n<\/tr>\n<\/tbody>\n<\/table>\n","protected":false},"excerpt":{"rendered":"<p><strong>\u00d3culos de prote\u00e7\u00e3o do doente<\/strong> para quase todos os lasers\/comprimentos de onda, fabricados em a\u00e7o inoxid\u00e1vel com material de superf\u00edcie opaco e antirreflexo para m\u00e1xima seguran\u00e7a. Grande conforto de utiliza\u00e7\u00e3o gra\u00e7as \u00e0 banda de cabe\u00e7a regul\u00e1vel de forma vari\u00e1vel.<\/p>\n<p>As almofadas de borracha adicionais no aro garantem uma ader\u00eancia firme e confort\u00e1vel.<\/p>\n<ul>\n<li>Aplica\u00e7\u00e3o:<strong>\u00f3culos de prote\u00e7\u00e3o<\/strong> do doente (<strong>\u00f3culos de prote\u00e7\u00e3o ocular<\/strong>) para quase todos os lasers\/comprimentos de onda<\/li>\n<li>Material: a\u00e7o inoxid\u00e1vel, superf\u00edcie antirreflexo (mate)<\/li>\n<li>Cor: prateado<\/li>\n<li>com aro de silicone turquesa para maior conforto, mais 1 par de reserva inclu\u00eddo<\/li>\n<\/ul>\n<p>Inclu\u00eddo no fornecimento: \u00f3culos de prote\u00e7\u00e3o, aros para os olhos (4x), cord\u00e3o preto ajust\u00e1vel em comprimento, estojo de pl\u00e1stico r\u00edgido, manual de instru\u00e7\u00f5es<\/p>\n<p><a href=\"https:\/\/gardalaser.it\/wp-content\/uploads\/2024\/09\/600-allround-20-patient-protection-eyewear-allround-color-silver.pdf\"><strong>Ver t\u00e9cnicos<\/strong><\/a><\/p>\n","protected":false},"featured_media":4467,"template":"","meta":{"_acf_changed":false},"product_brand":[],"product_cat":[207],"product_tag":[],"class_list":{"0":"post-4720","1":"product","2":"type-product","3":"status-publish","4":"has-post-thumbnail","6":"tassonomia-enea-pt-pt","7":"tassonomia-enea-duo-pt-pt","8":"tassonomia-enea-trio-pt-pt","9":"tassonomia-ermes-pt-pt","10":"tassonomia-estetica","11":"tassonomia-fisioterapia","12":"tassonomia-higiene-dentaria","13":"tassonomia-l-e-o-plus-pt-pt","14":"tassonomia-medicina-dentaria","15":"tassonomia-otorinolaringoiatria","16":"tassonomia-zaira-pt-pt","17":"product_cat-protecao-dos-olhos","19":"first","20":"instock","21":"taxable","22":"shipping-taxable","23":"purchasable","24":"product-type-simple"},"acf":[],"_links":{"self":[{"href":"https:\/\/gardalaser.it\/pt-pt\/wp-json\/wp\/v2\/product\/4720","targetHints":{"allow":["GET"]}}],"collection":[{"href":"https:\/\/gardalaser.it\/pt-pt\/wp-json\/wp\/v2\/product"}],"about":[{"href":"https:\/\/gardalaser.it\/pt-pt\/wp-json\/wp\/v2\/types\/product"}],"wp:featuredmedia":[{"embeddable":true,"href":"https:\/\/gardalaser.it\/pt-pt\/wp-json\/wp\/v2\/media\/4467"}],"wp:attachment":[{"href":"https:\/\/gardalaser.it\/pt-pt\/wp-json\/wp\/v2\/media?parent=4720"}],"wp:term":[{"taxonomy":"product_brand","embeddable":true,"href":"https:\/\/gardalaser.it\/pt-pt\/wp-json\/wp\/v2\/product_brand?post=4720"},{"taxonomy":"product_cat","embeddable":true,"href":"https:\/\/gardalaser.it\/pt-pt\/wp-json\/wp\/v2\/product_cat?post=4720"},{"taxonomy":"product_tag","embeddable":true,"href":"https:\/\/gardalaser.it\/pt-pt\/wp-json\/wp\/v2\/product_tag?post=4720"}],"curies":[{"name":"wp","href":"https:\/\/api.w.org\/{rel}","templated":true}]}}