{"id":4706,"date":"2024-09-16T10:49:05","date_gmt":"2024-09-16T08:49:05","guid":{"rendered":"https:\/\/gardalaser.it\/prodotto\/protezioni-oculari-monouso-ipl\/"},"modified":"2026-01-08T15:50:45","modified_gmt":"2026-01-08T14:50:45","slug":"protecao-ocular-descartavel-ipl","status":"publish","type":"product","link":"https:\/\/gardalaser.it\/pt-pt\/produto\/protecao-ocular-descartavel-ipl\/","title":{"rendered":"Prote\u00e7\u00e3o ocular descart\u00e1vel IPL"},"content":{"rendered":"<ul>\n<li>50 pares por embalagem<\/li>\n<li>Cor: cinzento<\/li>\n<li>Norma aplicada e harmonizada: ISO 12609-1:2013<\/li>\n<\/ul>\n","protected":false},"excerpt":{"rendered":"<p><strong>Prote\u00e7\u00e3o do paciente durante os tratamentos IPL.<\/strong><br \/>\nAs nossas almofadas de prote\u00e7\u00e3o <strong>ocular hipoalerg\u00e9nicas<\/strong> e <strong>sem l\u00e1tex<\/strong> oferecem ao doente uma prote\u00e7\u00e3o ocular \u00e0 prova de luz durante o tratamento. A forma plana simplifica o manuseamento nas \u00e1reas tratadas do rosto. As sobrancelhas e as t\u00eamporas do paciente permanecem livremente acess\u00edveis para o tratamento. A \u00e1rea de contacto ligeiramente adesiva permite uma coloca\u00e7\u00e3o e remo\u00e7\u00e3o indolores. Al\u00e9m disso, a aba simplifica a remo\u00e7\u00e3o ap\u00f3s o tratamento. As almofadas de prote\u00e7\u00e3o ocular descart\u00e1veis s\u00e3o certificadas de acordo com as normas europeias.<\/p>\n<p><a href=\"https:\/\/gardalaser.it\/wp-content\/uploads\/2024\/09\/600-iplp-50-g-ipl-disposable-eyeshields.pdf\"><strong>Ver t\u00e9cnicos<\/strong><\/a><\/p>\n","protected":false},"featured_media":4420,"template":"","meta":{"_acf_changed":false},"product_brand":[],"product_cat":[207],"product_tag":[],"class_list":{"0":"post-4706","1":"product","2":"type-product","3":"status-publish","4":"has-post-thumbnail","6":"tassonomia-enea-pt-pt","7":"tassonomia-enea-duo-pt-pt","8":"tassonomia-enea-trio-pt-pt","9":"tassonomia-ermes-pt-pt","10":"tassonomia-estetica","11":"tassonomia-higiene-dentaria","12":"tassonomia-l-e-o-plus-pt-pt","13":"tassonomia-medicina-dentaria","14":"tassonomia-otorinolaringoiatria","15":"tassonomia-zaira-pt-pt","16":"product_cat-protecao-dos-olhos","18":"first","19":"instock","20":"taxable","21":"shipping-taxable","22":"purchasable","23":"product-type-simple"},"acf":[],"_links":{"self":[{"href":"https:\/\/gardalaser.it\/pt-pt\/wp-json\/wp\/v2\/product\/4706","targetHints":{"allow":["GET"]}}],"collection":[{"href":"https:\/\/gardalaser.it\/pt-pt\/wp-json\/wp\/v2\/product"}],"about":[{"href":"https:\/\/gardalaser.it\/pt-pt\/wp-json\/wp\/v2\/types\/product"}],"wp:featuredmedia":[{"embeddable":true,"href":"https:\/\/gardalaser.it\/pt-pt\/wp-json\/wp\/v2\/media\/4420"}],"wp:attachment":[{"href":"https:\/\/gardalaser.it\/pt-pt\/wp-json\/wp\/v2\/media?parent=4706"}],"wp:term":[{"taxonomy":"product_brand","embeddable":true,"href":"https:\/\/gardalaser.it\/pt-pt\/wp-json\/wp\/v2\/product_brand?post=4706"},{"taxonomy":"product_cat","embeddable":true,"href":"https:\/\/gardalaser.it\/pt-pt\/wp-json\/wp\/v2\/product_cat?post=4706"},{"taxonomy":"product_tag","embeddable":true,"href":"https:\/\/gardalaser.it\/pt-pt\/wp-json\/wp\/v2\/product_tag?post=4706"}],"curies":[{"name":"wp","href":"https:\/\/api.w.org\/{rel}","templated":true}]}}