{"id":4704,"date":"2024-09-16T10:06:55","date_gmt":"2024-09-16T08:06:55","guid":{"rendered":"https:\/\/gardalaser.it\/prodotto\/protezioni-oculari-monouso-laser-e-led\/"},"modified":"2024-09-19T15:01:16","modified_gmt":"2024-09-19T13:01:16","slug":"protecao-ocular-descartavel-para-laser-e-led","status":"publish","type":"product","link":"https:\/\/gardalaser.it\/pt-pt\/produto\/protecao-ocular-descartavel-para-laser-e-led\/","title":{"rendered":"Prote\u00e7\u00e3o ocular descart\u00e1vel para laser e LED"},"content":{"rendered":"<ul>\n<li>25 pares por embalagem<\/li>\n<li>cor branca<\/li>\n<li>tamb\u00e9m adequado para IPL<\/li>\n<li>Normas aplicadas e harmonizadas: EN 207:2017<\/li>\n<\/ul>\n","protected":false},"excerpt":{"rendered":"<p><strong>Prote\u00e7\u00e3o do paciente durante os tratamentos a laser e LED.<\/strong><br \/>\nAs nossas almofadas de prote\u00e7\u00e3o ocular hipoalerg\u00e9nicas e sem l\u00e1tex oferecem ao paciente uma prote\u00e7\u00e3o ocular \u00e0 prova de luz durante o tratamento. A forma plana simplifica o manuseamento nas \u00e1reas faciais tratadas. As sobrancelhas e as t\u00eamporas do paciente permanecem livremente acess\u00edveis para o tratamento. A \u00e1rea de contacto ligeiramente adesiva permite uma coloca\u00e7\u00e3o e remo\u00e7\u00e3o indolores. Para al\u00e9m disso, a aba simplifica a remo\u00e7\u00e3o ap\u00f3s o tratamento. As almofadas de prote\u00e7\u00e3o ocular descart\u00e1veis s\u00e3o certificadas de acordo com as normas europeias.<\/p>\n<p><a href=\"https:\/\/gardalaser.it\/wp-content\/uploads\/2024\/09\/600-lasp-25-n-tk-laser-led-disposable-eyeshields.pdf\"><strong>Ver t\u00e9cnicos<\/strong><\/a><\/p>\n<p>&nbsp;<\/p>\n","protected":false},"featured_media":4406,"template":"","meta":{"_acf_changed":false},"product_brand":[],"product_cat":[207],"product_tag":[],"class_list":{"0":"post-4704","1":"product","2":"type-product","3":"status-publish","4":"has-post-thumbnail","6":"tassonomia-enea-pt-pt","7":"tassonomia-enea-duo-pt-pt","8":"tassonomia-enea-trio-pt-pt","9":"tassonomia-ermes-pt-pt","10":"tassonomia-estetica","11":"tassonomia-fisioterapia","12":"tassonomia-higiene-dentaria","13":"tassonomia-l-e-o-plus-pt-pt","14":"tassonomia-otorinolaringoiatria","15":"tassonomia-podologia","16":"tassonomia-zaira-pt-pt","17":"product_cat-protecao-dos-olhos","19":"first","20":"instock","21":"taxable","22":"shipping-taxable","23":"purchasable","24":"product-type-simple"},"acf":[],"_links":{"self":[{"href":"https:\/\/gardalaser.it\/pt-pt\/wp-json\/wp\/v2\/product\/4704","targetHints":{"allow":["GET"]}}],"collection":[{"href":"https:\/\/gardalaser.it\/pt-pt\/wp-json\/wp\/v2\/product"}],"about":[{"href":"https:\/\/gardalaser.it\/pt-pt\/wp-json\/wp\/v2\/types\/product"}],"wp:featuredmedia":[{"embeddable":true,"href":"https:\/\/gardalaser.it\/pt-pt\/wp-json\/wp\/v2\/media\/4406"}],"wp:attachment":[{"href":"https:\/\/gardalaser.it\/pt-pt\/wp-json\/wp\/v2\/media?parent=4704"}],"wp:term":[{"taxonomy":"product_brand","embeddable":true,"href":"https:\/\/gardalaser.it\/pt-pt\/wp-json\/wp\/v2\/product_brand?post=4704"},{"taxonomy":"product_cat","embeddable":true,"href":"https:\/\/gardalaser.it\/pt-pt\/wp-json\/wp\/v2\/product_cat?post=4704"},{"taxonomy":"product_tag","embeddable":true,"href":"https:\/\/gardalaser.it\/pt-pt\/wp-json\/wp\/v2\/product_tag?post=4704"}],"curies":[{"name":"wp","href":"https:\/\/api.w.org\/{rel}","templated":true}]}}