{"id":4700,"date":"2024-03-11T11:26:53","date_gmt":"2024-03-11T10:26:53","guid":{"rendered":"https:\/\/gardalaser.it\/prodotto\/occhiali-di-protezione-per-laser-635nm\/"},"modified":"2024-09-19T14:51:05","modified_gmt":"2024-09-19T12:51:05","slug":"oculos-de-protecao-para-lasers-de-635nm","status":"publish","type":"product","link":"https:\/\/gardalaser.it\/pt-pt\/produto\/oculos-de-protecao-para-lasers-de-635nm\/","title":{"rendered":"\u00d3culos de prote\u00e7\u00e3o para lasers de 635nm"},"content":{"rendered":"<p><strong>Informa\u00e7\u00f5es sobre o produto<\/strong><\/p>\n<ul>\n<li>Aplica\u00e7\u00e3o: D\u00edodo (630 &#8211; 660 nm), He:Ne (633 nm)<\/li>\n<li>VLT (transmiss\u00e3o de luz vis\u00edvel): 40%.<\/li>\n<li>Cor do filtro: azul<\/li>\n<li>Material do filtro: pl\u00e1stico especial<\/li>\n<li>Espessura do filtro: 2,0 mm<\/li>\n<li>Cor da arma\u00e7\u00e3o: preto\/branco<\/li>\n<\/ul>\n<p><strong>Arma\u00e7\u00e3o para \u00f3culos ONTOR:<\/strong><\/p>\n<ul>\n<li>\u00d3culos de sol desportivos como modelo de lente \u00fanica<\/li>\n<li>campo de vis\u00e3o muito amplo<\/li>\n<li>Ajuste perfeito gra\u00e7as aos suportes flex\u00edveis e regul\u00e1veis em comprimento<\/li>\n<li>Conforto agrad\u00e1vel gra\u00e7as ao revestimento de borracha na zona da testa<\/li>\n<\/ul>\n<p>&nbsp;<\/p>\n<table>\n<tbody>\n<tr>\n<td><strong>Comprimentos de onda (nm)<\/strong><\/td>\n<td><strong>N\u00edveis de prote\u00e7\u00e3o<\/strong><\/td>\n<\/tr>\n<tr>\n<td>585-605<\/td>\n<td>DIR LB1 (OD1+)<\/td>\n<\/tr>\n<tr>\n<td>&gt;605-616<\/td>\n<td>DIR LB2 (OD2+)<\/td>\n<\/tr>\n<tr>\n<td>&gt;616-621<\/td>\n<td>DIR LB3 (OD3+)<\/td>\n<\/tr>\n<tr>\n<td>&gt;621-624<\/td>\n<td>DIR LB4 (OD4+)<\/td>\n<\/tr>\n<tr>\n<td><strong>&gt;624-666<\/strong><\/td>\n<td><strong>D LB4 + IR LB5 (OD5+)<\/strong><\/td>\n<\/tr>\n<tr>\n<td>&gt;666-680<\/td>\n<td>DIR LB4 (OD4+)<\/td>\n<\/tr>\n<tr>\n<td><strong>&gt;680-720<\/strong><\/td>\n<td><strong>D LB4 + IR LB5 (OD5+)<\/strong><\/td>\n<\/tr>\n<tr>\n<td><\/td>\n<td>PFCE<\/td>\n<\/tr>\n<\/tbody>\n<\/table>\n","protected":false},"excerpt":{"rendered":"<p><strong>Os \u00f3culos de prote\u00e7\u00e3o contra laser ONTOR s\u00e3o \u00f3culos de prote\u00e7\u00e3o contra laser<\/strong> leves e vers\u00e1teis, constitu\u00eddos por uma arma\u00e7\u00e3o de pl\u00e1stico, ideais como \u00f3culos de prote\u00e7\u00e3o para utilizadores de \u00f3culos. A arma\u00e7\u00e3o oferece um campo de vis\u00e3o muito amplo e uma ampla cobertura lateral, com um excelente conforto de utiliza\u00e7\u00e3o gra\u00e7as \u00e0s hastes flex\u00edveis, ajust\u00e1veis em comprimento e inclina\u00e7\u00e3o, e ao <strong>acolchoamento<\/strong> especial <strong>de borracha macia<\/strong> na zona da testa.<\/p>\n<p>O <strong>filtro de prote\u00e7\u00e3o contra laser 0340<\/strong> \u00e9 adequado para os seguintes lasers: <strong>lasers He:Ne (633 nm)<\/strong> e <strong>lasers de d\u00edodos (650 nm)<\/strong>. O filtro de prote\u00e7\u00e3o contra laser \u00e9 feito de um pl\u00e1stico azul especial e convence com uma transmiss\u00e3o da luz do dia de aproximadamente 40% e uma espessura reduzida. O filtro de prote\u00e7\u00e3o contra laser tem <strong>certifica\u00e7\u00e3o CE de<\/strong> acordo com a <strong>norma EN 207.<\/strong><\/p>\n<p><a href=\"https:\/\/gardalaser.it\/wp-content\/uploads\/2024\/03\/DB-000-K0340-ONTO-DE-EN.pdf\"><strong>Ver PDF<\/strong><\/a><\/p>\n<p>&nbsp;<\/p>\n","protected":false},"featured_media":3600,"template":"","meta":{"_acf_changed":false},"product_brand":[],"product_cat":[192],"product_tag":[],"class_list":{"0":"post-4700","1":"product","2":"type-product","3":"status-publish","4":"has-post-thumbnail","6":"tassonomia-enea-duo-pt-pt","7":"tassonomia-enea-trio-pt-pt","8":"tassonomia-ermes-pt-pt","9":"tassonomia-fisioterapia","10":"tassonomia-ginecologia","11":"tassonomia-medicina-dentaria","12":"tassonomia-otorinolaringoiatria","13":"tassonomia-podologia","14":"tassonomia-veterinaria","15":"product_cat-oculos-de-protecao-contra-laser","17":"first","18":"instock","19":"taxable","20":"shipping-taxable","21":"purchasable","22":"product-type-simple"},"acf":[],"_links":{"self":[{"href":"https:\/\/gardalaser.it\/pt-pt\/wp-json\/wp\/v2\/product\/4700","targetHints":{"allow":["GET"]}}],"collection":[{"href":"https:\/\/gardalaser.it\/pt-pt\/wp-json\/wp\/v2\/product"}],"about":[{"href":"https:\/\/gardalaser.it\/pt-pt\/wp-json\/wp\/v2\/types\/product"}],"wp:featuredmedia":[{"embeddable":true,"href":"https:\/\/gardalaser.it\/pt-pt\/wp-json\/wp\/v2\/media\/3600"}],"wp:attachment":[{"href":"https:\/\/gardalaser.it\/pt-pt\/wp-json\/wp\/v2\/media?parent=4700"}],"wp:term":[{"taxonomy":"product_brand","embeddable":true,"href":"https:\/\/gardalaser.it\/pt-pt\/wp-json\/wp\/v2\/product_brand?post=4700"},{"taxonomy":"product_cat","embeddable":true,"href":"https:\/\/gardalaser.it\/pt-pt\/wp-json\/wp\/v2\/product_cat?post=4700"},{"taxonomy":"product_tag","embeddable":true,"href":"https:\/\/gardalaser.it\/pt-pt\/wp-json\/wp\/v2\/product_tag?post=4700"}],"curies":[{"name":"wp","href":"https:\/\/api.w.org\/{rel}","templated":true}]}}