{"id":4698,"date":"2024-03-11T10:34:53","date_gmt":"2024-03-11T09:34:53","guid":{"rendered":"https:\/\/gardalaser.it\/prodotto\/occhiali-di-protezione-per-laser-2940nm\/"},"modified":"2024-09-19T14:19:11","modified_gmt":"2024-09-19T12:19:11","slug":"oculos-de-protecao-contra-laser-2940nm","status":"publish","type":"product","link":"https:\/\/gardalaser.it\/pt-pt\/produto\/oculos-de-protecao-contra-laser-2940nm\/","title":{"rendered":"\u00d3culos de prote\u00e7\u00e3o contra laser 2940nm"},"content":{"rendered":"<p><strong>Informa\u00e7\u00f5es sobre o produto<\/strong><\/p>\n<ul>\n<li>Aplica\u00e7\u00e3o: Er:YAG (2780 &#8211; 2940 nm), CO2 (10600 nm)<\/li>\n<li>VLT (transmiss\u00e3o de luz vis\u00edvel): 93%.<\/li>\n<li>Cor do filtro: transparente<\/li>\n<li>Material do filtro: pl\u00e1stico especial<\/li>\n<li>Espessura do filtro: 2,0 mm<\/li>\n<li>Cor da arma\u00e7\u00e3o: preto\/branco<\/li>\n<\/ul>\n<p>&nbsp;<\/p>\n<p><strong>Arma\u00e7\u00e3o para \u00f3culos ONTOR:<\/strong><\/p>\n<ul>\n<li>\u00d3culos de sol desportivos como modelo de lente \u00fanica<\/li>\n<li>campo de vis\u00e3o muito amplo<\/li>\n<li>Ajuste perfeito gra\u00e7as aos suportes flex\u00edveis e regul\u00e1veis em comprimento<\/li>\n<li>Conforto agrad\u00e1vel gra\u00e7as ao revestimento de borracha na zona da testa<\/li>\n<\/ul>\n<p>&nbsp;<\/p>\n<table>\n<tbody>\n<tr>\n<td><strong>Comprimentos de onda (nm)<\/strong><\/td>\n<td><strong>Livelli di protezione<\/strong><\/td>\n<\/tr>\n<tr>\n<td><strong>2750-3000<\/strong><\/td>\n<td><strong>DI LB3 + R LB3Y (OD3+)<\/strong><\/td>\n<\/tr>\n<tr>\n<td><strong>5588-11500<\/strong><\/td>\n<td><strong>DI LB3 + R LB3Y (OD3+)<\/strong><\/td>\n<\/tr>\n<tr>\n<td><\/td>\n<td>PFCE<\/td>\n<\/tr>\n<\/tbody>\n<\/table>\n<p>&nbsp;<\/p>\n","protected":false},"excerpt":{"rendered":"<p><strong>Os \u00f3culos de prote\u00e7\u00e3o contra laser ONTOR s\u00e3o \u00f3culos de prote\u00e7\u00e3o contra laser<\/strong> leves e vers\u00e1teis, constitu\u00eddos por uma arma\u00e7\u00e3o de pl\u00e1stico, ideais como \u00f3culos de prote\u00e7\u00e3o para utilizadores de \u00f3culos. A arma\u00e7\u00e3o oferece um campo de vis\u00e3o muito amplo e uma ampla cobertura lateral, com um excelente conforto de utiliza\u00e7\u00e3o gra\u00e7as \u00e0s hastes flex\u00edveis, ajust\u00e1veis em comprimento e inclina\u00e7\u00e3o, e ao <strong>acolchoamento<\/strong> especial <strong>de borracha macia<\/strong> na zona da testa.<\/p>\n<p>O <strong>filtro de prote\u00e7\u00e3o laser 0280<\/strong> \u00e9 particularmente adequado como prote\u00e7\u00e3o laser para lasers <strong>Er:YAG (2940 nm)<\/strong> e <strong>CO2 (10600 nm)<\/strong>. O filtro de prote\u00e7\u00e3o contra laser \u00e9 feito de um pl\u00e1stico especial incolor e convence com uma transmiss\u00e3o de luz do dia superior a 92% e uma espessura reduzida. O filtro de prote\u00e7\u00e3o contra laser tem <strong>certifica\u00e7\u00e3o CE de<\/strong> acordo com a norma <strong>DIN EN 207<\/strong>.<\/p>\n<p><a href=\"https:\/\/gardalaser.it\/wp-content\/uploads\/2024\/03\/DB-000-K0280-ONTO-DE-EN.pdf\"><strong>Ver PDF<\/strong><\/a><\/p>\n","protected":false},"featured_media":3564,"template":"","meta":{"_acf_changed":false},"product_brand":[],"product_cat":[192],"product_tag":[],"class_list":{"0":"post-4698","1":"product","2":"type-product","3":"status-publish","4":"has-post-thumbnail","6":"tassonomia-enea-pt-pt","7":"tassonomia-enea-duo-pt-pt","8":"tassonomia-enea-trio-pt-pt","9":"tassonomia-ermes-pt-pt","10":"tassonomia-estetica","11":"tassonomia-higiene-dentaria","12":"tassonomia-l-e-o-plus-pt-pt","13":"tassonomia-medicina-dentaria","14":"tassonomia-zaira-pt-pt","15":"product_cat-oculos-de-protecao-contra-laser","17":"first","18":"instock","19":"taxable","20":"shipping-taxable","21":"purchasable","22":"product-type-simple"},"acf":[],"_links":{"self":[{"href":"https:\/\/gardalaser.it\/pt-pt\/wp-json\/wp\/v2\/product\/4698","targetHints":{"allow":["GET"]}}],"collection":[{"href":"https:\/\/gardalaser.it\/pt-pt\/wp-json\/wp\/v2\/product"}],"about":[{"href":"https:\/\/gardalaser.it\/pt-pt\/wp-json\/wp\/v2\/types\/product"}],"wp:featuredmedia":[{"embeddable":true,"href":"https:\/\/gardalaser.it\/pt-pt\/wp-json\/wp\/v2\/media\/3564"}],"wp:attachment":[{"href":"https:\/\/gardalaser.it\/pt-pt\/wp-json\/wp\/v2\/media?parent=4698"}],"wp:term":[{"taxonomy":"product_brand","embeddable":true,"href":"https:\/\/gardalaser.it\/pt-pt\/wp-json\/wp\/v2\/product_brand?post=4698"},{"taxonomy":"product_cat","embeddable":true,"href":"https:\/\/gardalaser.it\/pt-pt\/wp-json\/wp\/v2\/product_cat?post=4698"},{"taxonomy":"product_tag","embeddable":true,"href":"https:\/\/gardalaser.it\/pt-pt\/wp-json\/wp\/v2\/product_tag?post=4698"}],"curies":[{"name":"wp","href":"https:\/\/api.w.org\/{rel}","templated":true}]}}