{"id":4696,"date":"2024-02-27T11:13:37","date_gmt":"2024-02-27T10:13:37","guid":{"rendered":"https:\/\/gardalaser.it\/prodotto\/puntale-per-unghie-laser-medicale\/"},"modified":"2024-09-19T14:12:52","modified_gmt":"2024-09-19T12:12:52","slug":"ponta-das-unhas-laser-medico","status":"publish","type":"product","link":"https:\/\/gardalaser.it\/pt-pt\/produto\/ponta-das-unhas-laser-medico\/","title":{"rendered":"Ponta das unhas"},"content":{"rendered":"<p><strong>Descri\u00e7\u00e3o:<\/strong><\/p>\n<ul>\n<li>Ciclo de borracha autoclav\u00e1vel 121\u00b0 C durante 15 minutos<\/li>\n<\/ul>\n","protected":false},"excerpt":{"rendered":"<p>Ponta adequada para aplica\u00e7\u00f5es terap\u00eauticas sem contacto em pequenas e grandes \u00e1reas. Reduz a diverg\u00eancia do feixe laser, evitando a dispers\u00e3o de energia.<\/p>\n","protected":false},"featured_media":4206,"template":"","meta":{"_acf_changed":false},"product_brand":[],"product_cat":[194],"product_tag":[],"class_list":{"0":"post-4696","1":"product","2":"type-product","3":"status-publish","4":"has-post-thumbnail","6":"tassonomia-enea-pt-pt","7":"tassonomia-enea-duo-pt-pt","8":"tassonomia-enea-trio-pt-pt","9":"tassonomia-ermes-pt-pt","10":"tassonomia-fisioterapia","11":"tassonomia-podologia","12":"tassonomia-zaira-pt-pt","13":"product_cat-pecas-de-mao-para-terapia","15":"first","16":"instock","17":"taxable","18":"shipping-taxable","19":"purchasable","20":"product-type-simple"},"acf":[],"_links":{"self":[{"href":"https:\/\/gardalaser.it\/pt-pt\/wp-json\/wp\/v2\/product\/4696","targetHints":{"allow":["GET"]}}],"collection":[{"href":"https:\/\/gardalaser.it\/pt-pt\/wp-json\/wp\/v2\/product"}],"about":[{"href":"https:\/\/gardalaser.it\/pt-pt\/wp-json\/wp\/v2\/types\/product"}],"wp:featuredmedia":[{"embeddable":true,"href":"https:\/\/gardalaser.it\/pt-pt\/wp-json\/wp\/v2\/media\/4206"}],"wp:attachment":[{"href":"https:\/\/gardalaser.it\/pt-pt\/wp-json\/wp\/v2\/media?parent=4696"}],"wp:term":[{"taxonomy":"product_brand","embeddable":true,"href":"https:\/\/gardalaser.it\/pt-pt\/wp-json\/wp\/v2\/product_brand?post=4696"},{"taxonomy":"product_cat","embeddable":true,"href":"https:\/\/gardalaser.it\/pt-pt\/wp-json\/wp\/v2\/product_cat?post=4696"},{"taxonomy":"product_tag","embeddable":true,"href":"https:\/\/gardalaser.it\/pt-pt\/wp-json\/wp\/v2\/product_tag?post=4696"}],"curies":[{"name":"wp","href":"https:\/\/api.w.org\/{rel}","templated":true}]}}