{"id":4692,"date":"2024-02-27T10:18:16","date_gmt":"2024-02-27T09:18:16","guid":{"rendered":"https:\/\/gardalaser.it\/prodotto\/fibra-side-firing-per-laser-medicale\/"},"modified":"2024-09-19T13:59:06","modified_gmt":"2024-09-19T11:59:06","slug":"fibra-side-firing-por-laser-medico","status":"publish","type":"product","link":"https:\/\/gardalaser.it\/pt-pt\/produto\/fibra-side-firing-por-laser-medico\/","title":{"rendered":"Fibra side firing"},"content":{"rendered":"<p><strong>Descri\u00e7\u00e3o:<\/strong><\/p>\n<ul>\n<li>Ponta da fibra: 8 graus obl\u00edquos<\/li>\n<li>Aplica\u00e7\u00e3o de laser infravermelho (IR) e vis\u00edvel<\/li>\n<li>Di\u00e2metro da fibra: 600um<\/li>\n<li>Esteriliza\u00e7\u00e3o ETO, embalagem dupla<\/li>\n<li>Comprimento standard 3 m<\/li>\n<li>Conector padr\u00e3o SMA905<\/li>\n<li>Ciclo de borracha autoclav\u00e1vel 121\u00b0 C durante 15 minutos<\/li>\n<\/ul>\n","protected":false},"excerpt":{"rendered":"<p>A fibra, com a sua ponta maquinada, permite a irradia\u00e7\u00e3o lateral, maximizando a transmiss\u00e3o do laser para obter resultados de tratamento \u00f3ptimos.<\/p>\n","protected":false},"featured_media":3299,"template":"","meta":{"_acf_changed":false},"product_brand":[],"product_cat":[197],"product_tag":[],"class_list":{"0":"post-4692","1":"product","2":"type-product","3":"status-publish","4":"has-post-thumbnail","6":"tassonomia-enea-pt-pt","7":"tassonomia-enea-duo-pt-pt","8":"tassonomia-enea-trio-pt-pt","9":"tassonomia-ermes-pt-pt","10":"tassonomia-flebologia","11":"tassonomia-ginecologia","12":"tassonomia-urologia","13":"tassonomia-zaira-pt-pt","14":"product_cat-fibras-e-dicas","16":"first","17":"instock","18":"taxable","19":"shipping-taxable","20":"purchasable","21":"product-type-simple"},"acf":[],"_links":{"self":[{"href":"https:\/\/gardalaser.it\/pt-pt\/wp-json\/wp\/v2\/product\/4692","targetHints":{"allow":["GET"]}}],"collection":[{"href":"https:\/\/gardalaser.it\/pt-pt\/wp-json\/wp\/v2\/product"}],"about":[{"href":"https:\/\/gardalaser.it\/pt-pt\/wp-json\/wp\/v2\/types\/product"}],"wp:featuredmedia":[{"embeddable":true,"href":"https:\/\/gardalaser.it\/pt-pt\/wp-json\/wp\/v2\/media\/3299"}],"wp:attachment":[{"href":"https:\/\/gardalaser.it\/pt-pt\/wp-json\/wp\/v2\/media?parent=4692"}],"wp:term":[{"taxonomy":"product_brand","embeddable":true,"href":"https:\/\/gardalaser.it\/pt-pt\/wp-json\/wp\/v2\/product_brand?post=4692"},{"taxonomy":"product_cat","embeddable":true,"href":"https:\/\/gardalaser.it\/pt-pt\/wp-json\/wp\/v2\/product_cat?post=4692"},{"taxonomy":"product_tag","embeddable":true,"href":"https:\/\/gardalaser.it\/pt-pt\/wp-json\/wp\/v2\/product_tag?post=4692"}],"curies":[{"name":"wp","href":"https:\/\/api.w.org\/{rel}","templated":true}]}}