{"id":4690,"date":"2024-02-27T09:25:30","date_gmt":"2024-02-27T08:25:30","guid":{"rendered":"https:\/\/gardalaser.it\/prodotto\/fibra-diffuser\/"},"modified":"2024-09-19T13:55:46","modified_gmt":"2024-09-19T11:55:46","slug":"fibra-diffuser","status":"publish","type":"product","link":"https:\/\/gardalaser.it\/pt-pt\/produto\/fibra-diffuser\/","title":{"rendered":"Fibra diffuser"},"content":{"rendered":"<ul>\n<li>Comprimento da ponta do difusor: 10 mm<\/li>\n<li>Di\u00e2metro da ponta do difusor: 1,9-2,0 mm<\/li>\n<li>Di\u00e2metro da fibra: 400um<\/li>\n<li>Esteriliza\u00e7\u00e3o ETO, embalagem dupla<\/li>\n<li>Comprimento padr\u00e3o 3 m<\/li>\n<li>Conector padr\u00e3o SMA905<\/li>\n<li>Ciclo de borracha autoclav\u00e1vel 121\u00b0 C durante 15 minutos<\/li>\n<\/ul>\n","protected":false},"excerpt":{"rendered":"<p>Fibra \u00f3tica com ponta de dispers\u00e3o de luz uniforme, elevada efici\u00eancia de transmiss\u00e3o, adequada para terapia fotodin\u00e2mica.<\/p>\n","protected":false},"featured_media":3284,"template":"","meta":{"_acf_changed":false},"product_brand":[],"product_cat":[197],"product_tag":[],"class_list":{"0":"post-4690","1":"product","2":"type-product","3":"status-publish","4":"has-post-thumbnail","6":"tassonomia-enea-pt-pt","7":"tassonomia-enea-duo-pt-pt","8":"tassonomia-enea-trio-pt-pt","9":"tassonomia-ermes-pt-pt","10":"tassonomia-estetica","11":"tassonomia-flebologia","12":"tassonomia-zaira-pt-pt","13":"product_cat-fibras-e-dicas","15":"first","16":"instock","17":"taxable","18":"shipping-taxable","19":"purchasable","20":"product-type-simple"},"acf":[],"_links":{"self":[{"href":"https:\/\/gardalaser.it\/pt-pt\/wp-json\/wp\/v2\/product\/4690","targetHints":{"allow":["GET"]}}],"collection":[{"href":"https:\/\/gardalaser.it\/pt-pt\/wp-json\/wp\/v2\/product"}],"about":[{"href":"https:\/\/gardalaser.it\/pt-pt\/wp-json\/wp\/v2\/types\/product"}],"wp:featuredmedia":[{"embeddable":true,"href":"https:\/\/gardalaser.it\/pt-pt\/wp-json\/wp\/v2\/media\/3284"}],"wp:attachment":[{"href":"https:\/\/gardalaser.it\/pt-pt\/wp-json\/wp\/v2\/media?parent=4690"}],"wp:term":[{"taxonomy":"product_brand","embeddable":true,"href":"https:\/\/gardalaser.it\/pt-pt\/wp-json\/wp\/v2\/product_brand?post=4690"},{"taxonomy":"product_cat","embeddable":true,"href":"https:\/\/gardalaser.it\/pt-pt\/wp-json\/wp\/v2\/product_cat?post=4690"},{"taxonomy":"product_tag","embeddable":true,"href":"https:\/\/gardalaser.it\/pt-pt\/wp-json\/wp\/v2\/product_tag?post=4690"}],"curies":[{"name":"wp","href":"https:\/\/api.w.org\/{rel}","templated":true}]}}