{"id":4688,"date":"2023-11-06T08:58:36","date_gmt":"2023-11-06T07:58:36","guid":{"rendered":"https:\/\/gardalaser.it\/prodotto\/puntale-per-sbiancamento\/"},"modified":"2024-09-19T13:52:25","modified_gmt":"2024-09-19T11:52:25","slug":"dica-de-branqueamento","status":"publish","type":"product","link":"https:\/\/gardalaser.it\/pt-pt\/produto\/dica-de-branqueamento\/","title":{"rendered":"Dica de branqueamento"},"content":{"rendered":"<ul>\n<li>Pot\u00eancia m\u00e1xima: 10 W no m\u00e1ximo<\/li>\n<li>Comprimento de onda do laser: 400 nm-1100 nm<\/li>\n<li>Efici\u00eancia energ\u00e9tica: 70 por cento<\/li>\n<li>Largura: 45 mm<\/li>\n<li>Espessura: 7 mm<\/li>\n<li>Radial: R50<\/li>\n<\/ul>\n","protected":false},"excerpt":{"rendered":"<p>Acess\u00f3rio de branqueamento dent\u00e1rio para utiliza\u00e7\u00e3o com a pe\u00e7a de m\u00e3o laser<\/p>\n","protected":false},"featured_media":4186,"template":"","meta":{"_acf_changed":false},"product_brand":[],"product_cat":[194],"product_tag":[],"class_list":{"0":"post-4688","1":"product","2":"type-product","3":"status-publish","4":"has-post-thumbnail","6":"tassonomia-enea-pt-pt","7":"tassonomia-enea-duo-pt-pt","8":"tassonomia-ermes-pt-pt","9":"tassonomia-medicina-dentaria","10":"tassonomia-zaira-pt-pt","11":"product_cat-pecas-de-mao-para-terapia","13":"first","14":"instock","15":"taxable","16":"shipping-taxable","17":"purchasable","18":"product-type-simple"},"acf":[],"_links":{"self":[{"href":"https:\/\/gardalaser.it\/pt-pt\/wp-json\/wp\/v2\/product\/4688","targetHints":{"allow":["GET"]}}],"collection":[{"href":"https:\/\/gardalaser.it\/pt-pt\/wp-json\/wp\/v2\/product"}],"about":[{"href":"https:\/\/gardalaser.it\/pt-pt\/wp-json\/wp\/v2\/types\/product"}],"wp:featuredmedia":[{"embeddable":true,"href":"https:\/\/gardalaser.it\/pt-pt\/wp-json\/wp\/v2\/media\/4186"}],"wp:attachment":[{"href":"https:\/\/gardalaser.it\/pt-pt\/wp-json\/wp\/v2\/media?parent=4688"}],"wp:term":[{"taxonomy":"product_brand","embeddable":true,"href":"https:\/\/gardalaser.it\/pt-pt\/wp-json\/wp\/v2\/product_brand?post=4688"},{"taxonomy":"product_cat","embeddable":true,"href":"https:\/\/gardalaser.it\/pt-pt\/wp-json\/wp\/v2\/product_cat?post=4688"},{"taxonomy":"product_tag","embeddable":true,"href":"https:\/\/gardalaser.it\/pt-pt\/wp-json\/wp\/v2\/product_tag?post=4688"}],"curies":[{"name":"wp","href":"https:\/\/api.w.org\/{rel}","templated":true}]}}