{"id":4686,"date":"2023-11-02T12:16:55","date_gmt":"2023-11-02T11:16:55","guid":{"rendered":"https:\/\/gardalaser.it\/prodotto\/tappetino-per-terapia-testa-e-orecchie-cavallo\/"},"modified":"2024-09-19T13:48:44","modified_gmt":"2024-09-19T11:48:44","slug":"tapete-terapeutico-cabeca-e-orelhas-de-cavalo","status":"publish","type":"product","link":"https:\/\/gardalaser.it\/pt-pt\/produto\/tapete-terapeutico-cabeca-e-orelhas-de-cavalo\/","title":{"rendered":"Tapete terap\u00eautico (cabe\u00e7a e orelhas de cavalo)"},"content":{"rendered":"<p>Luz terap\u00eautica para o bem-estar do seu cavalo.<br \/>\nUma ajuda di\u00e1ria para resolver os problemas de fadiga e de inflama\u00e7\u00e3o sem a ajuda de cremes e medicamentos.<br \/>\nN\u00e3o necessita de controlo veterin\u00e1rio.<br \/>\nEfeitos vis\u00edveis num curto espa\u00e7o de tempo.<\/p>\n","protected":false},"excerpt":{"rendered":"<p>Melhora o bem-estar e \u00e9 muito eficaz para o cansa\u00e7o do cavalo<\/p>\n","protected":false},"featured_media":3180,"template":"","meta":{"_acf_changed":false},"product_brand":[],"product_cat":[199],"product_tag":[],"class_list":{"0":"post-4686","1":"product","2":"type-product","3":"status-publish","4":"has-post-thumbnail","6":"tassonomia-veterinaria","7":"product_cat-home-care-vet-pt-pt","9":"first","10":"instock","11":"taxable","12":"shipping-taxable","13":"purchasable","14":"product-type-simple"},"acf":[],"_links":{"self":[{"href":"https:\/\/gardalaser.it\/pt-pt\/wp-json\/wp\/v2\/product\/4686","targetHints":{"allow":["GET"]}}],"collection":[{"href":"https:\/\/gardalaser.it\/pt-pt\/wp-json\/wp\/v2\/product"}],"about":[{"href":"https:\/\/gardalaser.it\/pt-pt\/wp-json\/wp\/v2\/types\/product"}],"wp:featuredmedia":[{"embeddable":true,"href":"https:\/\/gardalaser.it\/pt-pt\/wp-json\/wp\/v2\/media\/3180"}],"wp:attachment":[{"href":"https:\/\/gardalaser.it\/pt-pt\/wp-json\/wp\/v2\/media?parent=4686"}],"wp:term":[{"taxonomy":"product_brand","embeddable":true,"href":"https:\/\/gardalaser.it\/pt-pt\/wp-json\/wp\/v2\/product_brand?post=4686"},{"taxonomy":"product_cat","embeddable":true,"href":"https:\/\/gardalaser.it\/pt-pt\/wp-json\/wp\/v2\/product_cat?post=4686"},{"taxonomy":"product_tag","embeddable":true,"href":"https:\/\/gardalaser.it\/pt-pt\/wp-json\/wp\/v2\/product_tag?post=4686"}],"curies":[{"name":"wp","href":"https:\/\/api.w.org\/{rel}","templated":true}]}}