{"id":4682,"date":"2023-11-02T11:48:06","date_gmt":"2023-11-02T10:48:06","guid":{"rendered":"https:\/\/gardalaser.it\/prodotto\/crema-viso-notte-nutriente-antiage-50ml\/"},"modified":"2024-09-19T11:42:01","modified_gmt":"2024-09-19T09:42:01","slug":"soro-facial-de-acido-hialuronico-puro-de-peso-molecular-triplo-30ml","status":"publish","type":"product","link":"https:\/\/gardalaser.it\/pt-pt\/produto\/soro-facial-de-acido-hialuronico-puro-de-peso-molecular-triplo-30ml\/","title":{"rendered":"Soro facial de \u00e1cido hialur\u00f3nico puro de peso molecular triplo 30ml"},"content":{"rendered":"<p><strong>DIREC\u00c7\u00d5ES<\/strong><br \/>\nAplicar todas as noites como creme facial e, uma vez por semana, aplicar uma camada fina como m\u00e1scara facial durante 10 minutos para uma a\u00e7\u00e3o anti-envelhecimento ainda mais intensa.<\/p>\n<p>&nbsp;<\/p>\n<p><strong>PRINC\u00cdPIOS FUNCIONAIS<\/strong><\/p>\n<ul>\n<li>\u00c1cido Hialur\u00f3nico de elevado peso molecular: actua \u00e0 superf\u00edcie garantindo uma hidrata\u00e7\u00e3o eficaz e tem uma a\u00e7\u00e3o filmog\u00e9nica, ligando-se ao estrato c\u00f3rneo com um efeito tensor e protetor<\/li>\n<li>\u00c1cido Hialur\u00f3nico de peso molecular m\u00e9dio: ultrapassa a barreira cut\u00e2nea e fornece \u00e0 pele toda a \u00e1gua necess\u00e1ria para preservar o seu capital de beleza e turgidez.<\/li>\n<li>\u00c1cido Hialur\u00f3nico de baixo peso molecular: actua em profundidade, atingindo as camadas mais profundas, estimulando a produ\u00e7\u00e3o fisiol\u00f3gica das prote\u00ednas respons\u00e1veis pela firmeza e elasticidade da pele (Colag\u00e9nio) e conduzindo a uma redu\u00e7\u00e3o da profundidade das rugas<\/li>\n<li>Vitamina E: antioxidante<\/li>\n<li>Alo\u00e9 Vera biol\u00f3gico: extraordin\u00e1ria capacidade de penetra\u00e7\u00e3o e hidrata\u00e7\u00e3o profunda da pele<\/li>\n<li>\u00d3leo de Jojoba Biol\u00f3gico e \u00d3leo de Am\u00eandoas Biol\u00f3gico: nutritivo e el\u00e1stico<\/li>\n<li>Extrato de Cent\u00e1urea Biol\u00f3gica: descongestionante, calmante, hidratante<\/li>\n<li>Alanto\u00edna e factores de hidrata\u00e7\u00e3o: hidratante, humectante<\/li>\n<li>Vitamina A: retarda o envelhecimento celular, \u00fatil para a pele seca<\/li>\n<\/ul>\n","protected":false},"excerpt":{"rendered":"<p>Formulado para peles sujeitas a sinais vis\u00edveis de envelhecimento, como a firmeza e as rugas marcadas. A a\u00e7\u00e3o anti-idade do creme \u00e9 conferida pela presen\u00e7a de \u00e1cidos hialur\u00f3nicos de diferentes pesos moleculares e de extractos como o Alo\u00e9, o \u00d3leo de Jojoba, o \u00d3leo de Coco e a Vitamina A. A sua textura rica e nutritiva e o seu perfume delicado fazem dele um excelente produto para aplicar no rosto, no pesco\u00e7o e no decote, especificamente para o repouso noturno. Noite ap\u00f3s noite, a pele e as rugas finas s\u00e3o suavizadas.<\/p>\n","protected":false},"featured_media":3165,"template":"","meta":{"_acf_changed":false},"product_brand":[],"product_cat":[205],"product_tag":[],"class_list":{"0":"post-4682","1":"product","2":"type-product","3":"status-publish","4":"has-post-thumbnail","6":"tassonomia-enea-pt-pt","7":"tassonomia-enea-duo-pt-pt","8":"tassonomia-ermes-pt-pt","9":"tassonomia-l-e-o-plus-pt-pt","10":"tassonomia-zaira-pt-pt","11":"product_cat-cosmeticos","13":"first","14":"instock","15":"taxable","16":"shipping-taxable","17":"purchasable","18":"product-type-simple"},"acf":[],"_links":{"self":[{"href":"https:\/\/gardalaser.it\/pt-pt\/wp-json\/wp\/v2\/product\/4682","targetHints":{"allow":["GET"]}}],"collection":[{"href":"https:\/\/gardalaser.it\/pt-pt\/wp-json\/wp\/v2\/product"}],"about":[{"href":"https:\/\/gardalaser.it\/pt-pt\/wp-json\/wp\/v2\/types\/product"}],"wp:featuredmedia":[{"embeddable":true,"href":"https:\/\/gardalaser.it\/pt-pt\/wp-json\/wp\/v2\/media\/3165"}],"wp:attachment":[{"href":"https:\/\/gardalaser.it\/pt-pt\/wp-json\/wp\/v2\/media?parent=4682"}],"wp:term":[{"taxonomy":"product_brand","embeddable":true,"href":"https:\/\/gardalaser.it\/pt-pt\/wp-json\/wp\/v2\/product_brand?post=4682"},{"taxonomy":"product_cat","embeddable":true,"href":"https:\/\/gardalaser.it\/pt-pt\/wp-json\/wp\/v2\/product_cat?post=4682"},{"taxonomy":"product_tag","embeddable":true,"href":"https:\/\/gardalaser.it\/pt-pt\/wp-json\/wp\/v2\/product_tag?post=4682"}],"curies":[{"name":"wp","href":"https:\/\/api.w.org\/{rel}","templated":true}]}}