{"id":4680,"date":"2023-11-02T11:37:26","date_gmt":"2023-11-02T10:37:26","guid":{"rendered":"https:\/\/gardalaser.it\/prodotto\/siero-viso-acido-jaluronico-puro-a-tre-pesi-molecolari-30ml\/"},"modified":"2024-09-19T11:40:13","modified_gmt":"2024-09-19T09:40:13","slug":"soro-facial-puro-de-acido-hialuronico-de-triplo-peso-molecular-30ml","status":"publish","type":"product","link":"https:\/\/gardalaser.it\/pt-pt\/produto\/soro-facial-puro-de-acido-hialuronico-de-triplo-peso-molecular-30ml\/","title":{"rendered":"Soro facial puro de \u00e1cido hialur\u00f3nico de triplo peso molecular 30ml"},"content":{"rendered":"<p><strong>DIREC\u00c7\u00d5ES<\/strong><br \/>\nAplicar na pele do rosto e massajar suavemente at\u00e9 ser completamente absorvido.<\/p>\n<p>&nbsp;<\/p>\n<p><strong>PRINC\u00cdPIOS FUNCIONAIS<\/strong><\/p>\n<ul>\n<li>\u00c1gua de Lim\u00e3o biol\u00f3gica: hidratante, adstringente<\/li>\n<li>\u00c1cido Hialur\u00f3nico de elevado peso molecular: actua na superf\u00edcie garantindo uma hidrata\u00e7\u00e3o eficaz e tem uma a\u00e7\u00e3o film\u00f3gena, ligando-se ao estrato c\u00f3rneo com um efeito tensor e protetor<\/li>\n<li>\u00c1cido Hialur\u00f3nico de peso molecular m\u00e9dio: ultrapassa a barreira cut\u00e2nea e fornece \u00e0 pele toda a \u00e1gua necess\u00e1ria para preservar a sua beleza e o seu capital de turgidez.<\/li>\n<li>\u00c1cido Hialur\u00f3nico de baixo peso molecular: actua em profundidade, atingindo as camadas mais profundas, estimulando a produ\u00e7\u00e3o fisiol\u00f3gica das prote\u00ednas respons\u00e1veis pela firmeza e elasticidade da pele (Colag\u00e9nio) e conduzindo a uma redu\u00e7\u00e3o da profundidade das rugas<\/li>\n<\/ul>\n","protected":false},"excerpt":{"rendered":"<p>\u00c1cido hialur\u00f3nico puro de alto desempenho gra\u00e7as \u00e0 composi\u00e7\u00e3o de diferentes pesos moleculares misturados. O baixo peso molecular permite-lhe penetrar mais profundamente, assegurando um efeito de preenchimento e de lifting das rugas, enquanto os pesos moleculares m\u00e9dio e alto asseguram um poder hidratante intenso com um efeito reafirmante. Para utilizar puro ou adicionado ao creme habitual.<\/p>\n","protected":false},"featured_media":3155,"template":"","meta":{"_acf_changed":false},"product_brand":[],"product_cat":[205],"product_tag":[],"class_list":{"0":"post-4680","1":"product","2":"type-product","3":"status-publish","4":"has-post-thumbnail","6":"tassonomia-enea-pt-pt","7":"tassonomia-enea-duo-pt-pt","8":"tassonomia-ermes-pt-pt","9":"tassonomia-l-e-o-plus-pt-pt","10":"tassonomia-zaira-pt-pt","11":"product_cat-cosmeticos","13":"first","14":"instock","15":"taxable","16":"shipping-taxable","17":"purchasable","18":"product-type-simple"},"acf":[],"_links":{"self":[{"href":"https:\/\/gardalaser.it\/pt-pt\/wp-json\/wp\/v2\/product\/4680","targetHints":{"allow":["GET"]}}],"collection":[{"href":"https:\/\/gardalaser.it\/pt-pt\/wp-json\/wp\/v2\/product"}],"about":[{"href":"https:\/\/gardalaser.it\/pt-pt\/wp-json\/wp\/v2\/types\/product"}],"wp:featuredmedia":[{"embeddable":true,"href":"https:\/\/gardalaser.it\/pt-pt\/wp-json\/wp\/v2\/media\/3155"}],"wp:attachment":[{"href":"https:\/\/gardalaser.it\/pt-pt\/wp-json\/wp\/v2\/media?parent=4680"}],"wp:term":[{"taxonomy":"product_brand","embeddable":true,"href":"https:\/\/gardalaser.it\/pt-pt\/wp-json\/wp\/v2\/product_brand?post=4680"},{"taxonomy":"product_cat","embeddable":true,"href":"https:\/\/gardalaser.it\/pt-pt\/wp-json\/wp\/v2\/product_cat?post=4680"},{"taxonomy":"product_tag","embeddable":true,"href":"https:\/\/gardalaser.it\/pt-pt\/wp-json\/wp\/v2\/product_tag?post=4680"}],"curies":[{"name":"wp","href":"https:\/\/api.w.org\/{rel}","templated":true}]}}