{"id":4678,"date":"2023-11-02T11:42:43","date_gmt":"2023-11-02T10:42:43","guid":{"rendered":"https:\/\/gardalaser.it\/prodotto\/crema-viso-giorno-idratante-antiage-50ml\/"},"modified":"2024-09-19T11:37:15","modified_gmt":"2024-09-19T09:37:15","slug":"creme-de-dia-hidratante-anti-envelhecimento-para-o-rosto-50ml","status":"publish","type":"product","link":"https:\/\/gardalaser.it\/pt-pt\/produto\/creme-de-dia-hidratante-anti-envelhecimento-para-o-rosto-50ml\/","title":{"rendered":"Creme de dia hidratante anti-envelhecimento para o rosto 50ml"},"content":{"rendered":"<p><strong>DIREC\u00c7\u00d5ES<\/strong><br \/>\nAplicar na pele do rosto e massajar suavemente at\u00e9 ser completamente absorvido.<\/p>\n<p>&nbsp;<\/p>\n<p><strong>PRINC\u00cdPIOS FUNCIONAIS<\/strong><\/p>\n<ul>\n<li>\u00c1cido Hialur\u00f3nico de elevado peso molecular: actua \u00e0 superf\u00edcie garantindo uma hidrata\u00e7\u00e3o eficaz e tem uma a\u00e7\u00e3o filmog\u00e9nica ligando-se ao estrato c\u00f3rneo com um efeito tensor e protetor<\/li>\n<li>\u00c1cido Hialur\u00f3nico de peso molecular m\u00e9dio: ultrapassa a barreira cut\u00e2nea e fornece \u00e0 pele toda a \u00e1gua necess\u00e1ria para preservar o seu capital de beleza e turgidez.<\/li>\n<li>\u00c1cido Hialur\u00f3nico de baixo peso molecular: actua em profundidade, atingindo as camadas mais profundas, estimulando a produ\u00e7\u00e3o fisiol\u00f3gica das prote\u00ednas respons\u00e1veis pela firmeza e elasticidade da pele (Colag\u00e9nio) e conduzindo a uma redu\u00e7\u00e3o da profundidade das rugas<\/li>\n<li>Vitamina E: antioxidante<\/li>\n<li>Alo\u00e9 Vera biol\u00f3gico: hidrata\u00e7\u00e3o profunda da pele<\/li>\n<li>\u00d3leo de Am\u00eandoas Doces Biol\u00f3gicas: nutritivo, emoliente<\/li>\n<li>Extrato de Cent\u00e1urea Bio: descongestionante, calmante, hidratante<\/li>\n<li>Alanto\u00edna e factores de hidrata\u00e7\u00e3o: hidratante, humectante<\/li>\n<\/ul>\n","protected":false},"excerpt":{"rendered":"<p>Formulado para a pele sujeita a sinais vis\u00edveis de envelhecimento, tais como perda de luminosidade, firmeza e rugas acentuadas. A a\u00e7\u00e3o anti-idade do creme \u00e9 conferida pela presen\u00e7a de \u00e1cidos hialur\u00f3nicos de diferentes pesos moleculares e de extractos preciosos como o Alo\u00e9 Vera Bio, o \u00d3leo de Am\u00eandoas e a Vitamina E. A sua textura leve e o seu perfume delicado fazem dele um excelente produto para aplicar diariamente no rosto, pesco\u00e7o e decote, para uma hidrata\u00e7\u00e3o correta.<\/p>\n","protected":false},"featured_media":3160,"template":"","meta":{"_acf_changed":false},"product_brand":[],"product_cat":[205],"product_tag":[],"class_list":{"0":"post-4678","1":"product","2":"type-product","3":"status-publish","4":"has-post-thumbnail","6":"tassonomia-enea-pt-pt","7":"tassonomia-enea-duo-pt-pt","8":"tassonomia-ermes-pt-pt","9":"tassonomia-l-e-o-plus-pt-pt","10":"tassonomia-zaira-pt-pt","11":"product_cat-cosmeticos","13":"first","14":"instock","15":"taxable","16":"shipping-taxable","17":"purchasable","18":"product-type-simple"},"acf":[],"_links":{"self":[{"href":"https:\/\/gardalaser.it\/pt-pt\/wp-json\/wp\/v2\/product\/4678","targetHints":{"allow":["GET"]}}],"collection":[{"href":"https:\/\/gardalaser.it\/pt-pt\/wp-json\/wp\/v2\/product"}],"about":[{"href":"https:\/\/gardalaser.it\/pt-pt\/wp-json\/wp\/v2\/types\/product"}],"wp:featuredmedia":[{"embeddable":true,"href":"https:\/\/gardalaser.it\/pt-pt\/wp-json\/wp\/v2\/media\/3160"}],"wp:attachment":[{"href":"https:\/\/gardalaser.it\/pt-pt\/wp-json\/wp\/v2\/media?parent=4678"}],"wp:term":[{"taxonomy":"product_brand","embeddable":true,"href":"https:\/\/gardalaser.it\/pt-pt\/wp-json\/wp\/v2\/product_brand?post=4678"},{"taxonomy":"product_cat","embeddable":true,"href":"https:\/\/gardalaser.it\/pt-pt\/wp-json\/wp\/v2\/product_cat?post=4678"},{"taxonomy":"product_tag","embeddable":true,"href":"https:\/\/gardalaser.it\/pt-pt\/wp-json\/wp\/v2\/product_tag?post=4678"}],"curies":[{"name":"wp","href":"https:\/\/api.w.org\/{rel}","templated":true}]}}