{"id":4677,"date":"2023-10-31T15:51:20","date_gmt":"2023-10-31T14:51:20","guid":{"rendered":"https:\/\/gardalaser.it\/prodotto\/fibra-radiale-600um-3-m\/"},"modified":"2024-09-19T11:34:35","modified_gmt":"2024-09-19T09:34:35","slug":"fibra-radiale-600um-3-m","status":"publish","type":"product","link":"https:\/\/gardalaser.it\/pt-pt\/produto\/fibra-radiale-600um-3-m\/","title":{"rendered":"Fibra radial 600um 3 m"},"content":{"rendered":"<ul>\n<li>Com ou sem escala na fibra<\/li>\n<li>Conector standard SMA\/FC<\/li>\n<li>Manga de extens\u00e3o dispon\u00edvel em v\u00e1rias cores<\/li>\n<li>Conce\u00e7\u00e3o pr\u00f3pria a pedido<\/li>\n<li>Comprimento standard 3 m, NA=0,37<\/li>\n<\/ul>\n","protected":false},"excerpt":{"rendered":"<p>Fibra que irradia 360\u00b0, aplic\u00e1vel ao laser de d\u00edodo, profissional no tratamento das veias.<\/p>\n","protected":false},"featured_media":3141,"template":"","meta":{"_acf_changed":false},"product_brand":[],"product_cat":[197],"product_tag":[],"class_list":{"0":"post-4677","1":"product","2":"type-product","3":"status-publish","4":"has-post-thumbnail","6":"tassonomia-enea-pt-pt","7":"tassonomia-enea-duo-pt-pt","8":"tassonomia-enea-trio-pt-pt","9":"tassonomia-ermes-pt-pt","10":"tassonomia-estetica","11":"tassonomia-flebologia","12":"tassonomia-l-e-o-plus-pt-pt","13":"tassonomia-zaira-pt-pt","14":"product_cat-fibras-e-dicas","16":"first","17":"instock","18":"taxable","19":"shipping-taxable","20":"purchasable","21":"product-type-simple"},"acf":[],"_links":{"self":[{"href":"https:\/\/gardalaser.it\/pt-pt\/wp-json\/wp\/v2\/product\/4677","targetHints":{"allow":["GET"]}}],"collection":[{"href":"https:\/\/gardalaser.it\/pt-pt\/wp-json\/wp\/v2\/product"}],"about":[{"href":"https:\/\/gardalaser.it\/pt-pt\/wp-json\/wp\/v2\/types\/product"}],"wp:featuredmedia":[{"embeddable":true,"href":"https:\/\/gardalaser.it\/pt-pt\/wp-json\/wp\/v2\/media\/3141"}],"wp:attachment":[{"href":"https:\/\/gardalaser.it\/pt-pt\/wp-json\/wp\/v2\/media?parent=4677"}],"wp:term":[{"taxonomy":"product_brand","embeddable":true,"href":"https:\/\/gardalaser.it\/pt-pt\/wp-json\/wp\/v2\/product_brand?post=4677"},{"taxonomy":"product_cat","embeddable":true,"href":"https:\/\/gardalaser.it\/pt-pt\/wp-json\/wp\/v2\/product_cat?post=4677"},{"taxonomy":"product_tag","embeddable":true,"href":"https:\/\/gardalaser.it\/pt-pt\/wp-json\/wp\/v2\/product_tag?post=4677"}],"curies":[{"name":"wp","href":"https:\/\/api.w.org\/{rel}","templated":true}]}}