{"id":4668,"date":"2024-03-11T14:43:57","date_gmt":"2024-03-11T13:43:57","guid":{"rendered":"https:\/\/gardalaser.it\/prodotto\/occhiali-per-laser-450-532-1064nm\/"},"modified":"2024-09-19T11:10:05","modified_gmt":"2024-09-19T09:10:05","slug":"oculos-para-lasers-450-532-1064nm","status":"publish","type":"product","link":"https:\/\/gardalaser.it\/pt-pt\/produto\/oculos-para-lasers-450-532-1064nm\/","title":{"rendered":"\u00d3culos para lasers 450-532-1064nm"},"content":{"rendered":"<p><strong>Informa\u00e7\u00f5es sobre o produto<\/strong><\/p>\n<ul>\n<li>Aplica\u00e7\u00e3o: Excimer (193 nm), UV (248 nm), Nd:YAG 4x (266 nm), Nd:YAG 3x (355 nm), Laser de luz azul (450 &#8211; 480 nm), \u00c1rgon (515 nm), Nd: YAG 2x (532 nm), Ti:Sapphire (800 nm), D\u00edodo (808 nm), D\u00edodo (940 nm), Disco (1030 nm), Nd:YAG (1064 nm), Faser (976 &#8211; 1080 nm), CO2 (10600 nm)<\/li>\n<li>VLT (transmiss\u00e3o de luz vis\u00edvel): 30%.<\/li>\n<li>Cor do filtro: laranja<\/li>\n<li>Material do filtro: pol\u00edmero<\/li>\n<li>Espessura do filtro: 2,0 mm<\/li>\n<li>Cor da arma\u00e7\u00e3o: preto\/branco<\/li>\n<\/ul>\n<p><strong>Arma\u00e7\u00e3o para \u00f3culos ONTOR:<\/strong><\/p>\n<ul>\n<li>\u00f3culos de desporto<\/li>\n<li>campo de vis\u00e3o muito amplo<\/li>\n<li>regula\u00e7\u00e3o individual do comprimento e do \u00e2ngulo das hastes<\/li>\n<li>conforto perfeito gra\u00e7as \u00e0 espuma facial em borracha<\/li>\n<\/ul>\n<p>&nbsp;<\/p>\n<table>\n<tbody>\n<tr>\n<td><strong>Comprimentos de onda<\/strong><\/td>\n<td><strong>N\u00edveis de prote\u00e7\u00e3o<\/strong><\/td>\n<\/tr>\n<tr>\n<td>180-315<\/td>\n<td>D LB10 + IR LB5 + M LB6Y (OD10+)<\/td>\n<\/tr>\n<tr>\n<td><strong>&gt;315-532<\/strong><\/td>\n<td><strong>D LB6 + IR LB8 + M LB10 (OD10+)<\/strong><\/td>\n<\/tr>\n<tr>\n<td><strong>&gt;532-534<\/strong><\/td>\n<td><strong>D LB6 + IR LB7 (OD7+)<\/strong><\/td>\n<\/tr>\n<tr>\n<td><strong>&gt;534-536<\/strong><\/td>\n<td><strong>DIR LB6 (OD6+)<\/strong><\/td>\n<\/tr>\n<tr>\n<td><strong>&gt;536-538<\/strong><\/td>\n<td><strong>DIR LB5 (OD5+)<\/strong><\/td>\n<\/tr>\n<tr>\n<td>&gt;538-541<\/td>\n<td>DIR LB4 (OD4+)<\/td>\n<\/tr>\n<tr>\n<td>&gt;541-544<\/td>\n<td>DIR LB3 (OD3+)<\/td>\n<\/tr>\n<tr>\n<td>&gt;544-548<\/td>\n<td>DIR LB2 (OD2+)<\/td>\n<\/tr>\n<tr>\n<td>&gt;548-554<\/td>\n<td>DIR LB1 (OD1+)<\/td>\n<\/tr>\n<tr>\n<td>682-727<\/td>\n<td>DIR LB1 (OD1+)<\/td>\n<\/tr>\n<tr>\n<td>&gt;727-759<\/td>\n<td>DIR LB2 (OD2+)<\/td>\n<\/tr>\n<tr>\n<td>&gt;759-785<\/td>\n<td>DIR LB3 (OD3+)<\/td>\n<\/tr>\n<tr>\n<td>&gt;785-819<\/td>\n<td>DIR LB4 (OD4+)<\/td>\n<\/tr>\n<tr>\n<td><strong>&gt;819-851<\/strong><\/td>\n<td><strong>DIR LB5 (OD5+)<\/strong><\/td>\n<\/tr>\n<tr>\n<td><strong>&gt;851-882<\/strong><\/td>\n<td><strong>D LB6 + IRM LB7 (OD7+)<\/strong><\/td>\n<\/tr>\n<tr>\n<td><strong>&gt;882-924<\/strong><\/td>\n<td><strong>D LB6 + IRM LB8 (OD8+)<\/strong><\/td>\n<\/tr>\n<tr>\n<td><strong>&gt;924-1071<\/strong><\/td>\n<td><strong>D LB6 + IRM LB9 (OD9+)<\/strong><\/td>\n<\/tr>\n<tr>\n<td><strong>950-1065<\/strong><\/td>\n<td><strong>D LB6 + IR LB9 + M LB10 (OD10+)<\/strong><\/td>\n<\/tr>\n<tr>\n<td><strong>&gt;1071-1078<\/strong><\/td>\n<td><strong>D LB6 + IRM LB8 (OD8+)<\/strong><\/td>\n<\/tr>\n<tr>\n<td><strong>&gt;1078-1080<\/strong><\/td>\n<td><strong>D LB6 + IRM LB7 (OD7+)<\/strong><\/td>\n<\/tr>\n<tr>\n<td><strong>&gt;1080-1082<\/strong><\/td>\n<td><strong>DIR LB6 (OD6+)<\/strong><\/td>\n<\/tr>\n<tr>\n<td><strong>&gt;1082-1085<\/strong><\/td>\n<td><strong>DIR LB5 (OD5+)<\/strong><\/td>\n<\/tr>\n<tr>\n<td>&gt;1085-1101<\/td>\n<td>DIR LB4 (OD4+)<\/td>\n<\/tr>\n<tr>\n<td>&gt;1101-1117<\/td>\n<td>DIR LB3 (OD3+)<\/td>\n<\/tr>\n<tr>\n<td>&gt;1117-1133<\/td>\n<td>DIR LB2 (OD2+)<\/td>\n<\/tr>\n<tr>\n<td>&gt;1133-1164<\/td>\n<td>DIR LB1 (OD1+)<\/td>\n<\/tr>\n<tr>\n<td>&gt;5140-11500<\/td>\n<td>DI LB4 + R LB3Y (OD4+)<\/td>\n<\/tr>\n<tr>\n<td><\/td>\n<td>PFCE<\/td>\n<\/tr>\n<\/tbody>\n<\/table>\n","protected":false},"excerpt":{"rendered":"<p>ONTOR \u00e9 um <strong>\u00f3culos de prote\u00e7\u00e3o laser leve<\/strong> feito de pol\u00edmeros especiais, como a solu\u00e7\u00e3o perfeita para ser usado sobre \u00f3culos graduados. Esta arma\u00e7\u00e3o oferece um amplo campo de vis\u00e3o e prote\u00e7\u00e3o contra impactos laterais. As hastes podem ser ajustadas individualmente e uma espuma facial macia e bem vedada melhora o conforto.<\/p>\n<p>O <strong>filtro de seguran\u00e7a para laser 0278<\/strong> \u00e9 adequado para muitos lasers, tais como <strong>excimer (193 nm)<\/strong>, <strong>UV (248 nm)<\/strong>, <strong>Nd:YAG 4x (266 nm)<\/strong>, <strong>Nd:YAG 3x (355 nm)<\/strong>, <strong>Blaulicht-Laser (450 &#8211; 480 nm)<\/strong>, <strong>\u00c1rgon (515 nm)<\/strong>, <strong>Nd:<\/strong> <strong>YAG 2x (532 nm)<\/strong>, <strong>Ti:Saphir (800 nm)<\/strong>, <strong>D\u00edodo (<\/strong> <strong>808 nm)<\/strong>, <strong>D\u00edodo (940 nm)<\/strong>, <strong>Disco (1030 nm)<\/strong>, <strong>Nd:YAG (1064 nm)<\/strong>, <strong>Fibra (976 &#8211; 1080 nm)<\/strong> e <strong>CO2 (10600 nm)<\/strong>. O filtro de seguran\u00e7a para laser \u00e9 fabricado em pl\u00e1stico especial cor de laranja escuro e oferece uma transmiss\u00e3o visual da luz (VLT) de 30% e uma espessura de filtro inferior. O filtro de seguran\u00e7a para laser tem <strong>certifica\u00e7\u00e3o CE<\/strong> em conformidade com os requisitos da <strong>norma EN 207.<\/strong><\/p>\n<p><a href=\"https:\/\/gardalaser.it\/wp-content\/uploads\/2024\/03\/DB-000-K0278-ONTO-DE-EN.pdf\"><strong>Ver PDF<\/strong><\/a><\/p>\n","protected":false},"featured_media":3613,"template":"","meta":{"_acf_changed":false},"product_brand":[],"product_cat":[192],"product_tag":[],"class_list":{"0":"post-4668","1":"product","2":"type-product","3":"status-publish","4":"has-post-thumbnail","6":"tassonomia-enea-duo-pt-pt","7":"tassonomia-enea-trio-pt-pt","8":"tassonomia-ermes-pt-pt","9":"tassonomia-fisioterapia","10":"tassonomia-ginecologia","11":"tassonomia-medicina-dentaria","12":"tassonomia-otorinolaringoiatria","13":"tassonomia-podologia","14":"tassonomia-veterinaria","15":"tassonomia-zaira-pt-pt","16":"product_cat-oculos-de-protecao-contra-laser","18":"first","19":"instock","20":"taxable","21":"shipping-taxable","22":"purchasable","23":"product-type-simple"},"acf":[],"_links":{"self":[{"href":"https:\/\/gardalaser.it\/pt-pt\/wp-json\/wp\/v2\/product\/4668","targetHints":{"allow":["GET"]}}],"collection":[{"href":"https:\/\/gardalaser.it\/pt-pt\/wp-json\/wp\/v2\/product"}],"about":[{"href":"https:\/\/gardalaser.it\/pt-pt\/wp-json\/wp\/v2\/types\/product"}],"wp:featuredmedia":[{"embeddable":true,"href":"https:\/\/gardalaser.it\/pt-pt\/wp-json\/wp\/v2\/media\/3613"}],"wp:attachment":[{"href":"https:\/\/gardalaser.it\/pt-pt\/wp-json\/wp\/v2\/media?parent=4668"}],"wp:term":[{"taxonomy":"product_brand","embeddable":true,"href":"https:\/\/gardalaser.it\/pt-pt\/wp-json\/wp\/v2\/product_brand?post=4668"},{"taxonomy":"product_cat","embeddable":true,"href":"https:\/\/gardalaser.it\/pt-pt\/wp-json\/wp\/v2\/product_cat?post=4668"},{"taxonomy":"product_tag","embeddable":true,"href":"https:\/\/gardalaser.it\/pt-pt\/wp-json\/wp\/v2\/product_tag?post=4668"}],"curies":[{"name":"wp","href":"https:\/\/api.w.org\/{rel}","templated":true}]}}