{"id":4666,"date":"2022-04-21T16:15:48","date_gmt":"2022-04-21T14:15:48","guid":{"rendered":"https:\/\/gardalaser.it\/prodotto\/manipolo-fotobiomodulazione\/"},"modified":"2024-09-19T11:07:04","modified_gmt":"2024-09-19T09:07:04","slug":"peca-de-mao-de-fotobiomodulacao","status":"publish","type":"product","link":"https:\/\/gardalaser.it\/pt-pt\/produto\/peca-de-mao-de-fotobiomodulacao\/","title":{"rendered":"Pe\u00e7a de m\u00e3o de fotobiomodula\u00e7\u00e3o"},"content":{"rendered":"<ul>\n<li>conetor padr\u00e3o SMA 905<\/li>\n<li>abertura nominal 0,22<\/li>\n<li>comprimentos de onda de 400nm a 1500nm<\/li>\n<li>comprimento 3m<\/li>\n<li>ciclo de borracha autoclav\u00e1vel 121\u00b0 C durante 15 minutos<\/li>\n<\/ul>\n","protected":false},"excerpt":{"rendered":"<p>Acess\u00f3rio de fotobiomodula\u00e7\u00e3o ideal para uma a\u00e7\u00e3o laser equidistribu\u00edda ao longo de 1 cm2<\/p>\n","protected":false},"featured_media":2635,"template":"","meta":{"_acf_changed":false},"product_brand":[],"product_cat":[194],"product_tag":[],"class_list":{"0":"post-4666","1":"product","2":"type-product","3":"status-publish","4":"has-post-thumbnail","6":"tassonomia-enea-pt-pt","7":"tassonomia-enea-duo-pt-pt","8":"tassonomia-enea-trio-pt-pt","9":"tassonomia-ermes-pt-pt","10":"tassonomia-estetica","11":"tassonomia-fisioterapia","12":"tassonomia-higiene-dentaria","13":"tassonomia-medicina-dentaria","14":"tassonomia-otorinolaringoiatria","15":"tassonomia-podologia","16":"tassonomia-veterinaria","17":"tassonomia-zaira-pt-pt","18":"product_cat-pecas-de-mao-para-terapia","19":"product_shipping_class-spedizione-assicurata-pt-pt","21":"first","22":"instock","23":"taxable","24":"shipping-taxable","25":"purchasable","26":"product-type-simple"},"acf":[],"_links":{"self":[{"href":"https:\/\/gardalaser.it\/pt-pt\/wp-json\/wp\/v2\/product\/4666","targetHints":{"allow":["GET"]}}],"collection":[{"href":"https:\/\/gardalaser.it\/pt-pt\/wp-json\/wp\/v2\/product"}],"about":[{"href":"https:\/\/gardalaser.it\/pt-pt\/wp-json\/wp\/v2\/types\/product"}],"wp:featuredmedia":[{"embeddable":true,"href":"https:\/\/gardalaser.it\/pt-pt\/wp-json\/wp\/v2\/media\/2635"}],"wp:attachment":[{"href":"https:\/\/gardalaser.it\/pt-pt\/wp-json\/wp\/v2\/media?parent=4666"}],"wp:term":[{"taxonomy":"product_brand","embeddable":true,"href":"https:\/\/gardalaser.it\/pt-pt\/wp-json\/wp\/v2\/product_brand?post=4666"},{"taxonomy":"product_cat","embeddable":true,"href":"https:\/\/gardalaser.it\/pt-pt\/wp-json\/wp\/v2\/product_cat?post=4666"},{"taxonomy":"product_tag","embeddable":true,"href":"https:\/\/gardalaser.it\/pt-pt\/wp-json\/wp\/v2\/product_tag?post=4666"}],"curies":[{"name":"wp","href":"https:\/\/api.w.org\/{rel}","templated":true}]}}