{"id":4664,"date":"2024-03-11T11:00:22","date_gmt":"2024-03-11T10:00:22","guid":{"rendered":"https:\/\/gardalaser.it\/prodotto\/occhiali-protettivi-per-laser-450-532nm\/"},"modified":"2024-09-19T11:04:02","modified_gmt":"2024-09-19T09:04:02","slug":"oculos-de-protecao-para-lasers-de-450-532nm","status":"publish","type":"product","link":"https:\/\/gardalaser.it\/pt-pt\/produto\/oculos-de-protecao-para-lasers-de-450-532nm\/","title":{"rendered":"\u00d3culos de prote\u00e7\u00e3o para lasers de 450-532nm"},"content":{"rendered":"<p><strong>Informa\u00e7\u00f5es sobre o produto:<\/strong><\/p>\n<ul>\n<li>Aplica\u00e7\u00e3o: Excimer (193 nm), UV (248 nm), Nd:YAG 4x (266 nm), Nd:YAG 3x (355 nm), Laser de luz azul (450 &#8211; 480 nm), \u00c1rgon (515 nm), Nd:YAG 2x (532 nm), KTP (532 nm)<\/li>\n<li>VLT (transmiss\u00e3o de luz vis\u00edvel): 42%.<\/li>\n<li>Cor do filtro: laranja<\/li>\n<li>Material do filtro: pol\u00edmero<\/li>\n<li>Espessura do filtro: 2,0 mm<\/li>\n<li>Cor da arma\u00e7\u00e3o: preto\/branco<\/li>\n<\/ul>\n<p><strong>Arma\u00e7\u00e3o para \u00f3culos ONTOR:<\/strong><\/p>\n<ul>\n<li>\u00f3culos de desporto<\/li>\n<li>campo de vis\u00e3o muito amplo<\/li>\n<li>regula\u00e7\u00e3o individual do comprimento e do \u00e2ngulo das hastes<\/li>\n<li>conforto perfeito gra\u00e7as \u00e0 espuma facial em borracha<\/li>\n<\/ul>\n<p>&nbsp;<\/p>\n<table>\n<tbody>\n<tr>\n<td><strong>Comprimentos de onda<\/strong><\/td>\n<td><strong>N\u00edveis de prote\u00e7\u00e3o<\/strong><\/td>\n<\/tr>\n<tr>\n<td>180-315<\/td>\n<td>D LB10 + IR LB5 + M LB6Y (OD10+)<\/td>\n<\/tr>\n<tr>\n<td><strong>&gt;315-532<\/strong><\/td>\n<td><strong>D LB6 + IRM LB8 (OD8+)<\/strong><\/td>\n<\/tr>\n<tr>\n<td><strong>&gt;532-534<\/strong><\/td>\n<td><strong>D LB6 + IRM LB7 (OD7+)<\/strong><\/td>\n<\/tr>\n<tr>\n<td><strong>&gt;534-536<\/strong><\/td>\n<td><strong>DIRM LB6 (OD6+)<\/strong><\/td>\n<\/tr>\n<tr>\n<td><strong>&gt;536-538<\/strong><\/td>\n<td><strong>DIRM LB5 (OD5+)<\/strong><\/td>\n<\/tr>\n<tr>\n<td>&gt;538-540<\/td>\n<td>DIRM LB4 (OD4+)<\/td>\n<\/tr>\n<tr>\n<td>&gt;540-542<\/td>\n<td>DIRM LB3 (OD3+)<\/td>\n<\/tr>\n<tr>\n<td>&gt;542-544<\/td>\n<td>DIRM LB2 (OD2+)<\/td>\n<\/tr>\n<tr>\n<td>&gt;544-548<\/td>\n<td>DIRM LB1 (OD1+)<\/td>\n<\/tr>\n<tr>\n<td>&gt;4004-4625<\/td>\n<td>DIR LB2 (OD2+)<\/td>\n<\/tr>\n<tr>\n<td>&gt;4625-4770<\/td>\n<td>DIR LB1 (OD3+)<\/td>\n<\/tr>\n<tr>\n<td>&gt;4770-5170<\/td>\n<td>DI LB3 + R LB3Y (OD3+)<\/td>\n<\/tr>\n<tr>\n<td>&gt;5170-11500<\/td>\n<td>DI LB4 + R LB3Y (OD4+)<\/td>\n<\/tr>\n<tr>\n<td><\/td>\n<td>PFCE<\/td>\n<\/tr>\n<\/tbody>\n<\/table>\n","protected":false},"excerpt":{"rendered":"<p>ONTOR \u00e9 um <strong>\u00f3culos de prote\u00e7\u00e3o laser leve<\/strong> feito de pol\u00edmeros especiais, como a solu\u00e7\u00e3o perfeita para ser usado sobre \u00f3culos graduados. Esta arma\u00e7\u00e3o oferece um amplo campo de vis\u00e3o e prote\u00e7\u00e3o contra impactos laterais. As hastes podem ser ajustadas individualmente e uma espuma facial macia e bem vedada melhora o conforto.<\/p>\n<p>O <strong>filtro de seguran\u00e7a para laser 0277<\/strong> \u00e9 adequado para os potentes <strong>lasers<\/strong> <strong>Nd:YAG 4x (266 nm)<\/strong>, <strong>Nd:YAG 3x (355 nm)<\/strong>, <strong>Blaulicht-Laser (450 &#8211; 480 nm)<\/strong>, <strong>\u00c1rgon (515 nm)<\/strong>, <strong>Nd:YAG 2x (532 nm) )<\/strong> e <strong>KTP (532 nm)<\/strong>. O filtro de seguran\u00e7a para laser \u00e9 constitu\u00eddo por um policarbonato cor de laranja e oferece uma elevada transmiss\u00e3o visual da luz (VLT) de 42% devido \u00e0 sua reduzida espessura. O filtro de prote\u00e7\u00e3o contra laser tem <strong>certifica\u00e7\u00e3o CE<\/strong> em conformidade com os requisitos da <strong>norma EN 207.<\/strong><\/p>\n<p><a href=\"https:\/\/gardalaser.it\/wp-content\/uploads\/2024\/03\/DB-000-K0277-ONTO-DE-EN.pdf\"><strong>Ver PDF<\/strong><\/a><\/p>\n","protected":false},"featured_media":3585,"template":"","meta":{"_acf_changed":false},"product_brand":[],"product_cat":[192],"product_tag":[],"class_list":{"0":"post-4664","1":"product","2":"type-product","3":"status-publish","4":"has-post-thumbnail","6":"tassonomia-enea-duo-pt-pt","7":"tassonomia-enea-trio-pt-pt","8":"tassonomia-ermes-pt-pt","9":"tassonomia-fisioterapia","10":"tassonomia-ginecologia","11":"tassonomia-higiene-dentaria","12":"tassonomia-medicina-dentaria","13":"tassonomia-otorinolaringoiatria","14":"tassonomia-podologia","15":"tassonomia-veterinaria","16":"product_cat-oculos-de-protecao-contra-laser","18":"first","19":"onbackorder","20":"taxable","21":"shipping-taxable","22":"purchasable","23":"product-type-simple"},"acf":[],"_links":{"self":[{"href":"https:\/\/gardalaser.it\/pt-pt\/wp-json\/wp\/v2\/product\/4664","targetHints":{"allow":["GET"]}}],"collection":[{"href":"https:\/\/gardalaser.it\/pt-pt\/wp-json\/wp\/v2\/product"}],"about":[{"href":"https:\/\/gardalaser.it\/pt-pt\/wp-json\/wp\/v2\/types\/product"}],"wp:featuredmedia":[{"embeddable":true,"href":"https:\/\/gardalaser.it\/pt-pt\/wp-json\/wp\/v2\/media\/3585"}],"wp:attachment":[{"href":"https:\/\/gardalaser.it\/pt-pt\/wp-json\/wp\/v2\/media?parent=4664"}],"wp:term":[{"taxonomy":"product_brand","embeddable":true,"href":"https:\/\/gardalaser.it\/pt-pt\/wp-json\/wp\/v2\/product_brand?post=4664"},{"taxonomy":"product_cat","embeddable":true,"href":"https:\/\/gardalaser.it\/pt-pt\/wp-json\/wp\/v2\/product_cat?post=4664"},{"taxonomy":"product_tag","embeddable":true,"href":"https:\/\/gardalaser.it\/pt-pt\/wp-json\/wp\/v2\/product_tag?post=4664"}],"curies":[{"name":"wp","href":"https:\/\/api.w.org\/{rel}","templated":true}]}}