{"id":4654,"date":"2024-03-11T10:13:12","date_gmt":"2024-03-11T09:13:12","guid":{"rendered":"https:\/\/gardalaser.it\/prodotto\/occhiali-per-laser-1470-1520-1940nm\/"},"modified":"2024-09-19T10:38:36","modified_gmt":"2024-09-19T08:38:36","slug":"oculos-de-protecao-contra-laser-1470-1520-1940nm","status":"publish","type":"product","link":"https:\/\/gardalaser.it\/pt-pt\/produto\/oculos-de-protecao-contra-laser-1470-1520-1940nm\/","title":{"rendered":"\u00d3culos de prote\u00e7\u00e3o contra laser 1470-1520-1940nm"},"content":{"rendered":"<p><strong>Informa\u00e7\u00f5es sobre o produto<\/strong><\/p>\n<ul>\n<li>Aplica\u00e7\u00e3o: Ho:YAG (2100 nm), T\u00falio (1480 + 1940 nm), Er:vidro (1540 nm), Telecom (1320 nm)<\/li>\n<li>VLT (transmiss\u00e3o de luz vis\u00edvel): 25%.<\/li>\n<li>Cor do filtro: cinzento<\/li>\n<li>Material do filtro: pol\u00edmero<\/li>\n<li>Espessura do filtro: 2,0 mm<\/li>\n<li>Cor da arma\u00e7\u00e3o: preto\/branco<\/li>\n<\/ul>\n<p><strong>Arma\u00e7\u00e3o para \u00f3culos ONTOR:<\/strong><\/p>\n<ul>\n<li>\u00f3culos de desporto<\/li>\n<li>campo de vis\u00e3o muito amplo<\/li>\n<li>regula\u00e7\u00e3o individual do comprimento e do \u00e2ngulo das hastes<\/li>\n<li>conforto perfeito gra\u00e7as \u00e0 espuma facial em borracha<\/li>\n<\/ul>\n<p>&nbsp;<\/p>\n<table>\n<tbody>\n<tr>\n<td><strong>Comprimentos de onda<\/strong><\/td>\n<td><strong>N\u00edveis de prote\u00e7\u00e3o<\/strong><\/td>\n<\/tr>\n<tr>\n<td>180-315<\/td>\n<td>D LB10 + IR LB5 + M LB6Y (OD10+)<\/td>\n<\/tr>\n<tr>\n<td>800-1000<\/td>\n<td>DIR LB1 (OD1+)<\/td>\n<\/tr>\n<tr>\n<td>&gt;1000-1300<\/td>\n<td>DIR LB2 (OD2+)<\/td>\n<\/tr>\n<tr>\n<td>&gt;1300-1400<\/td>\n<td>DIR LB3 (OD3+)<\/td>\n<\/tr>\n<tr>\n<td>&gt;1400-1430<\/td>\n<td>DIR LB3 + M LB3Y (OD3+)<\/td>\n<\/tr>\n<tr>\n<td><strong>&gt;1430-11.500<\/strong><\/td>\n<td><strong>DI LB4 + R LB3Y + M LB4Y (OD4+)<\/strong><\/td>\n<\/tr>\n<tr>\n<td><\/td>\n<td>PF SCE<\/td>\n<\/tr>\n<\/tbody>\n<\/table>\n","protected":false},"excerpt":{"rendered":"<p>ONTOR \u00e9 um <strong>\u00f3culos de prote\u00e7\u00e3o laser leve<\/strong> feito de pol\u00edmeros especiais, como a solu\u00e7\u00e3o perfeita para ser usado sobre \u00f3culos graduados. Esta arma\u00e7\u00e3o oferece um amplo campo de vis\u00e3o e prote\u00e7\u00e3o contra impactos laterais. As hastes podem ser ajustadas individualmente e uma espuma facial macia e bem vedada melhora o conforto.<\/p>\n<p>O <strong>filtro de seguran\u00e7a para laser 0342<\/strong> \u00e9 especialmente adequado para <strong>excimer, UV, Tm:d\u00edodo, Er:vidro, telecomunica\u00e7\u00f5es, tulium, Ho:YAG, Er:YAG<\/strong> e <strong>CO2,<\/strong> mas tamb\u00e9m cobre outros comprimentos de onda. O filtro de seguran\u00e7a para laser \u00e9 fabricado em policarbonato cinzento e oferece uma transmiss\u00e3o visual da luz (VLT) de 25% e uma espessura de filtro inferior. O filtro de prote\u00e7\u00e3o contra laser tem <strong>certifica\u00e7\u00e3o CE<\/strong>, em conformidade com os requisitos da <strong>norma EN 207.<\/strong><\/p>\n<p><a href=\"https:\/\/gardalaser.it\/wp-content\/uploads\/2024\/03\/DB-000-K0342-ONTO-DE-EN.pdf\"><strong>Ver PDF<\/strong><\/a><\/p>\n","protected":false},"featured_media":3546,"template":"","meta":{"_acf_changed":false},"product_brand":[],"product_cat":[192],"product_tag":[],"class_list":{"0":"post-4654","1":"product","2":"type-product","3":"status-publish","4":"has-post-thumbnail","6":"tassonomia-enea-duo-pt-pt","7":"tassonomia-enea-trio-pt-pt","8":"tassonomia-fisioterapia","9":"tassonomia-ginecologia","10":"tassonomia-medicina-dentaria","11":"tassonomia-otorinolaringoiatria","12":"tassonomia-podologia","13":"tassonomia-veterinaria","14":"tassonomia-zaira-pt-pt","15":"product_cat-oculos-de-protecao-contra-laser","17":"first","18":"instock","19":"taxable","20":"shipping-taxable","21":"purchasable","22":"product-type-simple"},"acf":[],"_links":{"self":[{"href":"https:\/\/gardalaser.it\/pt-pt\/wp-json\/wp\/v2\/product\/4654","targetHints":{"allow":["GET"]}}],"collection":[{"href":"https:\/\/gardalaser.it\/pt-pt\/wp-json\/wp\/v2\/product"}],"about":[{"href":"https:\/\/gardalaser.it\/pt-pt\/wp-json\/wp\/v2\/types\/product"}],"wp:featuredmedia":[{"embeddable":true,"href":"https:\/\/gardalaser.it\/pt-pt\/wp-json\/wp\/v2\/media\/3546"}],"wp:attachment":[{"href":"https:\/\/gardalaser.it\/pt-pt\/wp-json\/wp\/v2\/media?parent=4654"}],"wp:term":[{"taxonomy":"product_brand","embeddable":true,"href":"https:\/\/gardalaser.it\/pt-pt\/wp-json\/wp\/v2\/product_brand?post=4654"},{"taxonomy":"product_cat","embeddable":true,"href":"https:\/\/gardalaser.it\/pt-pt\/wp-json\/wp\/v2\/product_cat?post=4654"},{"taxonomy":"product_tag","embeddable":true,"href":"https:\/\/gardalaser.it\/pt-pt\/wp-json\/wp\/v2\/product_tag?post=4654"}],"curies":[{"name":"wp","href":"https:\/\/api.w.org\/{rel}","templated":true}]}}