{"id":4652,"date":"2022-05-05T09:59:54","date_gmt":"2022-05-05T07:59:54","guid":{"rendered":"https:\/\/gardalaser.it\/prodotto\/manipolo-ginecologico\/"},"modified":"2024-09-19T10:34:03","modified_gmt":"2024-09-19T08:34:03","slug":"peca-de-mao-ginecologica","status":"publish","type":"product","link":"https:\/\/gardalaser.it\/pt-pt\/produto\/peca-de-mao-ginecologica\/","title":{"rendered":"Pe\u00e7a de m\u00e3o ginecol\u00f3gica"},"content":{"rendered":"<ul>\n<li>conetor padr\u00e3o SMA 905<\/li>\n<li>abertura nominal 0,22<\/li>\n<li>comprimento de onda 808nm\/980nm\/1470nm<\/li>\n<li>comprimento 2m<\/li>\n<li>pot\u00eancia m\u00e1xima 30 W<\/li>\n<li>ciclo de borracha autoclav\u00e1vel 121\u00b0 C durante 15 minutos<\/li>\n<\/ul>\n","protected":false},"excerpt":{"rendered":"<p>Pe\u00e7a de m\u00e3o utilizada para efetuar tratamentos ginecol\u00f3gicos para terapia minimamente invasiva assistida por laser<\/p>\n","protected":false},"featured_media":2723,"template":"","meta":{"_acf_changed":false},"product_brand":[],"product_cat":[202],"product_tag":[],"class_list":{"0":"post-4652","1":"product","2":"type-product","3":"status-publish","4":"has-post-thumbnail","6":"tassonomia-enea-pt-pt","7":"tassonomia-enea-duo-pt-pt","8":"tassonomia-enea-trio-pt-pt","9":"tassonomia-ermes-pt-pt","10":"tassonomia-ginecologia","11":"tassonomia-veterinaria","12":"tassonomia-zaira-pt-pt","13":"product_cat-pecas-de-mao-para-ginecologia","14":"product_shipping_class-spedizione-assicurata-fascia-alta-pt-pt","16":"first","17":"instock","18":"taxable","19":"shipping-taxable","20":"purchasable","21":"product-type-simple"},"acf":[],"_links":{"self":[{"href":"https:\/\/gardalaser.it\/pt-pt\/wp-json\/wp\/v2\/product\/4652","targetHints":{"allow":["GET"]}}],"collection":[{"href":"https:\/\/gardalaser.it\/pt-pt\/wp-json\/wp\/v2\/product"}],"about":[{"href":"https:\/\/gardalaser.it\/pt-pt\/wp-json\/wp\/v2\/types\/product"}],"wp:featuredmedia":[{"embeddable":true,"href":"https:\/\/gardalaser.it\/pt-pt\/wp-json\/wp\/v2\/media\/2723"}],"wp:attachment":[{"href":"https:\/\/gardalaser.it\/pt-pt\/wp-json\/wp\/v2\/media?parent=4652"}],"wp:term":[{"taxonomy":"product_brand","embeddable":true,"href":"https:\/\/gardalaser.it\/pt-pt\/wp-json\/wp\/v2\/product_brand?post=4652"},{"taxonomy":"product_cat","embeddable":true,"href":"https:\/\/gardalaser.it\/pt-pt\/wp-json\/wp\/v2\/product_cat?post=4652"},{"taxonomy":"product_tag","embeddable":true,"href":"https:\/\/gardalaser.it\/pt-pt\/wp-json\/wp\/v2\/product_tag?post=4652"}],"curies":[{"name":"wp","href":"https:\/\/api.w.org\/{rel}","templated":true}]}}