{"id":4643,"date":"2022-05-05T11:23:15","date_gmt":"2022-05-05T09:23:15","guid":{"rendered":"https:\/\/gardalaser.it\/prodotto\/wireless-ultrasound-scanner-a-colori-con-hd-doppia-testa-lineare-convessa\/"},"modified":"2024-09-19T10:11:21","modified_gmt":"2024-09-19T08:11:21","slug":"scanner-a-cores-de-ultra-sons-sem-fios-com-cabeca-dupla-hd-linear-convexa","status":"publish","type":"product","link":"https:\/\/gardalaser.it\/pt-pt\/produto\/scanner-a-cores-de-ultra-sons-sem-fios-com-cabeca-dupla-hd-linear-convexa\/","title":{"rendered":"Scanner a cores HD de ultra-sons sem fios com cabe\u00e7as duplas lineares-convexas"},"content":{"rendered":"<ul>\n<li>tipo de liga\u00e7\u00e3o: WI-FI<\/li>\n<li>configur\u00e1vel com: IOS, Android, Windows PC<\/li>\n<\/ul>\n","protected":false},"excerpt":{"rendered":"<p>Aparelho port\u00e1til de ecografia de precis\u00e3o para an\u00e1lise de diagn\u00f3stico r\u00e1pido a cores de alta defini\u00e7\u00e3o com transmiss\u00e3o sem fios e cabe\u00e7a dupla linear-convexa<\/p>\n","protected":false},"featured_media":2726,"template":"","meta":{"_acf_changed":false},"product_brand":[],"product_cat":[200],"product_tag":[],"class_list":{"0":"post-4643","1":"product","2":"type-product","3":"status-publish","4":"has-post-thumbnail","6":"tassonomia-enea-pt-pt","7":"tassonomia-enea-duo-pt-pt","8":"tassonomia-enea-trio-pt-pt","9":"tassonomia-ermes-pt-pt","10":"tassonomia-zaira-pt-pt","11":"product_cat-wireless-ultrasound-scanner-pt-pt","12":"product_shipping_class-spedizione-assicurata-fascia-alta-pt-pt","14":"first","15":"instock","16":"taxable","17":"shipping-taxable","18":"purchasable","19":"product-type-simple"},"acf":[],"_links":{"self":[{"href":"https:\/\/gardalaser.it\/pt-pt\/wp-json\/wp\/v2\/product\/4643","targetHints":{"allow":["GET"]}}],"collection":[{"href":"https:\/\/gardalaser.it\/pt-pt\/wp-json\/wp\/v2\/product"}],"about":[{"href":"https:\/\/gardalaser.it\/pt-pt\/wp-json\/wp\/v2\/types\/product"}],"wp:featuredmedia":[{"embeddable":true,"href":"https:\/\/gardalaser.it\/pt-pt\/wp-json\/wp\/v2\/media\/2726"}],"wp:attachment":[{"href":"https:\/\/gardalaser.it\/pt-pt\/wp-json\/wp\/v2\/media?parent=4643"}],"wp:term":[{"taxonomy":"product_brand","embeddable":true,"href":"https:\/\/gardalaser.it\/pt-pt\/wp-json\/wp\/v2\/product_brand?post=4643"},{"taxonomy":"product_cat","embeddable":true,"href":"https:\/\/gardalaser.it\/pt-pt\/wp-json\/wp\/v2\/product_cat?post=4643"},{"taxonomy":"product_tag","embeddable":true,"href":"https:\/\/gardalaser.it\/pt-pt\/wp-json\/wp\/v2\/product_tag?post=4643"}],"curies":[{"name":"wp","href":"https:\/\/api.w.org\/{rel}","templated":true}]}}