{"id":4639,"date":"2022-05-05T11:17:31","date_gmt":"2022-05-05T09:17:31","guid":{"rendered":"https:\/\/gardalaser.it\/prodotto\/wireless-ultrasound-scanner-b-n-con-singola-testa-lineare\/"},"modified":"2024-09-19T10:06:20","modified_gmt":"2024-09-19T08:06:20","slug":"scanner-de-ultrassom-p-b-sem-fio-com-cabeca-linear-unica","status":"publish","type":"product","link":"https:\/\/gardalaser.it\/pt-pt\/produto\/scanner-de-ultrassom-p-b-sem-fio-com-cabeca-linear-unica\/","title":{"rendered":"Scanner de ultrassom P\/B sem fio com cabe\u00e7a linear \u00fanica"},"content":{"rendered":"<ul>\n<li>tipo de liga\u00e7\u00e3o: WI-FI<\/li>\n<li>configur\u00e1vel com: IOS, Android, Windows PC<\/li>\n<\/ul>\n","protected":false},"excerpt":{"rendered":"<p>Dispositivo port\u00e1til para a <strong>explora\u00e7\u00e3o de ultra-sons de precis\u00e3o<\/strong> para an\u00e1lise de diagn\u00f3stico r\u00e1pido a preto e branco com transmiss\u00e3o sem fios e cabe\u00e7a linear \u00fanica<\/p>\n","protected":false},"featured_media":2731,"template":"","meta":{"_acf_changed":false},"product_brand":[],"product_cat":[200],"product_tag":[],"class_list":{"0":"post-4639","1":"product","2":"type-product","3":"status-publish","4":"has-post-thumbnail","6":"tassonomia-enea-pt-pt","7":"tassonomia-enea-duo-pt-pt","8":"tassonomia-enea-trio-pt-pt","9":"tassonomia-ermes-pt-pt","10":"tassonomia-zaira-pt-pt","11":"product_cat-wireless-ultrasound-scanner-pt-pt","12":"product_shipping_class-spedizione-assicurata-fascia-alta-pt-pt","14":"first","15":"instock","16":"taxable","17":"shipping-taxable","18":"purchasable","19":"product-type-simple"},"acf":[],"_links":{"self":[{"href":"https:\/\/gardalaser.it\/pt-pt\/wp-json\/wp\/v2\/product\/4639","targetHints":{"allow":["GET"]}}],"collection":[{"href":"https:\/\/gardalaser.it\/pt-pt\/wp-json\/wp\/v2\/product"}],"about":[{"href":"https:\/\/gardalaser.it\/pt-pt\/wp-json\/wp\/v2\/types\/product"}],"wp:featuredmedia":[{"embeddable":true,"href":"https:\/\/gardalaser.it\/pt-pt\/wp-json\/wp\/v2\/media\/2731"}],"wp:attachment":[{"href":"https:\/\/gardalaser.it\/pt-pt\/wp-json\/wp\/v2\/media?parent=4639"}],"wp:term":[{"taxonomy":"product_brand","embeddable":true,"href":"https:\/\/gardalaser.it\/pt-pt\/wp-json\/wp\/v2\/product_brand?post=4639"},{"taxonomy":"product_cat","embeddable":true,"href":"https:\/\/gardalaser.it\/pt-pt\/wp-json\/wp\/v2\/product_cat?post=4639"},{"taxonomy":"product_tag","embeddable":true,"href":"https:\/\/gardalaser.it\/pt-pt\/wp-json\/wp\/v2\/product_tag?post=4639"}],"curies":[{"name":"wp","href":"https:\/\/api.w.org\/{rel}","templated":true}]}}