{"id":4635,"date":"2022-04-22T15:51:42","date_gmt":"2022-04-22T13:51:42","guid":{"rendered":"https:\/\/gardalaser.it\/prodotto\/photizo-blush\/"},"modified":"2024-09-19T10:01:15","modified_gmt":"2024-09-19T08:01:15","slug":"photizo-blush","status":"publish","type":"product","link":"https:\/\/gardalaser.it\/pt-pt\/produto\/photizo-blush\/","title":{"rendered":"Photizo Blush"},"content":{"rendered":"<p>O Photizo Blush <strong>n\u00e3o<\/strong> \u00e9 um dispositivo m\u00e9dico CE.<\/p>\n<p>&nbsp;<\/p>\n<p><img loading=\"lazy\" decoding=\"async\" class=\"alignnone size-medium wp-image-2948\" src=\"https:\/\/gardalaser.it\/wp-content\/uploads\/2022\/04\/blush-300x65.jpg\" alt=\"\" width=\"300\" height=\"65\" srcset=\"https:\/\/gardalaser.it\/wp-content\/uploads\/2022\/04\/blush-300x65.jpg 300w, https:\/\/gardalaser.it\/wp-content\/uploads\/2022\/04\/blush-500x109.jpg 500w, https:\/\/gardalaser.it\/wp-content\/uploads\/2022\/04\/blush.jpg 514w\" sizes=\"auto, (max-width: 300px) 100vw, 300px\" \/><\/p>\n<p>&nbsp;<\/p>\n<ul>\n<li>tratamento a laser em casa para<strong> reduzir as r\u00eddulas, as rugas e os p\u00e9s de galinha<\/strong><\/li>\n<li>tratamento com laser em casa para<strong> melhorar a textura e o tom da pele<\/strong><\/li>\n<li>tratamento a laser em casa para<strong> estimular a produ\u00e7\u00e3o de colag\u00e9nio e elastina<\/strong><\/li>\n<li>tratamento com laser em casa para<strong> reduzir o aparecimento de olhos inchados e olheiras<\/strong><\/li>\n<li>tratamento a laser caseiro para<strong> manchas na pele<\/strong><\/li>\n<\/ul>\n<p>&nbsp;<\/p>\n<h2>COMO \u00c9 UTILIZADO O PHOTIZO?<\/h2>\n<p>Colocar a cabe\u00e7a do Photizo Blush (que cont\u00e9m os LEDs e os infravermelhos) na \u00e1rea a tratar, premir o bot\u00e3o de alimenta\u00e7\u00e3o cor-de-rosa e aguardar at\u00e9 que o tratamento temporizado esteja conclu\u00eddo, passando depois para a \u00e1rea seguinte a tratar. Repetir o procedimento como indicado no manual para todas as \u00e1reas desejadas.<\/p>\n","protected":false},"excerpt":{"rendered":"<p>Dispositivo port\u00e1til eficaz para o <strong>rejuvenescimento da pele<\/strong>, estimula a produ\u00e7\u00e3o de colag\u00e9nio e elastina.<\/p>\n<p>&nbsp;<\/p>\n<p>A Garda Laser \u00e9 um revendedor autorizado da PHOTIZO\u00ae LIGHT THERAPY. <a href=\"https:\/\/gardalaser.it\/wp-content\/uploads\/2024\/05\/IFU-Blush-2021.pdf\">Ver PDF<\/a><\/p>\n","protected":false},"featured_media":2766,"template":"","meta":{"_acf_changed":false},"product_brand":[],"product_cat":[198],"product_tag":[],"class_list":{"0":"post-4635","1":"product","2":"type-product","3":"status-publish","4":"has-post-thumbnail","6":"product_cat-home-care-photizo-pt-pt","8":"first","9":"outofstock","10":"taxable","11":"shipping-taxable","12":"purchasable","13":"product-type-simple"},"acf":[],"_links":{"self":[{"href":"https:\/\/gardalaser.it\/pt-pt\/wp-json\/wp\/v2\/product\/4635","targetHints":{"allow":["GET"]}}],"collection":[{"href":"https:\/\/gardalaser.it\/pt-pt\/wp-json\/wp\/v2\/product"}],"about":[{"href":"https:\/\/gardalaser.it\/pt-pt\/wp-json\/wp\/v2\/types\/product"}],"wp:featuredmedia":[{"embeddable":true,"href":"https:\/\/gardalaser.it\/pt-pt\/wp-json\/wp\/v2\/media\/2766"}],"wp:attachment":[{"href":"https:\/\/gardalaser.it\/pt-pt\/wp-json\/wp\/v2\/media?parent=4635"}],"wp:term":[{"taxonomy":"product_brand","embeddable":true,"href":"https:\/\/gardalaser.it\/pt-pt\/wp-json\/wp\/v2\/product_brand?post=4635"},{"taxonomy":"product_cat","embeddable":true,"href":"https:\/\/gardalaser.it\/pt-pt\/wp-json\/wp\/v2\/product_cat?post=4635"},{"taxonomy":"product_tag","embeddable":true,"href":"https:\/\/gardalaser.it\/pt-pt\/wp-json\/wp\/v2\/product_tag?post=4635"}],"curies":[{"name":"wp","href":"https:\/\/api.w.org\/{rel}","templated":true}]}}