{"id":4631,"date":"2022-04-22T15:45:23","date_gmt":"2022-04-22T13:45:23","guid":{"rendered":"https:\/\/gardalaser.it\/prodotto\/photizo-skincare\/"},"modified":"2024-09-19T09:58:16","modified_gmt":"2024-09-19T07:58:16","slug":"photizo-skincare","status":"publish","type":"product","link":"https:\/\/gardalaser.it\/pt-pt\/produto\/photizo-skincare\/","title":{"rendered":"Photizo Skincare"},"content":{"rendered":"<p>Photizo Pain Relief \u00e9 um <strong>CE clinicamente aprovado<\/strong> para o <strong>tratamento da dor cr\u00f3nica.<\/strong><\/p>\n<p>&nbsp;<\/p>\n<p><img loading=\"lazy\" decoding=\"async\" class=\"alignnone size-medium wp-image-2956\" src=\"https:\/\/gardalaser.it\/wp-content\/uploads\/2022\/04\/skincare-300x86.jpg\" alt=\"\" width=\"300\" height=\"86\" srcset=\"https:\/\/gardalaser.it\/wp-content\/uploads\/2022\/04\/skincare-300x86.jpg 300w, https:\/\/gardalaser.it\/wp-content\/uploads\/2022\/04\/skincare.jpg 376w\" sizes=\"auto, (max-width: 300px) 100vw, 300px\" \/><\/p>\n<p>&nbsp;<\/p>\n<ul>\n<li>tratamento a laser em casa para <strong>cicatriza\u00e7\u00e3o de feridas<\/strong><\/li>\n<li>tratamento a laser caseiro para <strong>cicatriza\u00e7\u00e3o de hematomas<\/strong><\/li>\n<li>tratamento laser caseiro para <strong>tratamento da pele<\/strong><\/li>\n<li>tratamento laser caseiro para <strong>cicatrizes<\/strong><\/li>\n<li>tratamento a laser para <strong>feridas abertas<\/strong><\/li>\n<li>tratamento a laser para <strong>feridas provocadas por picadas de insectos<\/strong><\/li>\n<li>tratamento a laser em casa para <strong>abras\u00f5es ou lacera\u00e7\u00f5es<\/strong><\/li>\n<li>tratamento a laser para <strong>\u00falceras<\/strong><\/li>\n<li>tratamento a laser para <strong>hematomas<\/strong><\/li>\n<li>tratamento a laser para <strong>bolhas<\/strong><\/li>\n<\/ul>\n<p>&nbsp;<\/p>\n<h2>COMO \u00c9 QUE O PHOTIZO \u00c9 UTILIZADO?<\/h2>\n<p>Colocar a cabe\u00e7a do Photizo Blush (que cont\u00e9m os LEDs e os infravermelhos) na \u00e1rea a tratar, premir o bot\u00e3o de alimenta\u00e7\u00e3o cor-de-rosa e aguardar at\u00e9 que o tratamento cronometrado esteja conclu\u00eddo, passando depois para a \u00e1rea seguinte a tratar. Repetir o procedimento como indicado no manual para todas as \u00e1reas desejadas.<\/p>\n","protected":false},"excerpt":{"rendered":"<p>Dispositivo m\u00e9dico port\u00e1til <strong>para<\/strong> tratamento <strong>da pele que ajuda na cicatriza\u00e7\u00e3o de feridas, cortes e contus\u00f5es<\/strong>.<\/p>\n<p>&nbsp;<\/p>\n<p>A Garda Laser \u00e9 um revendedor autorizado da PHOTIZO\u00ae LIGHT THERAPY. <a href=\"https:\/\/gardalaser.it\/wp-content\/uploads\/2024\/05\/IFUs-Home-Care-2022.pdf\">Ver PDF<\/a><\/p>\n","protected":false},"featured_media":2767,"template":"","meta":{"_acf_changed":false},"product_brand":[],"product_cat":[198],"product_tag":[],"class_list":{"0":"post-4631","1":"product","2":"type-product","3":"status-publish","4":"has-post-thumbnail","6":"product_cat-home-care-photizo-pt-pt","8":"first","9":"outofstock","10":"taxable","11":"shipping-taxable","12":"purchasable","13":"product-type-simple"},"acf":[],"_links":{"self":[{"href":"https:\/\/gardalaser.it\/pt-pt\/wp-json\/wp\/v2\/product\/4631","targetHints":{"allow":["GET"]}}],"collection":[{"href":"https:\/\/gardalaser.it\/pt-pt\/wp-json\/wp\/v2\/product"}],"about":[{"href":"https:\/\/gardalaser.it\/pt-pt\/wp-json\/wp\/v2\/types\/product"}],"wp:featuredmedia":[{"embeddable":true,"href":"https:\/\/gardalaser.it\/pt-pt\/wp-json\/wp\/v2\/media\/2767"}],"wp:attachment":[{"href":"https:\/\/gardalaser.it\/pt-pt\/wp-json\/wp\/v2\/media?parent=4631"}],"wp:term":[{"taxonomy":"product_brand","embeddable":true,"href":"https:\/\/gardalaser.it\/pt-pt\/wp-json\/wp\/v2\/product_brand?post=4631"},{"taxonomy":"product_cat","embeddable":true,"href":"https:\/\/gardalaser.it\/pt-pt\/wp-json\/wp\/v2\/product_cat?post=4631"},{"taxonomy":"product_tag","embeddable":true,"href":"https:\/\/gardalaser.it\/pt-pt\/wp-json\/wp\/v2\/product_tag?post=4631"}],"curies":[{"name":"wp","href":"https:\/\/api.w.org\/{rel}","templated":true}]}}