{"id":4628,"date":"2022-04-22T15:41:09","date_gmt":"2022-04-22T13:41:09","guid":{"rendered":"https:\/\/gardalaser.it\/prodotto\/photizo-pain-relief\/"},"modified":"2024-09-19T09:55:13","modified_gmt":"2024-09-19T07:55:13","slug":"photizo-pain-relief","status":"publish","type":"product","link":"https:\/\/gardalaser.it\/pt-pt\/produto\/photizo-pain-relief\/","title":{"rendered":"Photizo Pain Relief"},"content":{"rendered":"<p>Photizo Pain Relief \u00e9 um <strong>CE clinicamente aprovado<\/strong> para o <strong>tratamento da dor cr\u00f3nica.<\/strong><\/p>\n<p>&nbsp;<\/p>\n<p><img loading=\"lazy\" decoding=\"async\" class=\"alignnone size-medium wp-image-2856\" src=\"https:\/\/gardalaser.it\/wp-content\/uploads\/2022\/04\/Senza-titolo-300x66.png\" alt=\"\" width=\"300\" height=\"66\" srcset=\"https:\/\/gardalaser.it\/wp-content\/uploads\/2022\/04\/Senza-titolo-300x66.png 300w, https:\/\/gardalaser.it\/wp-content\/uploads\/2022\/04\/Senza-titolo.png 362w\" sizes=\"auto, (max-width: 300px) 100vw, 300px\" \/><\/p>\n<p>&nbsp;<\/p>\n<ul>\n<li>tratamento laser caseiro para <strong>dores m\u00fasculo-esquel\u00e9ticas<\/strong><\/li>\n<li>tratamento laser caseiro para <strong>reduzir a inflama\u00e7\u00e3o<\/strong><\/li>\n<li>tratamento a laser caseiro para <strong>artrite<\/strong><\/li>\n<li>tratamento laser caseiro para <strong>dores no pesco\u00e7o<\/strong><\/li>\n<li>tratamento a laser em casa para <strong>problemas nas costas<\/strong><\/li>\n<li>tratamento laser ao domic\u00edlio para <strong>les\u00f5es ou opera\u00e7\u00f5es p\u00f3s-cir\u00fargicas<\/strong><\/li>\n<li>tratamento a laser em casa para <strong>les\u00f5es nervosas<\/strong><\/li>\n<li>tratamento a laser em casa para <strong>infec\u00e7\u00f5es e fibromialgia<\/strong><\/li>\n<\/ul>\n<h2>COMO \u00c9 QUE O PHOTIZO \u00c9 UTILIZADO?<\/h2>\n<p>Colocar a cabe\u00e7a do Photizo Pain Relief (que cont\u00e9m os LEDs e os infravermelhos) na \u00e1rea a tratar, premir o bot\u00e3o verde de alimenta\u00e7\u00e3o e aguardar at\u00e9 que o tratamento temporizado esteja conclu\u00eddo, passando depois para a \u00e1rea seguinte a tratar. Repetir o procedimento como indicado no manual para todas as \u00e1reas desejadas.<\/p>\n","protected":false},"excerpt":{"rendered":"<p>Dispositivo m\u00e9dico que <strong>alivia e ajuda a gerir a dor cr\u00f3nica<\/strong> e reduz o incha\u00e7o e a inflama\u00e7\u00e3o.<\/p>\n<p>&nbsp;<\/p>\n<p>A Garda Laser \u00e9 um revendedor autorizado da PHOTIZO\u00ae LIGHT THERAPY. <a href=\"https:\/\/gardalaser.it\/wp-content\/uploads\/2024\/05\/IFUs-Home-Care-2022.pdf\">Ver PDF<\/a><\/p>\n","protected":false},"featured_media":2768,"template":"","meta":{"_acf_changed":false},"product_brand":[],"product_cat":[198],"product_tag":[],"class_list":{"0":"post-4628","1":"product","2":"type-product","3":"status-publish","4":"has-post-thumbnail","6":"product_cat-home-care-photizo-pt-pt","8":"first","9":"instock","10":"taxable","11":"shipping-taxable","12":"purchasable","13":"product-type-simple"},"acf":[],"_links":{"self":[{"href":"https:\/\/gardalaser.it\/pt-pt\/wp-json\/wp\/v2\/product\/4628","targetHints":{"allow":["GET"]}}],"collection":[{"href":"https:\/\/gardalaser.it\/pt-pt\/wp-json\/wp\/v2\/product"}],"about":[{"href":"https:\/\/gardalaser.it\/pt-pt\/wp-json\/wp\/v2\/types\/product"}],"wp:featuredmedia":[{"embeddable":true,"href":"https:\/\/gardalaser.it\/pt-pt\/wp-json\/wp\/v2\/media\/2768"}],"wp:attachment":[{"href":"https:\/\/gardalaser.it\/pt-pt\/wp-json\/wp\/v2\/media?parent=4628"}],"wp:term":[{"taxonomy":"product_brand","embeddable":true,"href":"https:\/\/gardalaser.it\/pt-pt\/wp-json\/wp\/v2\/product_brand?post=4628"},{"taxonomy":"product_cat","embeddable":true,"href":"https:\/\/gardalaser.it\/pt-pt\/wp-json\/wp\/v2\/product_cat?post=4628"},{"taxonomy":"product_tag","embeddable":true,"href":"https:\/\/gardalaser.it\/pt-pt\/wp-json\/wp\/v2\/product_tag?post=4628"}],"curies":[{"name":"wp","href":"https:\/\/api.w.org\/{rel}","templated":true}]}}