{"id":4624,"date":"2022-04-22T15:33:50","date_gmt":"2022-04-22T13:33:50","guid":{"rendered":"https:\/\/gardalaser.it\/prodotto\/photizo-vetcare-laser-home-care\/"},"modified":"2024-09-19T09:52:25","modified_gmt":"2024-09-19T07:52:25","slug":"photizo-vetcare-laser-home-care","status":"publish","type":"product","link":"https:\/\/gardalaser.it\/pt-pt\/produto\/photizo-vetcare-laser-home-care\/","title":{"rendered":"Photizo Vetcare"},"content":{"rendered":"<p>O Photizo Vetcare <strong>n\u00e3o<\/strong> \u00e9 um dispositivo m\u00e9dico CE<strong>.<\/strong><\/p>\n<p>&nbsp;<\/p>\n<p>Dispositivo de cuidados domicili\u00e1rios a laser concebido para ajudar os seus amigos animais com problemas quotidianos e proporcionar-lhes uma cura melhor e mais r\u00e1pida ap\u00f3s espect\u00e1culos, passeios e treinos.<\/p>\n<ul>\n<li>tratamento veterin\u00e1rio a laser para<strong> doen\u00e7as de pele: feridas, lacera\u00e7\u00f5es, abcessos, feridas de sela, alergias de pele, eczema<\/strong><\/li>\n<li>cuidados veterin\u00e1rios a laser ao domic\u00edlio para<strong> problemas m\u00fasculo-esquel\u00e9ticos, como artrite, tendinite, les\u00f5es e espasmos musculares<\/strong><\/li>\n<li>cuidados veterin\u00e1rios ao domic\u00edlio com laser para<strong> quaisquer \u00e1reas tratadas cirurgicamente (p\u00f3s-operat\u00f3rio), incluindo enxertos de pele<\/strong><\/li>\n<li>cuidados veterin\u00e1rios ao domic\u00edlio com laser para<strong> \u00falceras da c\u00f3rnea e sinusite<\/strong><\/li>\n<\/ul>\n<p>&nbsp;<\/p>\n<p><img loading=\"lazy\" decoding=\"async\" class=\"alignnone wp-image-2934 size-full\" src=\"https:\/\/gardalaser.it\/wp-content\/uploads\/2022\/04\/photizo-vetcare-1.jpg\" alt=\"\" width=\"1000\" height=\"336\" srcset=\"https:\/\/gardalaser.it\/wp-content\/uploads\/2022\/04\/photizo-vetcare-1.jpg 1000w, https:\/\/gardalaser.it\/wp-content\/uploads\/2022\/04\/photizo-vetcare-1-500x168.jpg 500w, https:\/\/gardalaser.it\/wp-content\/uploads\/2022\/04\/photizo-vetcare-1-768x258.jpg 768w, https:\/\/gardalaser.it\/wp-content\/uploads\/2022\/04\/photizo-vetcare-1-600x202.jpg 600w, https:\/\/gardalaser.it\/wp-content\/uploads\/2022\/04\/photizo-vetcare-1-300x101.jpg 300w\" sizes=\"auto, (max-width: 1000px) 100vw, 1000px\" \/><\/p>\n<p>&nbsp;<\/p>\n<h2>COMO UTILIZAR O PHOTIZO?<\/h2>\n<p>Colocar a cabe\u00e7a do Photizo Vetcare (que cont\u00e9m os LEDs e os infravermelhos) na zona a tratar, premir o bot\u00e3o verde de alimenta\u00e7\u00e3o e aguardar at\u00e9 que o tratamento temporizado esteja conclu\u00eddo, passando depois para a zona seguinte a tratar. Repetir o procedimento como indicado no manual para todas as \u00e1reas desejadas.<\/p>\n","protected":false},"excerpt":{"rendered":"<p>Dispositivo laser port\u00e1til utilizado para <strong>aliviar a dor, curar e reduzir o incha\u00e7o e a inflama\u00e7\u00e3o em animais de estima\u00e7\u00e3o<\/strong>, cavalos e muitos outros.<\/p>\n<p>&nbsp;<\/p>\n<p>A Garda Laser \u00e9 um revendedor autorizado da PHOTIZO\u00ae LIGHT THERAPY.<\/p>\n<p><a href=\"https:\/\/gardalaser.it\/wp-content\/uploads\/2024\/05\/IFUs-Vetcare-2022.pdf\" target=\"_blank\" rel=\"noopener\">Ver PDF<\/a><\/p>\n","protected":false},"featured_media":2769,"template":"","meta":{"_acf_changed":false},"product_brand":[],"product_cat":[198],"product_tag":[],"class_list":{"0":"post-4624","1":"product","2":"type-product","3":"status-publish","4":"has-post-thumbnail","6":"product_cat-home-care-photizo-pt-pt","8":"first","9":"instock","10":"taxable","11":"shipping-taxable","12":"purchasable","13":"product-type-simple"},"acf":[],"_links":{"self":[{"href":"https:\/\/gardalaser.it\/pt-pt\/wp-json\/wp\/v2\/product\/4624","targetHints":{"allow":["GET"]}}],"collection":[{"href":"https:\/\/gardalaser.it\/pt-pt\/wp-json\/wp\/v2\/product"}],"about":[{"href":"https:\/\/gardalaser.it\/pt-pt\/wp-json\/wp\/v2\/types\/product"}],"wp:featuredmedia":[{"embeddable":true,"href":"https:\/\/gardalaser.it\/pt-pt\/wp-json\/wp\/v2\/media\/2769"}],"wp:attachment":[{"href":"https:\/\/gardalaser.it\/pt-pt\/wp-json\/wp\/v2\/media?parent=4624"}],"wp:term":[{"taxonomy":"product_brand","embeddable":true,"href":"https:\/\/gardalaser.it\/pt-pt\/wp-json\/wp\/v2\/product_brand?post=4624"},{"taxonomy":"product_cat","embeddable":true,"href":"https:\/\/gardalaser.it\/pt-pt\/wp-json\/wp\/v2\/product_cat?post=4624"},{"taxonomy":"product_tag","embeddable":true,"href":"https:\/\/gardalaser.it\/pt-pt\/wp-json\/wp\/v2\/product_tag?post=4624"}],"curies":[{"name":"wp","href":"https:\/\/api.w.org\/{rel}","templated":true}]}}