{"id":4620,"date":"2022-04-21T17:19:30","date_gmt":"2022-04-21T15:19:30","guid":{"rendered":"https:\/\/gardalaser.it\/prodotto\/photizo-sport-laser-home-care\/"},"modified":"2024-09-19T09:49:37","modified_gmt":"2024-09-19T07:49:37","slug":"photizo-sport-laser-home-care","status":"publish","type":"product","link":"https:\/\/gardalaser.it\/pt-pt\/produto\/photizo-sport-laser-home-care\/","title":{"rendered":"Photizo Sport"},"content":{"rendered":"<p>Photizo Sport tem <strong>a aprova\u00e7\u00e3o m\u00e9dica CE.<\/strong> Um dispositivo de cuidados a laser em casa concebido para desportistas.<\/p>\n<p>&nbsp;<\/p>\n<p><img loading=\"lazy\" decoding=\"async\" class=\"alignnone size-medium wp-image-2873\" src=\"https:\/\/gardalaser.it\/wp-content\/uploads\/2022\/04\/photizo_laser_sport-300x56.jpg\" alt=\"\" width=\"300\" height=\"56\" srcset=\"https:\/\/gardalaser.it\/wp-content\/uploads\/2022\/04\/photizo_laser_sport-300x56.jpg 300w, https:\/\/gardalaser.it\/wp-content\/uploads\/2022\/04\/photizo_laser_sport-500x94.jpg 500w, https:\/\/gardalaser.it\/wp-content\/uploads\/2022\/04\/photizo_laser_sport.jpg 556w\" sizes=\"auto, (max-width: 300px) 100vw, 300px\" \/><\/p>\n<p>&nbsp;<\/p>\n<ul>\n<li>tratamento a laser caseiro da <strong>dor no joelho<\/strong><\/li>\n<li>tratamento a laser caseiro da <strong>dor no tornozelo<\/strong><\/li>\n<li>tratamento a laser em casa para <strong>dores nas pernas<\/strong><\/li>\n<li>Tratamento a laser em casa para <strong>dores nos p\u00e9s<\/strong><\/li>\n<li>tratamento a laser para <strong>dores nos bra\u00e7os<\/strong><\/li>\n<li>tratamento a laser para <strong>dores nos bra\u00e7os<\/strong><\/li>\n<li>tratamento a laser para<strong> entorses<\/strong><\/li>\n<li>tratamento a laser para <strong>hematomas<\/strong><\/li>\n<li>tratamento a laser para <strong>feridas<\/strong><\/li>\n<\/ul>\n<h2>COMO \u00c9 QUE O PHOTIZO \u00c9 UTILIZADO?<\/h2>\n<p>Colocar a cabe\u00e7a do Photizo Sport (que cont\u00e9m os LEDs e os infravermelhos) na \u00e1rea a tratar, premir o bot\u00e3o azul de alimenta\u00e7\u00e3o e aguardar at\u00e9 que o tratamento cronometrado esteja conclu\u00eddo, passando depois para a \u00e1rea seguinte a tratar. Repetir o procedimento como indicado no manual para todas as \u00e1reas desejadas.<\/p>\n","protected":false},"excerpt":{"rendered":"<p>Dispositivo m\u00e9dico port\u00e1til eficaz no <strong>tratamento da dor aguda e da inflama\u00e7\u00e3o<\/strong> devido a les\u00f5es por uso excessivo ou impacto.<\/p>\n<p>A Garda Laser \u00e9 um revendedor autorizado da PHOTIZO\u00ae LIGHT THERAPY. <a href=\"https:\/\/gardalaser.it\/wp-content\/uploads\/2024\/05\/IFUs-Home-Care-2022.pdf\">Ver PDF<\/a><\/p>\n","protected":false},"featured_media":2770,"template":"","meta":{"_acf_changed":false},"product_brand":[],"product_cat":[198],"product_tag":[],"class_list":{"0":"post-4620","1":"product","2":"type-product","3":"status-publish","4":"has-post-thumbnail","6":"product_cat-home-care-photizo-pt-pt","8":"first","9":"outofstock","10":"taxable","11":"shipping-taxable","12":"purchasable","13":"product-type-simple"},"acf":[],"_links":{"self":[{"href":"https:\/\/gardalaser.it\/pt-pt\/wp-json\/wp\/v2\/product\/4620","targetHints":{"allow":["GET"]}}],"collection":[{"href":"https:\/\/gardalaser.it\/pt-pt\/wp-json\/wp\/v2\/product"}],"about":[{"href":"https:\/\/gardalaser.it\/pt-pt\/wp-json\/wp\/v2\/types\/product"}],"wp:featuredmedia":[{"embeddable":true,"href":"https:\/\/gardalaser.it\/pt-pt\/wp-json\/wp\/v2\/media\/2770"}],"wp:attachment":[{"href":"https:\/\/gardalaser.it\/pt-pt\/wp-json\/wp\/v2\/media?parent=4620"}],"wp:term":[{"taxonomy":"product_brand","embeddable":true,"href":"https:\/\/gardalaser.it\/pt-pt\/wp-json\/wp\/v2\/product_brand?post=4620"},{"taxonomy":"product_cat","embeddable":true,"href":"https:\/\/gardalaser.it\/pt-pt\/wp-json\/wp\/v2\/product_cat?post=4620"},{"taxonomy":"product_tag","embeddable":true,"href":"https:\/\/gardalaser.it\/pt-pt\/wp-json\/wp\/v2\/product_tag?post=4620"}],"curies":[{"name":"wp","href":"https:\/\/api.w.org\/{rel}","templated":true}]}}