{"id":4618,"date":"2022-05-05T10:09:11","date_gmt":"2022-05-05T08:09:11","guid":{"rendered":"https:\/\/gardalaser.it\/prodotto\/garda-band\/"},"modified":"2024-09-19T09:45:38","modified_gmt":"2024-09-19T07:45:38","slug":"garda-band","status":"publish","type":"product","link":"https:\/\/gardalaser.it\/pt-pt\/produto\/garda-band\/","title":{"rendered":"Garda Band"},"content":{"rendered":"","protected":false},"excerpt":{"rendered":"<p>Dispositivo inteligente com transmiss\u00e3o Bluetooth para ativar e desativar a emiss\u00e3o laser.<br \/>\nO dispositivo \u00e9 fornecido com dois acess\u00f3rios:<\/p>\n<ul>\n<li>suporte para pe\u00e7a de m\u00e3o de terapia multifun\u00e7\u00f5es c\u00f3digo BH9014<\/li>\n<li>correia de borracha<\/li>\n<\/ul>\n","protected":false},"featured_media":4226,"template":"","meta":{"_acf_changed":false},"product_brand":[],"product_cat":[191],"product_tag":[],"class_list":{"0":"post-4618","1":"product","2":"type-product","3":"status-publish","4":"has-post-thumbnail","6":"tassonomia-enea-pt-pt","7":"tassonomia-enea-duo-pt-pt","8":"tassonomia-enea-trio-pt-pt","9":"tassonomia-ermes-pt-pt","10":"tassonomia-fisioterapia","11":"tassonomia-podologia","12":"tassonomia-veterinaria","13":"tassonomia-zaira-pt-pt","14":"product_cat-mais","16":"first","17":"instock","18":"taxable","19":"shipping-taxable","20":"purchasable","21":"product-type-simple"},"acf":[],"_links":{"self":[{"href":"https:\/\/gardalaser.it\/pt-pt\/wp-json\/wp\/v2\/product\/4618","targetHints":{"allow":["GET"]}}],"collection":[{"href":"https:\/\/gardalaser.it\/pt-pt\/wp-json\/wp\/v2\/product"}],"about":[{"href":"https:\/\/gardalaser.it\/pt-pt\/wp-json\/wp\/v2\/types\/product"}],"wp:featuredmedia":[{"embeddable":true,"href":"https:\/\/gardalaser.it\/pt-pt\/wp-json\/wp\/v2\/media\/4226"}],"wp:attachment":[{"href":"https:\/\/gardalaser.it\/pt-pt\/wp-json\/wp\/v2\/media?parent=4618"}],"wp:term":[{"taxonomy":"product_brand","embeddable":true,"href":"https:\/\/gardalaser.it\/pt-pt\/wp-json\/wp\/v2\/product_brand?post=4618"},{"taxonomy":"product_cat","embeddable":true,"href":"https:\/\/gardalaser.it\/pt-pt\/wp-json\/wp\/v2\/product_cat?post=4618"},{"taxonomy":"product_tag","embeddable":true,"href":"https:\/\/gardalaser.it\/pt-pt\/wp-json\/wp\/v2\/product_tag?post=4618"}],"curies":[{"name":"wp","href":"https:\/\/api.w.org\/{rel}","templated":true}]}}