{"id":4614,"date":"2022-04-21T16:58:12","date_gmt":"2022-04-21T14:58:12","guid":{"rendered":"https:\/\/gardalaser.it\/prodotto\/manipolo-ent-con-7-canule\/"},"modified":"2024-09-19T09:35:58","modified_gmt":"2024-09-19T07:35:58","slug":"peca-de-mao-ent-com-7-canulas","status":"publish","type":"product","link":"https:\/\/gardalaser.it\/pt-pt\/produto\/peca-de-mao-ent-com-7-canulas\/","title":{"rendered":"Pe\u00e7a de m\u00e3o ENT (com 7 c\u00e2nulas)"},"content":{"rendered":"<ul>\n<li>corpo em alum\u00ednio anodizado<\/li>\n<li>adequado para fibras normais<\/li>\n<li>ciclo do ferro autoclav\u00e1vel 134\u00b0 C durante 4 minutos<\/li>\n<\/ul>\n","protected":false},"excerpt":{"rendered":"<p>Pe\u00e7a de m\u00e3o com c\u00e2nulas angulares de v\u00e1rios comprimentos (7 c\u00e2nulas)<\/p>\n","protected":false},"featured_media":2629,"template":"","meta":{"_acf_changed":false},"product_brand":[],"product_cat":[196],"product_tag":[],"class_list":{"0":"post-4614","1":"product","2":"type-product","3":"status-publish","4":"has-post-thumbnail","6":"tassonomia-enea-pt-pt","7":"tassonomia-enea-duo-pt-pt","8":"tassonomia-enea-trio-pt-pt","9":"tassonomia-ermes-pt-pt","10":"tassonomia-estetica","11":"tassonomia-higiene-dentaria","12":"tassonomia-medicina-dentaria","13":"tassonomia-otorinolaringoiatria","14":"tassonomia-veterinaria","15":"tassonomia-zaira-pt-pt","16":"product_cat-pecas-de-mao-cirurgicas","17":"product_shipping_class-spedizione-assicurata-pt-pt","19":"first","20":"instock","21":"taxable","22":"shipping-taxable","23":"purchasable","24":"product-type-simple"},"acf":[],"_links":{"self":[{"href":"https:\/\/gardalaser.it\/pt-pt\/wp-json\/wp\/v2\/product\/4614","targetHints":{"allow":["GET"]}}],"collection":[{"href":"https:\/\/gardalaser.it\/pt-pt\/wp-json\/wp\/v2\/product"}],"about":[{"href":"https:\/\/gardalaser.it\/pt-pt\/wp-json\/wp\/v2\/types\/product"}],"wp:featuredmedia":[{"embeddable":true,"href":"https:\/\/gardalaser.it\/pt-pt\/wp-json\/wp\/v2\/media\/2629"}],"wp:attachment":[{"href":"https:\/\/gardalaser.it\/pt-pt\/wp-json\/wp\/v2\/media?parent=4614"}],"wp:term":[{"taxonomy":"product_brand","embeddable":true,"href":"https:\/\/gardalaser.it\/pt-pt\/wp-json\/wp\/v2\/product_brand?post=4614"},{"taxonomy":"product_cat","embeddable":true,"href":"https:\/\/gardalaser.it\/pt-pt\/wp-json\/wp\/v2\/product_cat?post=4614"},{"taxonomy":"product_tag","embeddable":true,"href":"https:\/\/gardalaser.it\/pt-pt\/wp-json\/wp\/v2\/product_tag?post=4614"}],"curies":[{"name":"wp","href":"https:\/\/api.w.org\/{rel}","templated":true}]}}