{"id":4610,"date":"2022-04-21T16:54:40","date_gmt":"2022-04-21T14:54:40","guid":{"rendered":"https:\/\/gardalaser.it\/prodotto\/kit-tip-laser-300%c2%b5m-5-pezzi\/"},"modified":"2024-09-19T09:28:40","modified_gmt":"2024-09-19T07:28:40","slug":"kit-de-pontas-laser-de-300%c2%b5m-5-pecas","status":"publish","type":"product","link":"https:\/\/gardalaser.it\/pt-pt\/produto\/kit-de-pontas-laser-de-300%c2%b5m-5-pecas\/","title":{"rendered":"Kit de pontas laser de 300\u00b5m (5 pe\u00e7as)"},"content":{"rendered":"<ul>\n<li>ciclo de borracha autoclav\u00e1vel 121\u00b0 C durante 15 minutos<\/li>\n<\/ul>\n","protected":false},"excerpt":{"rendered":"<p>Fibras descart\u00e1veis para descontamina\u00e7\u00e3o periodontal assistida por laser para v\u00e1rias aplica\u00e7\u00f5es<\/p>\n","protected":false},"featured_media":2680,"template":"","meta":{"_acf_changed":false},"product_brand":[],"product_cat":[197],"product_tag":[],"class_list":{"0":"post-4610","1":"product","2":"type-product","3":"status-publish","4":"has-post-thumbnail","6":"tassonomia-enea-pt-pt","7":"tassonomia-enea-duo-pt-pt","8":"tassonomia-enea-trio-pt-pt","9":"tassonomia-higiene-dentaria","10":"tassonomia-l-e-o-plus-pt-pt","11":"tassonomia-medicina-dentaria","12":"tassonomia-podologia","13":"tassonomia-veterinaria","14":"tassonomia-zaira-pt-pt","15":"product_cat-fibras-e-dicas","17":"first","18":"instock","19":"taxable","20":"shipping-taxable","21":"purchasable","22":"product-type-simple"},"acf":[],"_links":{"self":[{"href":"https:\/\/gardalaser.it\/pt-pt\/wp-json\/wp\/v2\/product\/4610","targetHints":{"allow":["GET"]}}],"collection":[{"href":"https:\/\/gardalaser.it\/pt-pt\/wp-json\/wp\/v2\/product"}],"about":[{"href":"https:\/\/gardalaser.it\/pt-pt\/wp-json\/wp\/v2\/types\/product"}],"wp:featuredmedia":[{"embeddable":true,"href":"https:\/\/gardalaser.it\/pt-pt\/wp-json\/wp\/v2\/media\/2680"}],"wp:attachment":[{"href":"https:\/\/gardalaser.it\/pt-pt\/wp-json\/wp\/v2\/media?parent=4610"}],"wp:term":[{"taxonomy":"product_brand","embeddable":true,"href":"https:\/\/gardalaser.it\/pt-pt\/wp-json\/wp\/v2\/product_brand?post=4610"},{"taxonomy":"product_cat","embeddable":true,"href":"https:\/\/gardalaser.it\/pt-pt\/wp-json\/wp\/v2\/product_cat?post=4610"},{"taxonomy":"product_tag","embeddable":true,"href":"https:\/\/gardalaser.it\/pt-pt\/wp-json\/wp\/v2\/product_tag?post=4610"}],"curies":[{"name":"wp","href":"https:\/\/api.w.org\/{rel}","templated":true}]}}