{"id":4591,"date":"2022-05-04T09:11:30","date_gmt":"2022-05-04T07:11:30","guid":{"rendered":"https:\/\/gardalaser.it\/prodotto\/puntale-angolato\/"},"modified":"2024-09-18T16:15:43","modified_gmt":"2024-09-18T14:15:43","slug":"ponta-angular","status":"publish","type":"product","link":"https:\/\/gardalaser.it\/pt-pt\/produto\/ponta-angular\/","title":{"rendered":"Ponta angular"},"content":{"rendered":"<ul>\n<li>ciclo do ferro autoclav\u00e1vel 134\u00b0 C durante 4 minutos<\/li>\n<\/ul>\n","protected":false},"excerpt":{"rendered":"<p>Ponta de terapia angular para a\u00e7\u00e3o laser bifocal para utiliza\u00e7\u00e3o com a <a href=\"https:\/\/gardalaser.it\/pt-pt\/produto\/peca-de-mao-para-terapia-multifuncional\/\" target=\"_blank\" rel=\"noopener\">pe\u00e7a de m\u00e3o de terapia multifun\u00e7\u00f5es<\/a><\/p>\n","protected":false},"featured_media":2641,"template":"","meta":{"_acf_changed":false},"product_brand":[],"product_cat":[194],"product_tag":[],"class_list":{"0":"post-4591","1":"product","2":"type-product","3":"status-publish","4":"has-post-thumbnail","6":"tassonomia-enea-pt-pt","7":"tassonomia-enea-duo-pt-pt","8":"tassonomia-enea-trio-pt-pt","9":"tassonomia-ermes-pt-pt","10":"tassonomia-estetica","11":"tassonomia-fisioterapia","12":"tassonomia-higiene-dentaria","13":"tassonomia-medicina-dentaria","14":"tassonomia-podologia","15":"tassonomia-veterinaria","16":"tassonomia-zaira-pt-pt","17":"product_cat-pecas-de-mao-para-terapia","19":"first","20":"instock","21":"taxable","22":"shipping-taxable","23":"purchasable","24":"product-type-simple"},"acf":[],"_links":{"self":[{"href":"https:\/\/gardalaser.it\/pt-pt\/wp-json\/wp\/v2\/product\/4591","targetHints":{"allow":["GET"]}}],"collection":[{"href":"https:\/\/gardalaser.it\/pt-pt\/wp-json\/wp\/v2\/product"}],"about":[{"href":"https:\/\/gardalaser.it\/pt-pt\/wp-json\/wp\/v2\/types\/product"}],"wp:featuredmedia":[{"embeddable":true,"href":"https:\/\/gardalaser.it\/pt-pt\/wp-json\/wp\/v2\/media\/2641"}],"wp:attachment":[{"href":"https:\/\/gardalaser.it\/pt-pt\/wp-json\/wp\/v2\/media?parent=4591"}],"wp:term":[{"taxonomy":"product_brand","embeddable":true,"href":"https:\/\/gardalaser.it\/pt-pt\/wp-json\/wp\/v2\/product_brand?post=4591"},{"taxonomy":"product_cat","embeddable":true,"href":"https:\/\/gardalaser.it\/pt-pt\/wp-json\/wp\/v2\/product_cat?post=4591"},{"taxonomy":"product_tag","embeddable":true,"href":"https:\/\/gardalaser.it\/pt-pt\/wp-json\/wp\/v2\/product_tag?post=4591"}],"curies":[{"name":"wp","href":"https:\/\/api.w.org\/{rel}","templated":true}]}}