{"id":4589,"date":"2022-05-04T09:07:05","date_gmt":"2022-05-04T07:07:05","guid":{"rendered":"https:\/\/gardalaser.it\/prodotto\/puntale-massaggi\/"},"modified":"2024-09-18T16:06:24","modified_gmt":"2024-09-18T14:06:24","slug":"ponta-de-massagem","status":"publish","type":"product","link":"https:\/\/gardalaser.it\/pt-pt\/produto\/ponta-de-massagem\/","title":{"rendered":"Ponta de massagem"},"content":{"rendered":"<ul>\n<li>ciclo do ferro autoclav\u00e1vel 134\u00b0 C durante 4 minutos<\/li>\n<\/ul>\n","protected":false},"excerpt":{"rendered":"<p>Ponta de massagem com lente para a\u00e7\u00e3o laser difusa em 3 cm2 para utiliza\u00e7\u00e3o com a <a href=\"https:\/\/gardalaser.it\/pt-pt\/produto\/peca-de-mao-para-terapia-multifuncional\/\">pe\u00e7a de m\u00e3o para terapia multifun\u00e7\u00f5es.<\/a><\/p>\n","protected":false},"featured_media":2644,"template":"","meta":{"_acf_changed":false},"product_brand":[],"product_cat":[194],"product_tag":[],"class_list":{"0":"post-4589","1":"product","2":"type-product","3":"status-publish","4":"has-post-thumbnail","6":"tassonomia-enea-pt-pt","7":"tassonomia-enea-duo-pt-pt","8":"tassonomia-enea-trio-pt-pt","9":"tassonomia-ermes-pt-pt","10":"tassonomia-estetica","11":"tassonomia-fisioterapia","12":"tassonomia-higiene-dentaria","13":"tassonomia-medicina-dentaria","14":"tassonomia-otorinolaringoiatria","15":"tassonomia-podologia","16":"tassonomia-veterinaria","17":"tassonomia-zaira-pt-pt","18":"product_cat-pecas-de-mao-para-terapia","20":"first","21":"instock","22":"taxable","23":"shipping-taxable","24":"purchasable","25":"product-type-simple"},"acf":[],"_links":{"self":[{"href":"https:\/\/gardalaser.it\/pt-pt\/wp-json\/wp\/v2\/product\/4589","targetHints":{"allow":["GET"]}}],"collection":[{"href":"https:\/\/gardalaser.it\/pt-pt\/wp-json\/wp\/v2\/product"}],"about":[{"href":"https:\/\/gardalaser.it\/pt-pt\/wp-json\/wp\/v2\/types\/product"}],"wp:featuredmedia":[{"embeddable":true,"href":"https:\/\/gardalaser.it\/pt-pt\/wp-json\/wp\/v2\/media\/2644"}],"wp:attachment":[{"href":"https:\/\/gardalaser.it\/pt-pt\/wp-json\/wp\/v2\/media?parent=4589"}],"wp:term":[{"taxonomy":"product_brand","embeddable":true,"href":"https:\/\/gardalaser.it\/pt-pt\/wp-json\/wp\/v2\/product_brand?post=4589"},{"taxonomy":"product_cat","embeddable":true,"href":"https:\/\/gardalaser.it\/pt-pt\/wp-json\/wp\/v2\/product_cat?post=4589"},{"taxonomy":"product_tag","embeddable":true,"href":"https:\/\/gardalaser.it\/pt-pt\/wp-json\/wp\/v2\/product_tag?post=4589"}],"curies":[{"name":"wp","href":"https:\/\/api.w.org\/{rel}","templated":true}]}}