{"id":4585,"date":"2022-04-21T16:21:33","date_gmt":"2022-04-21T14:21:33","guid":{"rendered":"https:\/\/gardalaser.it\/prodotto\/puntale-terapia-60\/"},"modified":"2024-09-18T15:30:17","modified_gmt":"2024-09-18T13:30:17","slug":"ponta-de-terapia-60","status":"publish","type":"product","link":"https:\/\/gardalaser.it\/pt-pt\/produto\/ponta-de-terapia-60\/","title":{"rendered":"Ponta de terapia 60\u00b0"},"content":{"rendered":"<ul>\n<li>ciclo do ferro autoclav\u00e1vel 134\u00b0 C durante 4 minutos<\/li>\n<\/ul>\n","protected":false},"excerpt":{"rendered":"<p>Ponta de terapia angular para a\u00e7\u00e3o laser bifocal para utiliza\u00e7\u00e3o com a <a href=\"https:\/\/gardalaser.it\/pt-pt\/prodotto\/peca-de-mao-para-laser\/\" target=\"_blank\" rel=\"noopener\">pe\u00e7a de m\u00e3o laser<\/a><\/p>\n","protected":false},"featured_media":2652,"template":"","meta":{"_acf_changed":false},"product_brand":[],"product_cat":[194],"product_tag":[],"class_list":{"0":"post-4585","1":"product","2":"type-product","3":"status-publish","4":"has-post-thumbnail","6":"tassonomia-enea-pt-pt","7":"tassonomia-enea-duo-pt-pt","8":"tassonomia-enea-trio-pt-pt","9":"tassonomia-estetica","10":"tassonomia-fisioterapia","11":"tassonomia-higiene-dentaria","12":"tassonomia-medicina-dentaria","13":"tassonomia-otorinolaringoiatria","14":"tassonomia-podologia","15":"tassonomia-veterinaria","16":"tassonomia-zaira-pt-pt","17":"product_cat-pecas-de-mao-para-terapia","19":"first","20":"instock","21":"taxable","22":"shipping-taxable","23":"purchasable","24":"product-type-simple"},"acf":[],"_links":{"self":[{"href":"https:\/\/gardalaser.it\/pt-pt\/wp-json\/wp\/v2\/product\/4585","targetHints":{"allow":["GET"]}}],"collection":[{"href":"https:\/\/gardalaser.it\/pt-pt\/wp-json\/wp\/v2\/product"}],"about":[{"href":"https:\/\/gardalaser.it\/pt-pt\/wp-json\/wp\/v2\/types\/product"}],"wp:featuredmedia":[{"embeddable":true,"href":"https:\/\/gardalaser.it\/pt-pt\/wp-json\/wp\/v2\/media\/2652"}],"wp:attachment":[{"href":"https:\/\/gardalaser.it\/pt-pt\/wp-json\/wp\/v2\/media?parent=4585"}],"wp:term":[{"taxonomy":"product_brand","embeddable":true,"href":"https:\/\/gardalaser.it\/pt-pt\/wp-json\/wp\/v2\/product_brand?post=4585"},{"taxonomy":"product_cat","embeddable":true,"href":"https:\/\/gardalaser.it\/pt-pt\/wp-json\/wp\/v2\/product_cat?post=4585"},{"taxonomy":"product_tag","embeddable":true,"href":"https:\/\/gardalaser.it\/pt-pt\/wp-json\/wp\/v2\/product_tag?post=4585"}],"curies":[{"name":"wp","href":"https:\/\/api.w.org\/{rel}","templated":true}]}}