{"id":4581,"date":"2022-04-04T14:14:20","date_gmt":"2022-04-04T12:14:20","guid":{"rendered":"https:\/\/gardalaser.it\/prodotto\/manipolo-terapia-multifunzione\/"},"modified":"2024-09-18T15:15:03","modified_gmt":"2024-09-18T13:15:03","slug":"peca-de-mao-para-terapia-multifuncional","status":"publish","type":"product","link":"https:\/\/gardalaser.it\/pt-pt\/produto\/peca-de-mao-para-terapia-multifuncional\/","title":{"rendered":"Pe\u00e7a de m\u00e3o para terapia multifuncional"},"content":{"rendered":"<ul>\n<li>conector SMA 905<\/li>\n<li>abertura nominal padr\u00e3o 0,22<\/li>\n<li>comprimentos de onda de 400nm a 1100nm<\/li>\n<li>comprimento 3m<\/li>\n<li>ciclo de borracha autoclav\u00e1vel 121\u00b0 C durante 15 minutos<\/li>\n<\/ul>\n","protected":false},"excerpt":{"rendered":"<p>Acess\u00f3rio de fotobiomodula\u00e7\u00e3o ideal para pequenas e grandes \u00e1reas completo com tr\u00eas cabe\u00e7as intercambi\u00e1veis com diferentes carater\u00edsticas<\/p>\n","protected":false},"featured_media":2632,"template":"","meta":{"_acf_changed":false},"product_brand":[],"product_cat":[194],"product_tag":[],"class_list":{"0":"post-4581","1":"product","2":"type-product","3":"status-publish","4":"has-post-thumbnail","6":"tassonomia-enea-pt-pt","7":"tassonomia-enea-duo-pt-pt","8":"tassonomia-enea-trio-pt-pt","9":"tassonomia-ermes-pt-pt","10":"tassonomia-estetica","11":"tassonomia-fisioterapia","12":"tassonomia-higiene-dentaria","13":"tassonomia-medicina-dentaria","14":"tassonomia-podologia","15":"tassonomia-veterinaria","16":"tassonomia-zaira-pt-pt","17":"product_cat-pecas-de-mao-para-terapia","18":"product_shipping_class-spedizione-assicurata-pt-pt","20":"first","21":"instock","22":"taxable","23":"shipping-taxable","24":"purchasable","25":"product-type-simple"},"acf":[],"_links":{"self":[{"href":"https:\/\/gardalaser.it\/pt-pt\/wp-json\/wp\/v2\/product\/4581","targetHints":{"allow":["GET"]}}],"collection":[{"href":"https:\/\/gardalaser.it\/pt-pt\/wp-json\/wp\/v2\/product"}],"about":[{"href":"https:\/\/gardalaser.it\/pt-pt\/wp-json\/wp\/v2\/types\/product"}],"wp:featuredmedia":[{"embeddable":true,"href":"https:\/\/gardalaser.it\/pt-pt\/wp-json\/wp\/v2\/media\/2632"}],"wp:attachment":[{"href":"https:\/\/gardalaser.it\/pt-pt\/wp-json\/wp\/v2\/media?parent=4581"}],"wp:term":[{"taxonomy":"product_brand","embeddable":true,"href":"https:\/\/gardalaser.it\/pt-pt\/wp-json\/wp\/v2\/product_brand?post=4581"},{"taxonomy":"product_cat","embeddable":true,"href":"https:\/\/gardalaser.it\/pt-pt\/wp-json\/wp\/v2\/product_cat?post=4581"},{"taxonomy":"product_tag","embeddable":true,"href":"https:\/\/gardalaser.it\/pt-pt\/wp-json\/wp\/v2\/product_tag?post=4581"}],"curies":[{"name":"wp","href":"https:\/\/api.w.org\/{rel}","templated":true}]}}