{"id":4574,"date":"2022-04-21T16:35:43","date_gmt":"2022-04-21T14:35:43","guid":{"rendered":"https:\/\/gardalaser.it\/prodotto\/manipolo-laser\/"},"modified":"2024-09-18T14:42:58","modified_gmt":"2024-09-18T12:42:58","slug":"peca-de-mao-para-laser","status":"publish","type":"product","link":"https:\/\/gardalaser.it\/pt-pt\/produto\/peca-de-mao-para-laser\/","title":{"rendered":"Pe\u00e7a de m\u00e3o para laser"},"content":{"rendered":"<ul>\n<li>conetor padr\u00e3o SMA 905<\/li>\n<li>abertura nominal 0,22<\/li>\n<li>comprimentos de onda de 800nm a 1100nm<\/li>\n<li>comprimento 2m<\/li>\n<li>ciclo de borracha autoclav\u00e1vel 121\u00b0 C durante 15 minutos<\/li>\n<\/ul>\n","protected":false},"excerpt":{"rendered":"<p>Pe\u00e7a de m\u00e3o vers\u00e1til utilizada para v\u00e1rios tratamentos atrav\u00e9s da substitui\u00e7\u00e3o da ponta<\/p>\n","protected":false},"featured_media":2616,"template":"","meta":{"_acf_changed":false},"product_brand":[],"product_cat":[196],"product_tag":[],"class_list":{"0":"post-4574","1":"product","2":"type-product","3":"status-publish","4":"has-post-thumbnail","6":"tassonomia-enea-pt-pt","7":"tassonomia-enea-duo-pt-pt","8":"tassonomia-enea-trio-pt-pt","9":"tassonomia-ermes-pt-pt","10":"tassonomia-estetica","11":"tassonomia-fisioterapia","12":"tassonomia-higiene-dentaria","13":"tassonomia-l-e-o-plus-pt-pt","14":"tassonomia-medicina-dentaria","15":"tassonomia-otorinolaringoiatria","16":"tassonomia-veterinaria","17":"tassonomia-zaira-pt-pt","18":"product_cat-pecas-de-mao-cirurgicas","20":"first","21":"instock","22":"taxable","23":"shipping-taxable","24":"purchasable","25":"product-type-simple"},"acf":[],"_links":{"self":[{"href":"https:\/\/gardalaser.it\/pt-pt\/wp-json\/wp\/v2\/product\/4574","targetHints":{"allow":["GET"]}}],"collection":[{"href":"https:\/\/gardalaser.it\/pt-pt\/wp-json\/wp\/v2\/product"}],"about":[{"href":"https:\/\/gardalaser.it\/pt-pt\/wp-json\/wp\/v2\/types\/product"}],"wp:featuredmedia":[{"embeddable":true,"href":"https:\/\/gardalaser.it\/pt-pt\/wp-json\/wp\/v2\/media\/2616"}],"wp:attachment":[{"href":"https:\/\/gardalaser.it\/pt-pt\/wp-json\/wp\/v2\/media?parent=4574"}],"wp:term":[{"taxonomy":"product_brand","embeddable":true,"href":"https:\/\/gardalaser.it\/pt-pt\/wp-json\/wp\/v2\/product_brand?post=4574"},{"taxonomy":"product_cat","embeddable":true,"href":"https:\/\/gardalaser.it\/pt-pt\/wp-json\/wp\/v2\/product_cat?post=4574"},{"taxonomy":"product_tag","embeddable":true,"href":"https:\/\/gardalaser.it\/pt-pt\/wp-json\/wp\/v2\/product_tag?post=4574"}],"curies":[{"name":"wp","href":"https:\/\/api.w.org\/{rel}","templated":true}]}}