{"id":4572,"date":"2022-04-21T16:18:50","date_gmt":"2022-04-21T14:18:50","guid":{"rendered":"https:\/\/gardalaser.it\/prodotto\/puntale-fotobiomodulazione\/"},"modified":"2024-09-18T15:04:18","modified_gmt":"2024-09-18T13:04:18","slug":"fotobiomodulacao-de-ponta","status":"publish","type":"product","link":"https:\/\/gardalaser.it\/pt-pt\/produto\/fotobiomodulacao-de-ponta\/","title":{"rendered":"Ponta de fotobiomodula\u00e7\u00e3o"},"content":{"rendered":"<ul>\n<li>ciclo de borracha autoclav\u00e1vel 121\u00b0 C durante 15 minutos<\/li>\n<\/ul>\n","protected":false},"excerpt":{"rendered":"<p>Acess\u00f3rio de fotobiomodula\u00e7\u00e3o ideal para uma a\u00e7\u00e3o laser equidistribu\u00edda ao longo de 1 cm2 para utiliza\u00e7\u00e3o com a <a href=\"https:\/\/gardalaser.it\/pt-pt\/prodotto\/peca-de-mao-para-laser\/\">pe\u00e7a de m\u00e3o laser.<\/a><\/p>\n","protected":false},"featured_media":2655,"template":"","meta":{"_acf_changed":false},"product_brand":[],"product_cat":[194],"product_tag":[],"class_list":{"0":"post-4572","1":"product","2":"type-product","3":"status-publish","4":"has-post-thumbnail","6":"tassonomia-enea-pt-pt","7":"tassonomia-enea-duo-pt-pt","8":"tassonomia-estetica","9":"tassonomia-fisioterapia","10":"tassonomia-higiene-dentaria","11":"tassonomia-medicina-dentaria","12":"tassonomia-otorinolaringoiatria","13":"tassonomia-podologia","14":"tassonomia-veterinaria","15":"tassonomia-zaira-pt-pt","16":"product_cat-pecas-de-mao-para-terapia","17":"product_shipping_class-spedizione-assicurata-pt-pt","19":"first","20":"instock","21":"taxable","22":"shipping-taxable","23":"purchasable","24":"product-type-simple"},"acf":[],"_links":{"self":[{"href":"https:\/\/gardalaser.it\/pt-pt\/wp-json\/wp\/v2\/product\/4572","targetHints":{"allow":["GET"]}}],"collection":[{"href":"https:\/\/gardalaser.it\/pt-pt\/wp-json\/wp\/v2\/product"}],"about":[{"href":"https:\/\/gardalaser.it\/pt-pt\/wp-json\/wp\/v2\/types\/product"}],"wp:featuredmedia":[{"embeddable":true,"href":"https:\/\/gardalaser.it\/pt-pt\/wp-json\/wp\/v2\/media\/2655"}],"wp:attachment":[{"href":"https:\/\/gardalaser.it\/pt-pt\/wp-json\/wp\/v2\/media?parent=4572"}],"wp:term":[{"taxonomy":"product_brand","embeddable":true,"href":"https:\/\/gardalaser.it\/pt-pt\/wp-json\/wp\/v2\/product_brand?post=4572"},{"taxonomy":"product_cat","embeddable":true,"href":"https:\/\/gardalaser.it\/pt-pt\/wp-json\/wp\/v2\/product_cat?post=4572"},{"taxonomy":"product_tag","embeddable":true,"href":"https:\/\/gardalaser.it\/pt-pt\/wp-json\/wp\/v2\/product_tag?post=4572"}],"curies":[{"name":"wp","href":"https:\/\/api.w.org\/{rel}","templated":true}]}}