{"id":4570,"date":"2022-05-04T10:51:38","date_gmt":"2022-05-04T08:51:38","guid":{"rendered":"https:\/\/gardalaser.it\/prodotto\/occhiali-per-laser-1064nm\/"},"modified":"2024-09-18T14:30:01","modified_gmt":"2024-09-18T12:30:01","slug":"oculos-de-protecao-laser-1064nm-980nm-940nm","status":"publish","type":"product","link":"https:\/\/gardalaser.it\/pt-pt\/produto\/oculos-de-protecao-laser-1064nm-980nm-940nm\/","title":{"rendered":"\u00d3culos de prote\u00e7\u00e3o laser 1064nm 980nm 940nm"},"content":{"rendered":"<p><strong>Informa\u00e7\u00f5es sobre o produto:<\/strong><\/p>\n<ul>\n<li>Aplica\u00e7\u00e3o: Excimer (193 nm), UV (248 nm), Nd:YAG 4x (266 nm), Nd:YAG 3x (355 nm), Ti:Sapphire (800 nm), D\u00edodo (808 nm), D\u00edodo (940 nm), Disco (1030 nm), Nd:YAG (1064 nm), CO2 (10600 nm)<\/li>\n<li>VLT (transmiss\u00e3o de luz vis\u00edvel): 46%.<\/li>\n<li>Cor do filtro: verde<\/li>\n<li>Material do filtro: pl\u00e1stico especial<\/li>\n<li>Espessura do filtro: 2,0 mm<\/li>\n<li>Cor da arma\u00e7\u00e3o: preto\/branco<\/li>\n<\/ul>\n<p><strong>Arma\u00e7\u00e3o para \u00f3culos ONTOR:<\/strong><\/p>\n<ul>\n<li>\u00d3culos de sol desportivos como modelo de lente \u00fanica<\/li>\n<li>campo de vis\u00e3o muito amplo<\/li>\n<li>Ajuste perfeito gra\u00e7as aos suportes flex\u00edveis e regul\u00e1veis em comprimento<\/li>\n<li>Conforto agrad\u00e1vel gra\u00e7as ao revestimento de borracha na zona da testa<\/li>\n<\/ul>\n<p>&nbsp;<\/p>\n<table>\n<tbody>\n<tr>\n<td><strong>Comprimentos de onda (nm)<\/strong><\/td>\n<td><strong>N\u00edveis de prote\u00e7\u00e3o<\/strong><\/td>\n<\/tr>\n<tr>\n<td>180-315<\/td>\n<td>D LB10 + IR LB5 + M LB6Y (OD10+)<\/td>\n<\/tr>\n<tr>\n<td>&gt;380-420<\/td>\n<td>D LB5 + IRM LB6 (OD6+)<\/td>\n<\/tr>\n<tr>\n<td>&gt;420-429<\/td>\n<td>DIRM LB5 (OD5+)<\/td>\n<\/tr>\n<tr>\n<td>&gt;429-441<\/td>\n<td>DIRM LB4 (OD4+)<\/td>\n<\/tr>\n<tr>\n<td>&gt;441-450<\/td>\n<td>DIRM LB3 (OD3+)<\/td>\n<\/tr>\n<tr>\n<td>&gt;450-458<\/td>\n<td>DIRM LB2 (OD2+)<\/td>\n<\/tr>\n<tr>\n<td>&gt;458-460<\/td>\n<td>DIRM LB1 (OD1+)<\/td>\n<\/tr>\n<tr>\n<td>663-705<\/td>\n<td>DIRM LB1 (OD1+)<\/td>\n<\/tr>\n<tr>\n<td>&gt;705-715<\/td>\n<td>DIRM LB2 (OD2+)<\/td>\n<\/tr>\n<tr>\n<td>&gt;715-721<\/td>\n<td>DIRM LB3 (OD3+)<\/td>\n<\/tr>\n<tr>\n<td>&gt;721-741<\/td>\n<td>DIRM LB4 (OD4+)<\/td>\n<\/tr>\n<tr>\n<td>&gt;741-753<\/td>\n<td>DIRM LB3 (OD3+)<\/td>\n<\/tr>\n<tr>\n<td>&gt;753-769<\/td>\n<td>DIRM LB4 (OD4+)<\/td>\n<\/tr>\n<tr>\n<td><strong>&gt;769-793<\/strong><\/td>\n<td><strong>DIRM LB5 (OD5+)<\/strong><\/td>\n<\/tr>\n<tr>\n<td><strong>&gt;793-799<\/strong><\/td>\n<td><strong>D LB5 + IRM LB6 (OD6+)<\/strong><\/td>\n<\/tr>\n<tr>\n<td><strong>800-835<\/strong><\/td>\n<td><strong>D LB5 + IR LB7Y + M LB8Y (OD8+)<\/strong><\/td>\n<\/tr>\n<tr>\n<td><strong>&gt;835-840<\/strong><\/td>\n<td><strong>D LB5 + IR LB7Y + M LB7 (OD7+)<\/strong><\/td>\n<\/tr>\n<tr>\n<td><strong>&gt;840-842<\/strong><\/td>\n<td><strong>D LB5 + IRM LB6 (OD6+)<\/strong><\/td>\n<\/tr>\n<tr>\n<td><strong>&gt;842-849<\/strong><\/td>\n<td><strong>DIRM LB5 (OD5+)<\/strong><\/td>\n<\/tr>\n<tr>\n<td>&gt;849-910<\/td>\n<td>DIRM LB4 (OD4+)<\/td>\n<\/tr>\n<tr>\n<td><strong>&gt;910-949<\/strong><\/td>\n<td><strong>DIRM LB5 (OD5+)<\/strong><\/td>\n<\/tr>\n<tr>\n<td><strong>950-1064<\/strong><\/td>\n<td><strong>D LB5 + IRM LB6 (OD6+)<\/strong><\/td>\n<\/tr>\n<tr>\n<td><strong>970-1050<\/strong><\/td>\n<td><strong>D LB5 + IR LB7Y + M LB7 (OD7+)<\/strong><\/td>\n<\/tr>\n<tr>\n<td><strong>&gt;1064-1066<\/strong><\/td>\n<td><strong>DIRM LB5 (OD5+)<\/strong><\/td>\n<\/tr>\n<tr>\n<td>&gt;1066-1077<\/td>\n<td>DIRM LB4 (OD4+)<\/td>\n<\/tr>\n<tr>\n<td>&gt;1077-1091<\/td>\n<td>DIRM LB3 (OD3+)<\/td>\n<\/tr>\n<tr>\n<td>&gt;1091-1110<\/td>\n<td>DIRM LB2 (OD2+)<\/td>\n<\/tr>\n<tr>\n<td>&gt;1110-1141<\/td>\n<td>DIRM LB1 (OD1+)<\/td>\n<\/tr>\n<tr>\n<td>&gt;5165-11500<\/td>\n<td>DI LB4 + R LB3Y (OD4+)<\/td>\n<\/tr>\n<tr>\n<td><\/td>\n<td>PFCE<\/td>\n<\/tr>\n<\/tbody>\n<\/table>\n","protected":false},"excerpt":{"rendered":"<p><strong>Os \u00f3culos de prote\u00e7\u00e3o contra laser ONTOR s\u00e3o \u00f3culos de prote\u00e7\u00e3o contra laser<\/strong> leves e vers\u00e1teis, constitu\u00eddos por uma arma\u00e7\u00e3o de pl\u00e1stico, ideais como \u00f3culos de prote\u00e7\u00e3o para utilizadores de \u00f3culos. A arma\u00e7\u00e3o oferece um campo de vis\u00e3o muito amplo e uma ampla cobertura lateral, com um excelente conforto de utiliza\u00e7\u00e3o gra\u00e7as \u00e0s hastes flex\u00edveis, ajust\u00e1veis em comprimento e inclina\u00e7\u00e3o, e ao <strong>acolchoamento<\/strong> especial em <strong>borracha macia<\/strong> na zona da testa.<\/p>\n<p>O <strong>filtro de prote\u00e7\u00e3o contra laser 0276<\/strong> \u00e9 particularmente adequado para a prote\u00e7\u00e3o contra laser de <strong>excimer (193 nm), UV (248 nm), Nd:YAG 4x (266 nm), Nd:YAG 3x (355 nm), Ti:safira (800 nm), d\u00edodo (808 nm), d\u00edodo (940 nm), disco (1030 nm), Nd:YAG (1064 nm), fibra (976 &#8211; 1080 nm)<\/strong> e <strong>CO2 (10600 nm)<\/strong>. Al\u00e9m disso, o filtro de prote\u00e7\u00e3o contra laser tamb\u00e9m cobre outras gamas de comprimento de onda. O filtro de prote\u00e7\u00e3o contra laser \u00e9 feito de um pl\u00e1stico verde especial e convence com uma transmiss\u00e3o de luz do dia superior a 46% e uma espessura reduzida. O filtro de prote\u00e7\u00e3o contra laser tem <strong>certifica\u00e7\u00e3o CE de<\/strong> acordo com a norma <strong>DIN EN 207<\/strong>.<\/p>\n<p><strong>\u00d3culos de prote\u00e7\u00e3o contra laser classe 4<\/strong><\/p>\n<p><a href=\"https:\/\/gardalaser.it\/wp-content\/uploads\/2024\/03\/DB-000-K0276-ONTO-DE-EN.pdf\"><strong>Folha de dados em PDF<\/strong><\/a><\/p>\n<p>&nbsp;<\/p>\n","protected":false},"featured_media":3420,"template":"","meta":{"_acf_changed":false},"product_brand":[],"product_cat":[192],"product_tag":[],"class_list":{"0":"post-4570","1":"product","2":"type-product","3":"status-publish","4":"has-post-thumbnail","6":"tassonomia-enea-pt-pt","7":"tassonomia-enea-duo-pt-pt","8":"tassonomia-estetica","9":"tassonomia-fisioterapia","10":"tassonomia-ginecologia","11":"tassonomia-higiene-dentaria","12":"tassonomia-l-e-o-plus-pt-pt","13":"tassonomia-medicina-dentaria","14":"tassonomia-otorinolaringoiatria","15":"tassonomia-podologia","16":"tassonomia-veterinaria","17":"tassonomia-zaira-pt-pt","18":"product_cat-oculos-de-protecao-contra-laser","20":"first","21":"instock","22":"taxable","23":"shipping-taxable","24":"purchasable","25":"product-type-simple"},"acf":[],"_links":{"self":[{"href":"https:\/\/gardalaser.it\/pt-pt\/wp-json\/wp\/v2\/product\/4570","targetHints":{"allow":["GET"]}}],"collection":[{"href":"https:\/\/gardalaser.it\/pt-pt\/wp-json\/wp\/v2\/product"}],"about":[{"href":"https:\/\/gardalaser.it\/pt-pt\/wp-json\/wp\/v2\/types\/product"}],"wp:featuredmedia":[{"embeddable":true,"href":"https:\/\/gardalaser.it\/pt-pt\/wp-json\/wp\/v2\/media\/3420"}],"wp:attachment":[{"href":"https:\/\/gardalaser.it\/pt-pt\/wp-json\/wp\/v2\/media?parent=4570"}],"wp:term":[{"taxonomy":"product_brand","embeddable":true,"href":"https:\/\/gardalaser.it\/pt-pt\/wp-json\/wp\/v2\/product_brand?post=4570"},{"taxonomy":"product_cat","embeddable":true,"href":"https:\/\/gardalaser.it\/pt-pt\/wp-json\/wp\/v2\/product_cat?post=4570"},{"taxonomy":"product_tag","embeddable":true,"href":"https:\/\/gardalaser.it\/pt-pt\/wp-json\/wp\/v2\/product_tag?post=4570"}],"curies":[{"name":"wp","href":"https:\/\/api.w.org\/{rel}","templated":true}]}}