{"id":4567,"date":"2022-05-04T10:45:20","date_gmt":"2022-05-04T08:45:20","guid":{"rendered":"https:\/\/gardalaser.it\/prodotto\/occhiali-per-laser-450nm\/"},"modified":"2024-09-18T14:25:16","modified_gmt":"2024-09-18T12:25:16","slug":"oculos-para-lasers-de-450nm","status":"publish","type":"product","link":"https:\/\/gardalaser.it\/pt-pt\/produto\/oculos-para-lasers-de-450nm\/","title":{"rendered":"\u00d3culos para lasers de 450nm"},"content":{"rendered":"<p><strong>Informa\u00e7\u00f5es sobre o produto<\/strong><\/p>\n<ul>\n<li>Aplica\u00e7\u00e3o: Excimer (193 nm), UV (248 nm), Nd:YAG 3x (355 nm), Nd:YAG 4x (266 nm), D\u00edodo (450 nm), Laser de luz azul (450 &#8211; 480 nm)<\/li>\n<li>VLT (transmiss\u00e3o de luz vis\u00edvel): 76%.<\/li>\n<li>Cor do filtro: amarelo<\/li>\n<li>Material do filtro: pol\u00edmero<\/li>\n<li>Espessura do filtro: 2,0 mm<\/li>\n<li>Cor da arma\u00e7\u00e3o: preto\/branco<\/li>\n<\/ul>\n<p><strong>Arma\u00e7\u00e3o para \u00f3culos ONTOR:<\/strong><\/p>\n<ul>\n<li>\u00f3culos de desporto<\/li>\n<li>campo de vis\u00e3o muito amplo<\/li>\n<li>regula\u00e7\u00e3o individual do comprimento e do \u00e2ngulo das hastes<\/li>\n<li>conforto perfeito gra\u00e7as \u00e0 espuma facial em borracha<\/li>\n<\/ul>\n<p>&nbsp;<\/p>\n<table>\n<tbody>\n<tr>\n<td><strong>Comprimentos de onda<\/strong><\/td>\n<td><strong>N\u00edveis de prote\u00e7\u00e3o<\/strong><\/td>\n<\/tr>\n<tr>\n<td>180-315<\/td>\n<td>D LB10 + IR LB5 + M LB6Y (OD10+)<\/td>\n<\/tr>\n<tr>\n<td><strong>&gt;315-465<\/strong><\/td>\n<td><strong>D LB6 + I LB7 + R LB8 + M LB7Y (OD8+)<\/strong><\/td>\n<\/tr>\n<tr>\n<td><strong>&gt;465-470<\/strong><\/td>\n<td><strong>D LB6 + IR LB7 + M LB7Y (OD7+)<\/strong><\/td>\n<\/tr>\n<tr>\n<td><strong>&gt;470-475<\/strong><\/td>\n<td><strong>DIRM LB5 (OD5+)<\/strong><\/td>\n<\/tr>\n<tr>\n<td>&gt;475-480<\/td>\n<td>DIRM LB4 (OD4+)<\/td>\n<\/tr>\n<tr>\n<td>&gt;480-485<\/td>\n<td>DIRM LB3 (OD3+)<\/td>\n<\/tr>\n<tr>\n<td>&gt;485-490<\/td>\n<td>DIRM LB2 (OD2+)<\/td>\n<\/tr>\n<tr>\n<td>&gt;490-498<\/td>\n<td>DIRM LB1 (OD1+)<\/td>\n<\/tr>\n<tr>\n<td><\/td>\n<td>PFCE<\/td>\n<\/tr>\n<\/tbody>\n<\/table>\n","protected":false},"excerpt":{"rendered":"<p>ONTOR \u00e9 um <strong>\u00f3culos de prote\u00e7\u00e3o laser leve <\/strong>feito de pol\u00edmeros especiais, como a solu\u00e7\u00e3o perfeita para ser usado sobre \u00f3culos graduados. Esta arma\u00e7\u00e3o oferece um amplo campo de vis\u00e3o e prote\u00e7\u00e3o contra impactos laterais. As hastes podem ser ajustadas individualmente e uma espuma facial macia e bem vedada melhora o conforto.<\/p>\n<p><strong>O filtro de seguran\u00e7a para laser 0368 <\/strong>\u00e9 adequado principalmente para <strong>excimer<\/strong>potente <strong>, UV, Nd:YAG harm\u00f3nicos (4x, 3x)<\/strong>e <strong>d\u00edodos, mas o filtro tamb\u00e9m cobre outros comprimentos de onda de laser.<\/strong> O filtro de seguran\u00e7a para laser \u00e9 feito de um pl\u00e1stico amarelo especial e oferece uma transmiss\u00e3o visual da luz (VLT) de 76% e uma espessura de filtro reduzida. O filtro de prote\u00e7\u00e3o contra laser tem <strong>certifica\u00e7\u00e3o CE<\/strong>, em conformidade com os requisitos da <strong>norma EN 207<\/strong>.<\/p>\n<p><strong><a href=\"https:\/\/gardalaser.it\/wp-content\/uploads\/2024\/03\/000-k0368-onto-54-laser-safety-eyewear-ontor-filter-0368-frame-color-black-white-suitable-also-for-spectacles-wearer-.pdf\" target=\"_blank\" rel=\"noopener\">Ver PDF<\/a><\/strong><\/p>\n","protected":false},"featured_media":3519,"template":"","meta":{"_acf_changed":false},"product_brand":[],"product_cat":[192],"product_tag":[],"class_list":{"0":"post-4567","1":"product","2":"type-product","3":"status-publish","4":"has-post-thumbnail","6":"tassonomia-enea-duo-pt-pt","7":"tassonomia-enea-trio-pt-pt","8":"tassonomia-ermes-pt-pt","9":"tassonomia-fisioterapia","10":"tassonomia-ginecologia","11":"tassonomia-higiene-dentaria","12":"tassonomia-medicina-dentaria","13":"tassonomia-otorinolaringoiatria","14":"tassonomia-podologia","15":"tassonomia-veterinaria","16":"product_cat-oculos-de-protecao-contra-laser","18":"first","19":"instock","20":"taxable","21":"shipping-taxable","22":"purchasable","23":"product-type-simple"},"acf":[],"_links":{"self":[{"href":"https:\/\/gardalaser.it\/pt-pt\/wp-json\/wp\/v2\/product\/4567","targetHints":{"allow":["GET"]}}],"collection":[{"href":"https:\/\/gardalaser.it\/pt-pt\/wp-json\/wp\/v2\/product"}],"about":[{"href":"https:\/\/gardalaser.it\/pt-pt\/wp-json\/wp\/v2\/types\/product"}],"wp:featuredmedia":[{"embeddable":true,"href":"https:\/\/gardalaser.it\/pt-pt\/wp-json\/wp\/v2\/media\/3519"}],"wp:attachment":[{"href":"https:\/\/gardalaser.it\/pt-pt\/wp-json\/wp\/v2\/media?parent=4567"}],"wp:term":[{"taxonomy":"product_brand","embeddable":true,"href":"https:\/\/gardalaser.it\/pt-pt\/wp-json\/wp\/v2\/product_brand?post=4567"},{"taxonomy":"product_cat","embeddable":true,"href":"https:\/\/gardalaser.it\/pt-pt\/wp-json\/wp\/v2\/product_cat?post=4567"},{"taxonomy":"product_tag","embeddable":true,"href":"https:\/\/gardalaser.it\/pt-pt\/wp-json\/wp\/v2\/product_tag?post=4567"}],"curies":[{"name":"wp","href":"https:\/\/api.w.org\/{rel}","templated":true}]}}