{"id":4564,"date":"2022-04-21T17:05:58","date_gmt":"2022-04-21T15:05:58","guid":{"rendered":"https:\/\/gardalaser.it\/prodotto\/caricabatterie-pedale-wireless\/"},"modified":"2024-09-18T14:05:29","modified_gmt":"2024-09-18T12:05:29","slug":"carregador-pedal-sem-fios","status":"publish","type":"product","link":"https:\/\/gardalaser.it\/pt-pt\/produto\/carregador-pedal-sem-fios\/","title":{"rendered":"Carregador de pedal sem fios"},"content":{"rendered":"<ul>\n<li>5W (5V 1 A)<\/li>\n<\/ul>\n","protected":false},"excerpt":{"rendered":"<p>Fonte de alimenta\u00e7\u00e3o m\u00e9dica certificada utilizada para carregar a bateria interna do pedal<\/p>\n","protected":false},"featured_media":2705,"template":"","meta":{"_acf_changed":false},"product_brand":[],"product_cat":[191],"product_tag":[],"class_list":{"0":"post-4564","1":"product","2":"type-product","3":"status-publish","4":"has-post-thumbnail","6":"tassonomia-l-e-o-plus-pt-pt","7":"product_cat-mais","9":"first","10":"instock","11":"taxable","12":"shipping-taxable","13":"purchasable","14":"product-type-simple"},"acf":[],"_links":{"self":[{"href":"https:\/\/gardalaser.it\/pt-pt\/wp-json\/wp\/v2\/product\/4564","targetHints":{"allow":["GET"]}}],"collection":[{"href":"https:\/\/gardalaser.it\/pt-pt\/wp-json\/wp\/v2\/product"}],"about":[{"href":"https:\/\/gardalaser.it\/pt-pt\/wp-json\/wp\/v2\/types\/product"}],"wp:featuredmedia":[{"embeddable":true,"href":"https:\/\/gardalaser.it\/pt-pt\/wp-json\/wp\/v2\/media\/2705"}],"wp:attachment":[{"href":"https:\/\/gardalaser.it\/pt-pt\/wp-json\/wp\/v2\/media?parent=4564"}],"wp:term":[{"taxonomy":"product_brand","embeddable":true,"href":"https:\/\/gardalaser.it\/pt-pt\/wp-json\/wp\/v2\/product_brand?post=4564"},{"taxonomy":"product_cat","embeddable":true,"href":"https:\/\/gardalaser.it\/pt-pt\/wp-json\/wp\/v2\/product_cat?post=4564"},{"taxonomy":"product_tag","embeddable":true,"href":"https:\/\/gardalaser.it\/pt-pt\/wp-json\/wp\/v2\/product_tag?post=4564"}],"curies":[{"name":"wp","href":"https:\/\/api.w.org\/{rel}","templated":true}]}}